{"id":74762,"date":"2021-01-22T02:55:28","date_gmt":"2021-01-22T02:55:28","guid":{"rendered":"https:\/\/ifoffice.pt\/produto\/import-placeholder-for-156690\/"},"modified":"2026-04-02T08:29:55","modified_gmt":"2026-04-02T08:29:55","slug":"bandeja-de-secretaria-plastico-q-connect-branco-opaco","status":"publish","type":"product","link":"https:\/\/ifoffice.pt\/?product=bandeja-de-secretaria-plastico-q-connect-branco-opaco","title":{"rendered":"Tabuleiro de secretaria q-connect plastico branco opaco"},"content":{"rendered":"<p>Fabricado em pl\u00e1stico de alta resist\u00eancia, para arquivar e classificar documentos. Dispon\u00edvel em cores opacas e transparentes. Frente ovalizada para permitir f\u00e1cil acesso aos documentos. 1600 microns.  Medidas: 240 x 70 x 340 mm. O tabuleiro.<\/p>\n","protected":false},"excerpt":{"rendered":"<p>PACK DE 6 UNIDADES<\/p>\n","protected":false},"featured_media":116130,"comment_status":"closed","ping_status":"closed","template":"","meta":{"neve_meta_sidebar":"","neve_meta_container":"","neve_meta_enable_content_width":"off","neve_meta_content_width":70,"neve_meta_title_alignment":"","neve_meta_author_avatar":"","neve_post_elements_order":"","neve_meta_disable_header":"","neve_meta_disable_footer":"","neve_meta_disable_title":""},"product_brand":[],"product_cat":[1834],"product_tag":[946],"class_list":{"0":"post-74762","1":"product","2":"type-product","3":"status-publish","4":"has-post-thumbnail","6":"product_cat-tabuleiros-de-secretaria","7":"product_tag-plastico","9":"first","10":"instock","11":"taxable","12":"shipping-taxable","13":"purchasable","14":"product-type-simple"},"_links":{"self":[{"href":"https:\/\/ifoffice.pt\/index.php?rest_route=\/wp\/v2\/product\/74762","targetHints":{"allow":["GET"]}}],"collection":[{"href":"https:\/\/ifoffice.pt\/index.php?rest_route=\/wp\/v2\/product"}],"about":[{"href":"https:\/\/ifoffice.pt\/index.php?rest_route=\/wp\/v2\/types\/product"}],"replies":[{"embeddable":true,"href":"https:\/\/ifoffice.pt\/index.php?rest_route=%2Fwp%2Fv2%2Fcomments&post=74762"}],"wp:featuredmedia":[{"embeddable":true,"href":"https:\/\/ifoffice.pt\/index.php?rest_route=\/wp\/v2\/media\/116130"}],"wp:attachment":[{"href":"https:\/\/ifoffice.pt\/index.php?rest_route=%2Fwp%2Fv2%2Fmedia&parent=74762"}],"wp:term":[{"taxonomy":"product_brand","embeddable":true,"href":"https:\/\/ifoffice.pt\/index.php?rest_route=%2Fwp%2Fv2%2Fproduct_brand&post=74762"},{"taxonomy":"product_cat","embeddable":true,"href":"https:\/\/ifoffice.pt\/index.php?rest_route=%2Fwp%2Fv2%2Fproduct_cat&post=74762"},{"taxonomy":"product_tag","embeddable":true,"href":"https:\/\/ifoffice.pt\/index.php?rest_route=%2Fwp%2Fv2%2Fproduct_tag&post=74762"}],"curies":[{"name":"wp","href":"https:\/\/api.w.org\/{rel}","templated":true}]}}