{"id":74140,"date":"2021-01-22T02:44:54","date_gmt":"2021-01-22T02:44:54","guid":{"rendered":"https:\/\/ifoffice.pt\/produto\/import-placeholder-for-159486\/"},"modified":"2026-02-23T13:03:36","modified_gmt":"2026-02-23T13:03:36","slug":"oculos-de-protecao-panora%c2%a2micos-cor-transparente-certificado-ce","status":"publish","type":"product","link":"https:\/\/ifoffice.pt\/?product=oculos-de-protecao-panora%c2%a2micos-cor-transparente-certificado-ce","title":{"rendered":"Oculos de prote\u00e7\u00e3o panor\u00e2micos cor transparente certificado ce"},"content":{"rendered":"<p>\u00d3culos de prote\u00e7\u00e3o panor\u00e2micos com arma\u00e7\u00e3o fex\u00edvel de PVC. Cinta el\u00e1stica de tecido. Tratamento anti-embaciamento. Tamanho ajust\u00e1vel. Com certificado CE. Cor transparente. Os \u00f3culos.<\/p>\n","protected":false},"excerpt":{"rendered":"<p>Oculos de prote\u00e7\u00e3o panor\u00e2micos cor transparente certificado ce<\/p>\n","protected":false},"featured_media":115900,"comment_status":"closed","ping_status":"closed","template":"","meta":{"neve_meta_sidebar":"","neve_meta_container":"","neve_meta_enable_content_width":"off","neve_meta_content_width":0,"neve_meta_title_alignment":"","neve_meta_author_avatar":"","neve_post_elements_order":"","neve_meta_disable_header":"","neve_meta_disable_footer":"","neve_meta_disable_title":""},"product_brand":[],"product_cat":[1791],"product_tag":[1012,1091],"class_list":{"0":"post-74140","1":"product","2":"type-product","3":"status-publish","4":"has-post-thumbnail","6":"product_cat-prevencao","7":"product_tag-covid","8":"product_tag-oculos","10":"first","11":"instock","12":"taxable","13":"shipping-taxable","14":"purchasable","15":"product-type-simple"},"_links":{"self":[{"href":"https:\/\/ifoffice.pt\/index.php?rest_route=\/wp\/v2\/product\/74140","targetHints":{"allow":["GET"]}}],"collection":[{"href":"https:\/\/ifoffice.pt\/index.php?rest_route=\/wp\/v2\/product"}],"about":[{"href":"https:\/\/ifoffice.pt\/index.php?rest_route=\/wp\/v2\/types\/product"}],"replies":[{"embeddable":true,"href":"https:\/\/ifoffice.pt\/index.php?rest_route=%2Fwp%2Fv2%2Fcomments&post=74140"}],"wp:featuredmedia":[{"embeddable":true,"href":"https:\/\/ifoffice.pt\/index.php?rest_route=\/wp\/v2\/media\/115900"}],"wp:attachment":[{"href":"https:\/\/ifoffice.pt\/index.php?rest_route=%2Fwp%2Fv2%2Fmedia&parent=74140"}],"wp:term":[{"taxonomy":"product_brand","embeddable":true,"href":"https:\/\/ifoffice.pt\/index.php?rest_route=%2Fwp%2Fv2%2Fproduct_brand&post=74140"},{"taxonomy":"product_cat","embeddable":true,"href":"https:\/\/ifoffice.pt\/index.php?rest_route=%2Fwp%2Fv2%2Fproduct_cat&post=74140"},{"taxonomy":"product_tag","embeddable":true,"href":"https:\/\/ifoffice.pt\/index.php?rest_route=%2Fwp%2Fv2%2Fproduct_tag&post=74140"}],"curies":[{"name":"wp","href":"https:\/\/api.w.org\/{rel}","templated":true}]}}