{"id":74136,"date":"2021-01-22T02:44:53","date_gmt":"2021-01-22T02:44:53","guid":{"rendered":"https:\/\/ifoffice.pt\/produto\/import-placeholder-for-159496\/"},"modified":"2026-02-23T13:03:35","modified_gmt":"2026-02-23T13:03:35","slug":"sabao-de-limpeza-para-maos-bactericida-garrafa-de-5-litros","status":"publish","type":"product","link":"https:\/\/ifoffice.pt\/?product=sabao-de-limpeza-para-maos-bactericida-garrafa-de-5-litros","title":{"rendered":"Sab\u00e3o de limpeza para m\u00e3os bactericida garrafa de 5 litros"},"content":{"rendered":"<p>Sab\u00e3o l\u00edquido para as m\u00e3os de cor verde, com propriedades higienizantes, baseado em tensoativos especiais e em principios ativos suavizantes e nutritivos para a limpeza e cuidado da pele. A garrafa de 5 litros.<\/p>\n","protected":false},"excerpt":{"rendered":"<p>Sab\u00e3o de limpeza para m\u00e3os bactericida garrafa de 5 litros<\/p>\n","protected":false},"featured_media":115896,"comment_status":"closed","ping_status":"closed","template":"","meta":{"neve_meta_sidebar":"","neve_meta_container":"","neve_meta_enable_content_width":"off","neve_meta_content_width":0,"neve_meta_title_alignment":"","neve_meta_author_avatar":"","neve_post_elements_order":"","neve_meta_disable_header":"","neve_meta_disable_footer":"","neve_meta_disable_title":""},"product_brand":[],"product_cat":[1792],"product_tag":[1012,886,992],"class_list":{"0":"post-74136","1":"product","2":"type-product","3":"status-publish","4":"has-post-thumbnail","6":"product_cat-produtos-de-limpeza","7":"product_tag-covid","8":"product_tag-higiene-pessoal","9":"product_tag-sabao-de-maos","11":"first","12":"instock","13":"taxable","14":"shipping-taxable","15":"purchasable","16":"product-type-simple"},"_links":{"self":[{"href":"https:\/\/ifoffice.pt\/index.php?rest_route=\/wp\/v2\/product\/74136","targetHints":{"allow":["GET"]}}],"collection":[{"href":"https:\/\/ifoffice.pt\/index.php?rest_route=\/wp\/v2\/product"}],"about":[{"href":"https:\/\/ifoffice.pt\/index.php?rest_route=\/wp\/v2\/types\/product"}],"replies":[{"embeddable":true,"href":"https:\/\/ifoffice.pt\/index.php?rest_route=%2Fwp%2Fv2%2Fcomments&post=74136"}],"wp:featuredmedia":[{"embeddable":true,"href":"https:\/\/ifoffice.pt\/index.php?rest_route=\/wp\/v2\/media\/115896"}],"wp:attachment":[{"href":"https:\/\/ifoffice.pt\/index.php?rest_route=%2Fwp%2Fv2%2Fmedia&parent=74136"}],"wp:term":[{"taxonomy":"product_brand","embeddable":true,"href":"https:\/\/ifoffice.pt\/index.php?rest_route=%2Fwp%2Fv2%2Fproduct_brand&post=74136"},{"taxonomy":"product_cat","embeddable":true,"href":"https:\/\/ifoffice.pt\/index.php?rest_route=%2Fwp%2Fv2%2Fproduct_cat&post=74136"},{"taxonomy":"product_tag","embeddable":true,"href":"https:\/\/ifoffice.pt\/index.php?rest_route=%2Fwp%2Fv2%2Fproduct_tag&post=74136"}],"curies":[{"name":"wp","href":"https:\/\/api.w.org\/{rel}","templated":true}]}}