{"id":74135,"date":"2021-01-22T02:44:53","date_gmt":"2021-01-22T02:44:53","guid":{"rendered":"https:\/\/ifoffice.pt\/produto\/import-placeholder-for-159497\/"},"modified":"2026-02-23T13:03:35","modified_gmt":"2026-02-23T13:03:35","slug":"limpador-bactericida-desbakazul-sem-enxaguar-garrafa-de-5-litros","status":"publish","type":"product","link":"https:\/\/ifoffice.pt\/?product=limpador-bactericida-desbakazul-sem-enxaguar-garrafa-de-5-litros","title":{"rendered":"Limpador bactericida desbakazul sem enxaguar garrafa de 5 litros"},"content":{"rendered":"<p>Produto de limpeza higienizante e desodorizante geral para todos os tipos de superf\u00edcies lav\u00e1veis. Cont\u00e9m am\u00f3nio quatern\u00e1rio para combinar o efeito detergente e desodorizante com um efeito higienizante. Deixa uma pel\u00edcula protetora na superf\u00edcie que impede a recontamina\u00e7\u00e3o. O detergente.<\/p>\n","protected":false},"excerpt":{"rendered":"<p>Limpador bactericida desbakazul sem enxaguar garrafa de 5 litros<\/p>\n","protected":false},"featured_media":115895,"comment_status":"closed","ping_status":"closed","template":"","meta":{"neve_meta_sidebar":"","neve_meta_container":"","neve_meta_enable_content_width":"off","neve_meta_content_width":0,"neve_meta_title_alignment":"","neve_meta_author_avatar":"","neve_post_elements_order":"","neve_meta_disable_header":"","neve_meta_disable_footer":"","neve_meta_disable_title":""},"product_brand":[],"product_cat":[1792],"product_tag":[889],"class_list":{"0":"post-74135","1":"product","2":"type-product","3":"status-publish","4":"has-post-thumbnail","6":"product_cat-produtos-de-limpeza","7":"product_tag-desinfectantes","9":"first","10":"instock","11":"taxable","12":"shipping-taxable","13":"purchasable","14":"product-type-simple"},"_links":{"self":[{"href":"https:\/\/ifoffice.pt\/index.php?rest_route=\/wp\/v2\/product\/74135","targetHints":{"allow":["GET"]}}],"collection":[{"href":"https:\/\/ifoffice.pt\/index.php?rest_route=\/wp\/v2\/product"}],"about":[{"href":"https:\/\/ifoffice.pt\/index.php?rest_route=\/wp\/v2\/types\/product"}],"replies":[{"embeddable":true,"href":"https:\/\/ifoffice.pt\/index.php?rest_route=%2Fwp%2Fv2%2Fcomments&post=74135"}],"wp:featuredmedia":[{"embeddable":true,"href":"https:\/\/ifoffice.pt\/index.php?rest_route=\/wp\/v2\/media\/115895"}],"wp:attachment":[{"href":"https:\/\/ifoffice.pt\/index.php?rest_route=%2Fwp%2Fv2%2Fmedia&parent=74135"}],"wp:term":[{"taxonomy":"product_brand","embeddable":true,"href":"https:\/\/ifoffice.pt\/index.php?rest_route=%2Fwp%2Fv2%2Fproduct_brand&post=74135"},{"taxonomy":"product_cat","embeddable":true,"href":"https:\/\/ifoffice.pt\/index.php?rest_route=%2Fwp%2Fv2%2Fproduct_cat&post=74135"},{"taxonomy":"product_tag","embeddable":true,"href":"https:\/\/ifoffice.pt\/index.php?rest_route=%2Fwp%2Fv2%2Fproduct_tag&post=74135"}],"curies":[{"name":"wp","href":"https:\/\/api.w.org\/{rel}","templated":true}]}}