{"id":74045,"date":"2021-01-22T02:43:45","date_gmt":"2021-01-22T02:43:45","guid":{"rendered":"https:\/\/ifoffice.pt\/produto\/import-placeholder-for-159574\/"},"modified":"2026-02-23T13:03:29","modified_gmt":"2026-02-23T13:03:29","slug":"camara-webcam-ngs-xpresscam300com-microfone-8-mpx-usb-2-0","status":"publish","type":"product","link":"https:\/\/ifoffice.pt\/?product=camara-webcam-ngs-xpresscam300com-microfone-8-mpx-usb-2-0","title":{"rendered":"Camara webcam ngs xpresscam300 com microfone 8 mpx usb 2.0"},"content":{"rendered":"<p>Completa webcam de sensor CMOS de 300kbpx. A velocidade de transmiss\u00e3o de dados permite realizar excelentes v\u00eddeoconfer\u00eancias. Possu\u00ed uma resolu\u00e7\u00e3o de imagem at\u00e9 8mpx e uma de v\u00eddeo at\u00e9 5mpx. A webcam est\u00e1 montada sobre um eixo rotativo que permite focar qualquer canto da habita\u00e7\u00e3o. Zoom e seguimento facial. Disp\u00f5e tamb\u00e9m de captura de v\u00eddeo e imagem. Microfone inclu\u00eddo. A c\u00e2mara.<\/p>\n","protected":false},"excerpt":{"rendered":"<p>Camara webcam ngs xpresscam300 com microfone 8 mpx usb 2.0<\/p>\n","protected":false},"featured_media":115858,"comment_status":"closed","ping_status":"closed","template":"","meta":{"neve_meta_sidebar":"","neve_meta_container":"","neve_meta_enable_content_width":"off","neve_meta_content_width":0,"neve_meta_title_alignment":"","neve_meta_author_avatar":"","neve_post_elements_order":"","neve_meta_disable_header":"","neve_meta_disable_footer":"","neve_meta_disable_title":""},"product_brand":[],"product_cat":[1805],"product_tag":[1078],"class_list":{"0":"post-74045","1":"product","2":"type-product","3":"status-publish","4":"has-post-thumbnail","6":"product_cat-colunas-microfones-webcam","7":"product_tag-cameras-de-video","9":"first","10":"instock","11":"taxable","12":"shipping-taxable","13":"purchasable","14":"product-type-simple"},"_links":{"self":[{"href":"https:\/\/ifoffice.pt\/index.php?rest_route=\/wp\/v2\/product\/74045","targetHints":{"allow":["GET"]}}],"collection":[{"href":"https:\/\/ifoffice.pt\/index.php?rest_route=\/wp\/v2\/product"}],"about":[{"href":"https:\/\/ifoffice.pt\/index.php?rest_route=\/wp\/v2\/types\/product"}],"replies":[{"embeddable":true,"href":"https:\/\/ifoffice.pt\/index.php?rest_route=%2Fwp%2Fv2%2Fcomments&post=74045"}],"wp:featuredmedia":[{"embeddable":true,"href":"https:\/\/ifoffice.pt\/index.php?rest_route=\/wp\/v2\/media\/115858"}],"wp:attachment":[{"href":"https:\/\/ifoffice.pt\/index.php?rest_route=%2Fwp%2Fv2%2Fmedia&parent=74045"}],"wp:term":[{"taxonomy":"product_brand","embeddable":true,"href":"https:\/\/ifoffice.pt\/index.php?rest_route=%2Fwp%2Fv2%2Fproduct_brand&post=74045"},{"taxonomy":"product_cat","embeddable":true,"href":"https:\/\/ifoffice.pt\/index.php?rest_route=%2Fwp%2Fv2%2Fproduct_cat&post=74045"},{"taxonomy":"product_tag","embeddable":true,"href":"https:\/\/ifoffice.pt\/index.php?rest_route=%2Fwp%2Fv2%2Fproduct_tag&post=74045"}],"curies":[{"name":"wp","href":"https:\/\/api.w.org\/{rel}","templated":true}]}}