{"id":73868,"date":"2021-01-22T02:41:32","date_gmt":"2021-01-22T02:41:32","guid":{"rendered":"https:\/\/ifoffice.pt\/produto\/import-placeholder-for-159775\/"},"modified":"2025-03-12T11:22:51","modified_gmt":"2025-03-12T11:22:51","slug":"tapete-desinfetante-q-connect-dois-compartimentos-desinfecao-secagem-80x40-cm","status":"publish","type":"product","link":"https:\/\/ifoffice.pt\/?product=tapete-desinfetante-q-connect-dois-compartimentos-desinfecao-secagem-80x40-cm","title":{"rendered":"Tapete desemfetante q-connect dois compartimentos desemfecao \/ secagem 80&#215;40 cm"},"content":{"rendered":"<p>Tapete desinfectante bicompartimental. Base feita de borracha antiderrapante resistente e dur\u00e1vel, de materiais reciclados. Com duas \u00e1reas independentes e devidamente identificadas para desinfe\u00e7\u00e3o e secagem: \u00e1rea de desinfe\u00e7\u00e3o para verter o l\u00edquido desinfectante (n\u00e3o inclu\u00edda) feita de esponja absorvente, com um tanque para evitar o derrame do l\u00edquido e fixa\u00e7\u00f5es para evitar que escorregue. \u00c1rea de secagem feita de feltro resistente, com fixa\u00e7\u00f5es para evitar o escorregamento. Grande \u00e1rea de marca\u00e7\u00e3o entre os dois compartimentos de almofadas, ideal para a impress\u00e3o de almofadas. Reutiliz\u00e1veis e f\u00e1ceis de limpar ap\u00f3s utiliza\u00e7\u00e3o, com tapetes remov\u00edveis para facilitar a limpeza. Instru\u00e7\u00f5es de montagem inclu\u00eddas. Medidas: 80&#215;40 cm. A unidade.<\/p>\n","protected":false},"excerpt":{"rendered":"<p>Tapete desinfetante q-connect dois compartimentos desinfecao \/ secagem 80&#215;40 cm<\/p>\n","protected":false},"featured_media":115804,"comment_status":"closed","ping_status":"closed","template":"","meta":{"neve_meta_sidebar":"","neve_meta_container":"","neve_meta_enable_content_width":"off","neve_meta_content_width":0,"neve_meta_title_alignment":"","neve_meta_author_avatar":"","neve_post_elements_order":"","neve_meta_disable_header":"","neve_meta_disable_footer":"","neve_meta_disable_title":""},"product_brand":[],"product_cat":[1791],"product_tag":[1054,1012,2639],"class_list":{"0":"post-73868","1":"product","2":"type-product","3":"status-publish","4":"has-post-thumbnail","6":"product_cat-prevencao","7":"product_tag-alfombra-de-suelo","8":"product_tag-covid","9":"product_tag-tapete","11":"first","12":"outofstock","13":"featured","14":"taxable","15":"shipping-taxable","16":"purchasable","17":"product-type-simple"},"_links":{"self":[{"href":"https:\/\/ifoffice.pt\/index.php?rest_route=\/wp\/v2\/product\/73868","targetHints":{"allow":["GET"]}}],"collection":[{"href":"https:\/\/ifoffice.pt\/index.php?rest_route=\/wp\/v2\/product"}],"about":[{"href":"https:\/\/ifoffice.pt\/index.php?rest_route=\/wp\/v2\/types\/product"}],"replies":[{"embeddable":true,"href":"https:\/\/ifoffice.pt\/index.php?rest_route=%2Fwp%2Fv2%2Fcomments&post=73868"}],"wp:featuredmedia":[{"embeddable":true,"href":"https:\/\/ifoffice.pt\/index.php?rest_route=\/wp\/v2\/media\/115804"}],"wp:attachment":[{"href":"https:\/\/ifoffice.pt\/index.php?rest_route=%2Fwp%2Fv2%2Fmedia&parent=73868"}],"wp:term":[{"taxonomy":"product_brand","embeddable":true,"href":"https:\/\/ifoffice.pt\/index.php?rest_route=%2Fwp%2Fv2%2Fproduct_brand&post=73868"},{"taxonomy":"product_cat","embeddable":true,"href":"https:\/\/ifoffice.pt\/index.php?rest_route=%2Fwp%2Fv2%2Fproduct_cat&post=73868"},{"taxonomy":"product_tag","embeddable":true,"href":"https:\/\/ifoffice.pt\/index.php?rest_route=%2Fwp%2Fv2%2Fproduct_tag&post=73868"}],"curies":[{"name":"wp","href":"https:\/\/api.w.org\/{rel}","templated":true}]}}