{"id":73865,"date":"2021-01-22T02:41:32","date_gmt":"2021-01-22T02:41:32","guid":{"rendered":"https:\/\/ifoffice.pt\/produto\/import-placeholder-for-159778\/"},"modified":"2026-02-23T13:03:21","modified_gmt":"2026-02-23T13:03:21","slug":"chaveiro-higienico-anticontacto-bigox-aco-inoxidavel-320x760-cm","status":"publish","type":"product","link":"https:\/\/ifoffice.pt\/?product=chaveiro-higienico-anticontacto-bigox-aco-inoxidavel-320x760-cm","title":{"rendered":"Chaveiro higienico anticontacto bigox aco inoxidavel 3,20&#215;7,60 cm"},"content":{"rendered":"<p>Chaveiro higi\u00e9nico anti-contacto, fabricado em a\u00e7o inoxid\u00e1vel resistente. Especialmente concebido para evitar tocar em superf\u00edcies comuns com as m\u00e3os (puxadores das portas, interruptores, torneiras p\u00fablicas, caixas multibanco&#8230;). Com molde confort\u00e1vel para o dedo. Medidas: 32 x 76 mm. O chaveiro.<\/p>\n","protected":false},"excerpt":{"rendered":"<p>Chaveiro higienico anticontacto bigox aco inoxidavel 3,20&#215;7,60 cm<\/p>\n","protected":false},"featured_media":115801,"comment_status":"closed","ping_status":"closed","template":"","meta":{"neve_meta_sidebar":"","neve_meta_container":"","neve_meta_enable_content_width":"off","neve_meta_content_width":70,"neve_meta_title_alignment":"","neve_meta_author_avatar":"","neve_post_elements_order":"","neve_meta_disable_header":"","neve_meta_disable_footer":"","neve_meta_disable_title":""},"product_brand":[],"product_cat":[1791],"product_tag":[1052,1012],"class_list":{"0":"post-73865","1":"product","2":"type-product","3":"status-publish","4":"has-post-thumbnail","6":"product_cat-prevencao","7":"product_tag-chaveiros","8":"product_tag-covid","10":"first","11":"instock","12":"taxable","13":"shipping-taxable","14":"purchasable","15":"product-type-simple"},"_links":{"self":[{"href":"https:\/\/ifoffice.pt\/index.php?rest_route=\/wp\/v2\/product\/73865","targetHints":{"allow":["GET"]}}],"collection":[{"href":"https:\/\/ifoffice.pt\/index.php?rest_route=\/wp\/v2\/product"}],"about":[{"href":"https:\/\/ifoffice.pt\/index.php?rest_route=\/wp\/v2\/types\/product"}],"replies":[{"embeddable":true,"href":"https:\/\/ifoffice.pt\/index.php?rest_route=%2Fwp%2Fv2%2Fcomments&post=73865"}],"wp:featuredmedia":[{"embeddable":true,"href":"https:\/\/ifoffice.pt\/index.php?rest_route=\/wp\/v2\/media\/115801"}],"wp:attachment":[{"href":"https:\/\/ifoffice.pt\/index.php?rest_route=%2Fwp%2Fv2%2Fmedia&parent=73865"}],"wp:term":[{"taxonomy":"product_brand","embeddable":true,"href":"https:\/\/ifoffice.pt\/index.php?rest_route=%2Fwp%2Fv2%2Fproduct_brand&post=73865"},{"taxonomy":"product_cat","embeddable":true,"href":"https:\/\/ifoffice.pt\/index.php?rest_route=%2Fwp%2Fv2%2Fproduct_cat&post=73865"},{"taxonomy":"product_tag","embeddable":true,"href":"https:\/\/ifoffice.pt\/index.php?rest_route=%2Fwp%2Fv2%2Fproduct_tag&post=73865"}],"curies":[{"name":"wp","href":"https:\/\/api.w.org\/{rel}","templated":true}]}}