{"id":73862,"date":"2021-01-22T02:41:31","date_gmt":"2021-01-22T02:41:31","guid":{"rendered":"https:\/\/ifoffice.pt\/produto\/import-placeholder-for-159782\/"},"modified":"2026-02-23T13:03:21","modified_gmt":"2026-02-23T13:03:21","slug":"visor-de-protecao-q-connect-cartao-formato-vertical-70x100-cm","status":"publish","type":"product","link":"https:\/\/ifoffice.pt\/?product=visor-de-protecao-q-connect-cartao-formato-vertical-70x100-cm","title":{"rendered":"Visor de protecao q-connect cartao formato vertical 70&#215;100 cm"},"content":{"rendered":"<p>Janela de prote\u00e7\u00e3o com perfil de cart\u00e3o. Leve mas est\u00e1vel. Ideal para troca de documentos ou pequenos objetos gra\u00e7as \u00e0 janela central inferior. Inclui duas bases para uma maior estabilidade. Limpar apenas com \u00e1gua e sab\u00e3o. Dispon\u00edvel em duas posi\u00e7\u00f5es. Medidas: 30 x 15 cm. A janela.<\/p>\n","protected":false},"excerpt":{"rendered":"<p>Visor de protecao q-connect cartao formato vertical 70&#215;100 cm<\/p>\n","protected":false},"featured_media":115800,"comment_status":"closed","ping_status":"closed","template":"","meta":{"neve_meta_sidebar":"","neve_meta_container":"","neve_meta_enable_content_width":"off","neve_meta_content_width":0,"neve_meta_title_alignment":"","neve_meta_author_avatar":"","neve_post_elements_order":"","neve_meta_disable_header":"","neve_meta_disable_footer":"","neve_meta_disable_title":""},"product_brand":[],"product_cat":[1793],"product_tag":[894,1012],"class_list":{"0":"post-73862","1":"product","2":"type-product","3":"status-publish","4":"has-post-thumbnail","6":"product_cat-mobiliario-auxiliar","7":"product_tag-acessorio","8":"product_tag-covid","10":"first","11":"instock","12":"taxable","13":"shipping-taxable","14":"purchasable","15":"product-type-simple"},"_links":{"self":[{"href":"https:\/\/ifoffice.pt\/index.php?rest_route=\/wp\/v2\/product\/73862","targetHints":{"allow":["GET"]}}],"collection":[{"href":"https:\/\/ifoffice.pt\/index.php?rest_route=\/wp\/v2\/product"}],"about":[{"href":"https:\/\/ifoffice.pt\/index.php?rest_route=\/wp\/v2\/types\/product"}],"replies":[{"embeddable":true,"href":"https:\/\/ifoffice.pt\/index.php?rest_route=%2Fwp%2Fv2%2Fcomments&post=73862"}],"wp:featuredmedia":[{"embeddable":true,"href":"https:\/\/ifoffice.pt\/index.php?rest_route=\/wp\/v2\/media\/115800"}],"wp:attachment":[{"href":"https:\/\/ifoffice.pt\/index.php?rest_route=%2Fwp%2Fv2%2Fmedia&parent=73862"}],"wp:term":[{"taxonomy":"product_brand","embeddable":true,"href":"https:\/\/ifoffice.pt\/index.php?rest_route=%2Fwp%2Fv2%2Fproduct_brand&post=73862"},{"taxonomy":"product_cat","embeddable":true,"href":"https:\/\/ifoffice.pt\/index.php?rest_route=%2Fwp%2Fv2%2Fproduct_cat&post=73862"},{"taxonomy":"product_tag","embeddable":true,"href":"https:\/\/ifoffice.pt\/index.php?rest_route=%2Fwp%2Fv2%2Fproduct_tag&post=73862"}],"curies":[{"name":"wp","href":"https:\/\/api.w.org\/{rel}","templated":true}]}}