{"id":73699,"date":"2021-01-22T02:39:38","date_gmt":"2021-01-22T02:39:38","guid":{"rendered":"https:\/\/ifoffice.pt\/produto\/import-placeholder-for-159918\/"},"modified":"2026-02-23T13:03:06","modified_gmt":"2026-02-23T13:03:06","slug":"pasta-de-arquivo-de-alavanca-elba-chic-cartao-forrado-pvc-com-rado-din-a4-lombada-de-80-mm-vermelho","status":"publish","type":"product","link":"https:\/\/ifoffice.pt\/?product=pasta-de-arquivo-de-alavanca-elba-chic-cartao-forrado-pvc-com-rado-din-a4-lombada-de-80-mm-vermelho","title":{"rendered":"Pasta de arquivo de alavanca elba chic cartao forrado pvc com rado din a4 lombada de 80 mm vermelho"},"content":{"rendered":"<p>Pasta de arquivo em pl\u00e1stico de grande resist\u00eancia. Etiqueta fixa na lombada, 2 an\u00e9is de 75 mm. Com mecanismo de alavanca, compressor met\u00e1lico, \u00f3culo e Rado\u00ae. Calha larga. Lombada: 80 mm. A pasta de arquivo.<\/p>\n","protected":false},"excerpt":{"rendered":"<p>Pasta de arquivo de alavanca elba chic cartao forrado pvc com rado din a4 lombada de 80 mm vermelho<\/p>\n","protected":false},"featured_media":115706,"comment_status":"closed","ping_status":"closed","template":"","meta":{"neve_meta_sidebar":"","neve_meta_container":"","neve_meta_enable_content_width":"off","neve_meta_content_width":0,"neve_meta_title_alignment":"","neve_meta_author_avatar":"","neve_post_elements_order":"","neve_meta_disable_header":"","neve_meta_disable_footer":"","neve_meta_disable_title":""},"product_brand":[],"product_cat":[1822],"product_tag":[1011],"class_list":{"0":"post-73699","1":"product","2":"type-product","3":"status-publish","4":"has-post-thumbnail","6":"product_cat-pastas-de-arquivo","7":"product_tag-pastas-de-arquivo-de-alavanca","9":"first","10":"instock","11":"taxable","12":"shipping-taxable","13":"purchasable","14":"product-type-simple"},"_links":{"self":[{"href":"https:\/\/ifoffice.pt\/index.php?rest_route=\/wp\/v2\/product\/73699","targetHints":{"allow":["GET"]}}],"collection":[{"href":"https:\/\/ifoffice.pt\/index.php?rest_route=\/wp\/v2\/product"}],"about":[{"href":"https:\/\/ifoffice.pt\/index.php?rest_route=\/wp\/v2\/types\/product"}],"replies":[{"embeddable":true,"href":"https:\/\/ifoffice.pt\/index.php?rest_route=%2Fwp%2Fv2%2Fcomments&post=73699"}],"wp:featuredmedia":[{"embeddable":true,"href":"https:\/\/ifoffice.pt\/index.php?rest_route=\/wp\/v2\/media\/115706"}],"wp:attachment":[{"href":"https:\/\/ifoffice.pt\/index.php?rest_route=%2Fwp%2Fv2%2Fmedia&parent=73699"}],"wp:term":[{"taxonomy":"product_brand","embeddable":true,"href":"https:\/\/ifoffice.pt\/index.php?rest_route=%2Fwp%2Fv2%2Fproduct_brand&post=73699"},{"taxonomy":"product_cat","embeddable":true,"href":"https:\/\/ifoffice.pt\/index.php?rest_route=%2Fwp%2Fv2%2Fproduct_cat&post=73699"},{"taxonomy":"product_tag","embeddable":true,"href":"https:\/\/ifoffice.pt\/index.php?rest_route=%2Fwp%2Fv2%2Fproduct_tag&post=73699"}],"curies":[{"name":"wp","href":"https:\/\/api.w.org\/{rel}","templated":true}]}}