{"id":73631,"date":"2021-01-22T02:37:24","date_gmt":"2021-01-22T02:37:24","guid":{"rendered":"https:\/\/ifoffice.pt\/produto\/import-placeholder-for-159951\/"},"modified":"2026-02-23T13:03:04","modified_gmt":"2026-02-23T13:03:04","slug":"limpa-chao-dahi-aroma-limao-garrafa-de-5-litros","status":"publish","type":"product","link":"https:\/\/ifoffice.pt\/?product=limpa-chao-dahi-aroma-limao-garrafa-de-5-litros","title":{"rendered":"Limpa chao dahi aroma limao garrafa de 5 litros"},"content":{"rendered":"<p>Produto concentrado para a limpeza de todo tipo de superf\u00edcies em geral. Cont\u00e9m um agrad\u00e1vel perfume a lim\u00e3o que permanece no ambiente. A sua f\u00f3rmula inclui potentes tensioativos que facilitam a elimina\u00e7\u00e3o de sujidade. pH 7,0 \u00b1 0,5.  A garrafa.<\/p>\n","protected":false},"excerpt":{"rendered":"<p>Limpa chao dahi aroma limao garrafa de 5 litros<\/p>\n","protected":false},"featured_media":115681,"comment_status":"closed","ping_status":"closed","template":"","meta":{"neve_meta_sidebar":"","neve_meta_container":"","neve_meta_enable_content_width":"off","neve_meta_content_width":0,"neve_meta_title_alignment":"","neve_meta_author_avatar":"","neve_post_elements_order":"","neve_meta_disable_header":"","neve_meta_disable_footer":"","neve_meta_disable_title":""},"product_brand":[],"product_cat":[1792],"product_tag":[975],"class_list":{"0":"post-73631","1":"product","2":"type-product","3":"status-publish","4":"has-post-thumbnail","6":"product_cat-produtos-de-limpeza","7":"product_tag-garrafa","9":"first","10":"instock","11":"taxable","12":"shipping-taxable","13":"purchasable","14":"product-type-simple"},"_links":{"self":[{"href":"https:\/\/ifoffice.pt\/index.php?rest_route=\/wp\/v2\/product\/73631","targetHints":{"allow":["GET"]}}],"collection":[{"href":"https:\/\/ifoffice.pt\/index.php?rest_route=\/wp\/v2\/product"}],"about":[{"href":"https:\/\/ifoffice.pt\/index.php?rest_route=\/wp\/v2\/types\/product"}],"replies":[{"embeddable":true,"href":"https:\/\/ifoffice.pt\/index.php?rest_route=%2Fwp%2Fv2%2Fcomments&post=73631"}],"wp:featuredmedia":[{"embeddable":true,"href":"https:\/\/ifoffice.pt\/index.php?rest_route=\/wp\/v2\/media\/115681"}],"wp:attachment":[{"href":"https:\/\/ifoffice.pt\/index.php?rest_route=%2Fwp%2Fv2%2Fmedia&parent=73631"}],"wp:term":[{"taxonomy":"product_brand","embeddable":true,"href":"https:\/\/ifoffice.pt\/index.php?rest_route=%2Fwp%2Fv2%2Fproduct_brand&post=73631"},{"taxonomy":"product_cat","embeddable":true,"href":"https:\/\/ifoffice.pt\/index.php?rest_route=%2Fwp%2Fv2%2Fproduct_cat&post=73631"},{"taxonomy":"product_tag","embeddable":true,"href":"https:\/\/ifoffice.pt\/index.php?rest_route=%2Fwp%2Fv2%2Fproduct_tag&post=73631"}],"curies":[{"name":"wp","href":"https:\/\/api.w.org\/{rel}","templated":true}]}}