{"id":73627,"date":"2021-01-22T02:37:23","date_gmt":"2021-01-22T02:37:23","guid":{"rendered":"https:\/\/ifoffice.pt\/produto\/import-placeholder-for-159955\/"},"modified":"2025-03-12T11:22:30","modified_gmt":"2025-03-12T11:22:30","slug":"sabao-liquido-lava-maos-dahi-bactericida-garrafa-de-25-litros","status":"publish","type":"product","link":"https:\/\/ifoffice.pt\/?product=sabao-liquido-lava-maos-dahi-bactericida-garrafa-de-25-litros","title":{"rendered":"Sab\u00e3o liquido lava maos dahi bactericida garrafa de 25 litros"},"content":{"rendered":"<p>Sab\u00e3o l\u00edquido bactericida para m\u00e3os, de cor verde, com propriedades higienizantes, \u00e0 base de tensoativos especiais e em principios ativos suavizantes e nutritivos para a limpeza e cuidado da pele.  A garrafa de 25 litros.<\/p>\n","protected":false},"excerpt":{"rendered":"<p>Sab\u00e0o liquido lava maos dahi bactericida garrafa de 25 litros<\/p>\n","protected":false},"featured_media":115677,"comment_status":"closed","ping_status":"closed","template":"","meta":{"neve_meta_sidebar":"","neve_meta_container":"","neve_meta_enable_content_width":"off","neve_meta_content_width":0,"neve_meta_title_alignment":"","neve_meta_author_avatar":"","neve_post_elements_order":"","neve_meta_disable_header":"","neve_meta_disable_footer":"","neve_meta_disable_title":""},"product_brand":[],"product_cat":[15],"product_tag":[1012,992],"class_list":{"0":"post-73627","1":"product","2":"type-product","3":"status-publish","4":"has-post-thumbnail","6":"product_cat-uncategorized","7":"product_tag-covid","8":"product_tag-sabao-de-maos","10":"first","11":"outofstock","12":"taxable","13":"shipping-taxable","14":"purchasable","15":"product-type-simple"},"_links":{"self":[{"href":"https:\/\/ifoffice.pt\/index.php?rest_route=\/wp\/v2\/product\/73627","targetHints":{"allow":["GET"]}}],"collection":[{"href":"https:\/\/ifoffice.pt\/index.php?rest_route=\/wp\/v2\/product"}],"about":[{"href":"https:\/\/ifoffice.pt\/index.php?rest_route=\/wp\/v2\/types\/product"}],"replies":[{"embeddable":true,"href":"https:\/\/ifoffice.pt\/index.php?rest_route=%2Fwp%2Fv2%2Fcomments&post=73627"}],"wp:featuredmedia":[{"embeddable":true,"href":"https:\/\/ifoffice.pt\/index.php?rest_route=\/wp\/v2\/media\/115677"}],"wp:attachment":[{"href":"https:\/\/ifoffice.pt\/index.php?rest_route=%2Fwp%2Fv2%2Fmedia&parent=73627"}],"wp:term":[{"taxonomy":"product_brand","embeddable":true,"href":"https:\/\/ifoffice.pt\/index.php?rest_route=%2Fwp%2Fv2%2Fproduct_brand&post=73627"},{"taxonomy":"product_cat","embeddable":true,"href":"https:\/\/ifoffice.pt\/index.php?rest_route=%2Fwp%2Fv2%2Fproduct_cat&post=73627"},{"taxonomy":"product_tag","embeddable":true,"href":"https:\/\/ifoffice.pt\/index.php?rest_route=%2Fwp%2Fv2%2Fproduct_tag&post=73627"}],"curies":[{"name":"wp","href":"https:\/\/api.w.org\/{rel}","templated":true}]}}