{"id":73516,"date":"2021-01-22T02:36:32","date_gmt":"2021-01-22T02:36:32","guid":{"rendered":"https:\/\/ifoffice.pt\/produto\/import-placeholder-for-160135\/"},"modified":"2025-03-12T11:22:17","modified_gmt":"2025-03-12T11:22:17","slug":"esferografica-allure-pastel-verde","status":"publish","type":"product","link":"https:\/\/ifoffice.pt\/?product=esferografica-allure-pastel-verde","title":{"rendered":"Esferografica parker allure pastel verde"},"content":{"rendered":"<p>Linha funcional, elegante e sofisticada. O corpo e a tampa est\u00e3o lacados com cores pastel. Apresenta-se em estojo de oferta. A cole\u00e7\u00e3o.<\/p>\n","protected":false},"excerpt":{"rendered":"<p>Esferografica allure pastel verde<\/p>\n","protected":false},"featured_media":115541,"comment_status":"closed","ping_status":"closed","template":"","meta":{"neve_meta_sidebar":"","neve_meta_container":"","neve_meta_enable_content_width":"off","neve_meta_content_width":0,"neve_meta_title_alignment":"","neve_meta_author_avatar":"","neve_post_elements_order":"","neve_meta_disable_header":"","neve_meta_disable_footer":"","neve_meta_disable_title":""},"product_brand":[],"product_cat":[1762],"product_tag":[961],"class_list":{"0":"post-73516","1":"product","2":"type-product","3":"status-publish","4":"has-post-thumbnail","6":"product_cat-estojo-parker","7":"product_tag-waterman","9":"first","10":"outofstock","11":"taxable","12":"shipping-taxable","13":"purchasable","14":"product-type-simple"},"_links":{"self":[{"href":"https:\/\/ifoffice.pt\/index.php?rest_route=\/wp\/v2\/product\/73516","targetHints":{"allow":["GET"]}}],"collection":[{"href":"https:\/\/ifoffice.pt\/index.php?rest_route=\/wp\/v2\/product"}],"about":[{"href":"https:\/\/ifoffice.pt\/index.php?rest_route=\/wp\/v2\/types\/product"}],"replies":[{"embeddable":true,"href":"https:\/\/ifoffice.pt\/index.php?rest_route=%2Fwp%2Fv2%2Fcomments&post=73516"}],"wp:featuredmedia":[{"embeddable":true,"href":"https:\/\/ifoffice.pt\/index.php?rest_route=\/wp\/v2\/media\/115541"}],"wp:attachment":[{"href":"https:\/\/ifoffice.pt\/index.php?rest_route=%2Fwp%2Fv2%2Fmedia&parent=73516"}],"wp:term":[{"taxonomy":"product_brand","embeddable":true,"href":"https:\/\/ifoffice.pt\/index.php?rest_route=%2Fwp%2Fv2%2Fproduct_brand&post=73516"},{"taxonomy":"product_cat","embeddable":true,"href":"https:\/\/ifoffice.pt\/index.php?rest_route=%2Fwp%2Fv2%2Fproduct_cat&post=73516"},{"taxonomy":"product_tag","embeddable":true,"href":"https:\/\/ifoffice.pt\/index.php?rest_route=%2Fwp%2Fv2%2Fproduct_tag&post=73516"}],"curies":[{"name":"wp","href":"https:\/\/api.w.org\/{rel}","templated":true}]}}