{"id":73476,"date":"2021-01-22T02:33:56","date_gmt":"2021-01-22T02:33:56","guid":{"rendered":"https:\/\/ifoffice.pt\/produto\/import-placeholder-for-160156\/"},"modified":"2026-02-23T13:02:34","modified_gmt":"2026-02-23T13:02:34","slug":"protetor-auditivo-faru-basico-diadema-altura-regulavel","status":"publish","type":"product","link":"https:\/\/ifoffice.pt\/?product=protetor-auditivo-faru-basico-diadema-altura-regulavel","title":{"rendered":"Protetor auditivo faru basico diadema altura regulavel"},"content":{"rendered":"<p>Protetor auditivo b\u00e1sico, regul\u00e1vel em altura. Livre de partes met\u00e1licas. Leve e resistente. Cor vermelha.  O protetor.<\/p>\n","protected":false},"excerpt":{"rendered":"<p>Protetor auditivo faru basico diadema altura regulavel<\/p>\n","protected":false},"featured_media":115529,"comment_status":"closed","ping_status":"closed","template":"","meta":{"neve_meta_sidebar":"","neve_meta_container":"","neve_meta_enable_content_width":"off","neve_meta_content_width":0,"neve_meta_title_alignment":"","neve_meta_author_avatar":"","neve_post_elements_order":"","neve_meta_disable_header":"","neve_meta_disable_footer":"","neve_meta_disable_title":""},"product_brand":[],"product_cat":[1791],"product_tag":[959],"class_list":{"0":"post-73476","1":"product","2":"type-product","3":"status-publish","4":"has-post-thumbnail","6":"product_cat-prevencao","7":"product_tag-protector-auditivo","9":"first","10":"instock","11":"taxable","12":"shipping-taxable","13":"purchasable","14":"product-type-simple"},"_links":{"self":[{"href":"https:\/\/ifoffice.pt\/index.php?rest_route=\/wp\/v2\/product\/73476","targetHints":{"allow":["GET"]}}],"collection":[{"href":"https:\/\/ifoffice.pt\/index.php?rest_route=\/wp\/v2\/product"}],"about":[{"href":"https:\/\/ifoffice.pt\/index.php?rest_route=\/wp\/v2\/types\/product"}],"replies":[{"embeddable":true,"href":"https:\/\/ifoffice.pt\/index.php?rest_route=%2Fwp%2Fv2%2Fcomments&post=73476"}],"wp:featuredmedia":[{"embeddable":true,"href":"https:\/\/ifoffice.pt\/index.php?rest_route=\/wp\/v2\/media\/115529"}],"wp:attachment":[{"href":"https:\/\/ifoffice.pt\/index.php?rest_route=%2Fwp%2Fv2%2Fmedia&parent=73476"}],"wp:term":[{"taxonomy":"product_brand","embeddable":true,"href":"https:\/\/ifoffice.pt\/index.php?rest_route=%2Fwp%2Fv2%2Fproduct_brand&post=73476"},{"taxonomy":"product_cat","embeddable":true,"href":"https:\/\/ifoffice.pt\/index.php?rest_route=%2Fwp%2Fv2%2Fproduct_cat&post=73476"},{"taxonomy":"product_tag","embeddable":true,"href":"https:\/\/ifoffice.pt\/index.php?rest_route=%2Fwp%2Fv2%2Fproduct_tag&post=73476"}],"curies":[{"name":"wp","href":"https:\/\/api.w.org\/{rel}","templated":true}]}}