{"id":73446,"date":"2021-01-22T02:33:35","date_gmt":"2021-01-22T02:33:35","guid":{"rendered":"https:\/\/ifoffice.pt\/produto\/import-placeholder-for-160181\/"},"modified":"2026-02-23T13:02:32","modified_gmt":"2026-02-23T13:02:32","slug":"detergente-desinfetante-sanytol-limpeza-domestica-multisuperficies-frasco-de-1200-ml","status":"publish","type":"product","link":"https:\/\/ifoffice.pt\/?product=detergente-desinfetante-sanytol-limpeza-domestica-multisuperficies-frasco-de-1200-ml","title":{"rendered":"Detergente desemfetante sanytol limpeza domestica multisuperficies frasco de 1200 ml"},"content":{"rendered":"<p>Produto de limpeza desinfetante multi-superf\u00edcies eficaz contra as bact\u00e9rias mais comuns (como S. aureus ou E-coli) e fungos em casa (como os que causam Candid\u00edase ou bolor vegetal). Foi tamb\u00e9m comprovadamente eficaz contra o v\u00edrus da gripe A (H1N1), coronav\u00edrus humano, e herpes simplex tipo 1. Remove a sujidade sem esfor\u00e7o e tamb\u00e9m desinfeta completamente. Em uso dilu\u00eddo \u00e9 ideal para a limpeza de pavimentos e grandes superf\u00edcies como portas ou azulejos. Em uso direto, desinfeta e remove a sujidade obstinada, adequada para todos os tipos de pavimentos, mesmo os delicados como o parquet ou a m\u00e1rmore. Todos os tipos de superf\u00edcies tais como lavat\u00f3rios, banheiras, lavat\u00f3rios, bancadas. O frasco.<\/p>\n","protected":false},"excerpt":{"rendered":"<p>Detergente desemfetante sanytol limpeza domestica multisuperficies frasco de 1200 ml<\/p>\n","protected":false},"featured_media":115519,"comment_status":"closed","ping_status":"closed","template":"","meta":{"neve_meta_sidebar":"","neve_meta_container":"","neve_meta_enable_content_width":"off","neve_meta_content_width":0,"neve_meta_title_alignment":"","neve_meta_author_avatar":"","neve_post_elements_order":"","neve_meta_disable_header":"","neve_meta_disable_footer":"","neve_meta_disable_title":""},"product_brand":[],"product_cat":[1792],"product_tag":[956,1012,889],"class_list":{"0":"post-73446","1":"product","2":"type-product","3":"status-publish","4":"has-post-thumbnail","6":"product_cat-produtos-de-limpeza","7":"product_tag-1200-ml","8":"product_tag-covid","9":"product_tag-desinfectantes","11":"first","12":"instock","13":"taxable","14":"shipping-taxable","15":"purchasable","16":"product-type-simple"},"_links":{"self":[{"href":"https:\/\/ifoffice.pt\/index.php?rest_route=\/wp\/v2\/product\/73446","targetHints":{"allow":["GET"]}}],"collection":[{"href":"https:\/\/ifoffice.pt\/index.php?rest_route=\/wp\/v2\/product"}],"about":[{"href":"https:\/\/ifoffice.pt\/index.php?rest_route=\/wp\/v2\/types\/product"}],"replies":[{"embeddable":true,"href":"https:\/\/ifoffice.pt\/index.php?rest_route=%2Fwp%2Fv2%2Fcomments&post=73446"}],"wp:featuredmedia":[{"embeddable":true,"href":"https:\/\/ifoffice.pt\/index.php?rest_route=\/wp\/v2\/media\/115519"}],"wp:attachment":[{"href":"https:\/\/ifoffice.pt\/index.php?rest_route=%2Fwp%2Fv2%2Fmedia&parent=73446"}],"wp:term":[{"taxonomy":"product_brand","embeddable":true,"href":"https:\/\/ifoffice.pt\/index.php?rest_route=%2Fwp%2Fv2%2Fproduct_brand&post=73446"},{"taxonomy":"product_cat","embeddable":true,"href":"https:\/\/ifoffice.pt\/index.php?rest_route=%2Fwp%2Fv2%2Fproduct_cat&post=73446"},{"taxonomy":"product_tag","embeddable":true,"href":"https:\/\/ifoffice.pt\/index.php?rest_route=%2Fwp%2Fv2%2Fproduct_tag&post=73446"}],"curies":[{"name":"wp","href":"https:\/\/api.w.org\/{rel}","templated":true}]}}