{"id":73443,"date":"2021-01-22T02:33:35","date_gmt":"2021-01-22T02:33:35","guid":{"rendered":"https:\/\/ifoffice.pt\/produto\/import-placeholder-for-160184\/"},"modified":"2026-02-23T13:02:31","modified_gmt":"2026-02-23T13:02:31","slug":"toalhita-desinfetante-sanytol-biodegradavel-pacote-de-24-unidades","status":"publish","type":"product","link":"https:\/\/ifoffice.pt\/?product=toalhita-desinfetante-sanytol-biodegradavel-pacote-de-24-unidades","title":{"rendered":"Toalhita desinfetante sanytol biodegradavel pacote de 30 unidades"},"content":{"rendered":"<p>Toalhitas desinfetantes multi-superf\u00edcies que matam 99,9% dos germes de forma r\u00e1pida e conveniente. Eficaz contra as bact\u00e9rias e fungos mais comuns em casa. N\u00e3o mancha nem danifica superf\u00edcies delicadas, tais como madeira ou m\u00e1rmore. Toalhitas biodegrad\u00e1veis. Dermatologicamente testado.  Pack de 24 toalhitas.<\/p>\n","protected":false},"excerpt":{"rendered":"<p>Toalhita desinfetante sanytol biodegradavel pacote de 30 unidades<\/p>\n","protected":false},"featured_media":115516,"comment_status":"closed","ping_status":"closed","template":"","meta":{"neve_meta_sidebar":"","neve_meta_container":"","neve_meta_enable_content_width":"off","neve_meta_content_width":0,"neve_meta_title_alignment":"","neve_meta_author_avatar":"","neve_post_elements_order":"","neve_meta_disable_header":"","neve_meta_disable_footer":"","neve_meta_disable_title":""},"product_brand":[],"product_cat":[1791],"product_tag":[1012,889,887],"class_list":{"0":"post-73443","1":"product","2":"type-product","3":"status-publish","4":"has-post-thumbnail","6":"product_cat-prevencao","7":"product_tag-covid","8":"product_tag-desinfectantes","9":"product_tag-outros","11":"first","12":"instock","13":"featured","14":"taxable","15":"shipping-taxable","16":"purchasable","17":"product-type-simple"},"_links":{"self":[{"href":"https:\/\/ifoffice.pt\/index.php?rest_route=\/wp\/v2\/product\/73443","targetHints":{"allow":["GET"]}}],"collection":[{"href":"https:\/\/ifoffice.pt\/index.php?rest_route=\/wp\/v2\/product"}],"about":[{"href":"https:\/\/ifoffice.pt\/index.php?rest_route=\/wp\/v2\/types\/product"}],"replies":[{"embeddable":true,"href":"https:\/\/ifoffice.pt\/index.php?rest_route=%2Fwp%2Fv2%2Fcomments&post=73443"}],"wp:featuredmedia":[{"embeddable":true,"href":"https:\/\/ifoffice.pt\/index.php?rest_route=\/wp\/v2\/media\/115516"}],"wp:attachment":[{"href":"https:\/\/ifoffice.pt\/index.php?rest_route=%2Fwp%2Fv2%2Fmedia&parent=73443"}],"wp:term":[{"taxonomy":"product_brand","embeddable":true,"href":"https:\/\/ifoffice.pt\/index.php?rest_route=%2Fwp%2Fv2%2Fproduct_brand&post=73443"},{"taxonomy":"product_cat","embeddable":true,"href":"https:\/\/ifoffice.pt\/index.php?rest_route=%2Fwp%2Fv2%2Fproduct_cat&post=73443"},{"taxonomy":"product_tag","embeddable":true,"href":"https:\/\/ifoffice.pt\/index.php?rest_route=%2Fwp%2Fv2%2Fproduct_tag&post=73443"}],"curies":[{"name":"wp","href":"https:\/\/api.w.org\/{rel}","templated":true}]}}