{"id":73390,"date":"2021-01-22T02:32:50","date_gmt":"2021-01-22T02:32:50","guid":{"rendered":"https:\/\/ifoffice.pt\/produto\/import-placeholder-for-160308\/"},"modified":"2025-03-12T14:36:22","modified_gmt":"2025-03-12T14:36:22","slug":"auricular-plantronics-blackwire-3310-diadema-monaural-cable-usb-a","status":"publish","type":"product","link":"https:\/\/ifoffice.pt\/?product=auricular-plantronics-blackwire-3310-diadema-monaural-cable-usb-a","title":{"rendered":"Auricular plantronics blackwire 3310 diadema monaural cabo usb-a"},"content":{"rendered":"<p>Audio de qualidade e cancelamento de ru\u00eddo num microfone flev\u00edvel. Efici\u00eancia e ergonomia. Conecta-se ao PC atrav\u00e9s de USB \/ USB-C e a outros dispositivos que admitem USB-C. Op\u00e7\u00e3o Standard ou Microsoft TEAMS. Diadema acolchoada. Compat\u00edvel com Windows ou Mac OS. Resposta de frequ\u00eancia de rece\u00e7\u00e3o audio de PC: Dynamic EQ OTIMIZADO para telefone de voz de banda larga para PC at\u00e9 6.8kHz ou para multim\u00e9dia de 20Hz a 20KHz. Prote\u00e7\u00e3o auditiva SoundGuard contra picos de sons superiores a 118 dBA. O suporte G616 limita o n\u00edvel a 102 dBSPL. Resposta de frequ\u00eancia de microfone de audio para PC100Hz a 10kHz OTIMIZADO para audio de banda larga para PC at\u00e9 6.8kHz. Fun\u00e7\u00f5es: controlo remoto de chamadas, resposta, ignorar, finalizar, reter, voltar a marcar, silenciar, volume +\/-. Peso: 102 g.  O auricular.<\/p>\n","protected":false},"excerpt":{"rendered":"<p>Auricular plantronics blackwire 3310 diadema monaural cable usb-a<\/p>\n","protected":false},"featured_media":115446,"comment_status":"closed","ping_status":"closed","template":"","meta":{"neve_meta_sidebar":"","neve_meta_container":"","neve_meta_enable_content_width":"off","neve_meta_content_width":0,"neve_meta_title_alignment":"","neve_meta_author_avatar":"","neve_post_elements_order":"","neve_meta_disable_header":"","neve_meta_disable_footer":"","neve_meta_disable_title":""},"product_brand":[],"product_cat":[1805],"product_tag":[937],"class_list":{"0":"post-73390","1":"product","2":"type-product","3":"status-publish","4":"has-post-thumbnail","6":"product_cat-colunas-microfones-webcam","7":"product_tag-auriculares","9":"first","10":"instock","11":"taxable","12":"shipping-taxable","13":"purchasable","14":"product-type-simple"},"_links":{"self":[{"href":"https:\/\/ifoffice.pt\/index.php?rest_route=\/wp\/v2\/product\/73390","targetHints":{"allow":["GET"]}}],"collection":[{"href":"https:\/\/ifoffice.pt\/index.php?rest_route=\/wp\/v2\/product"}],"about":[{"href":"https:\/\/ifoffice.pt\/index.php?rest_route=\/wp\/v2\/types\/product"}],"replies":[{"embeddable":true,"href":"https:\/\/ifoffice.pt\/index.php?rest_route=%2Fwp%2Fv2%2Fcomments&post=73390"}],"wp:featuredmedia":[{"embeddable":true,"href":"https:\/\/ifoffice.pt\/index.php?rest_route=\/wp\/v2\/media\/115446"}],"wp:attachment":[{"href":"https:\/\/ifoffice.pt\/index.php?rest_route=%2Fwp%2Fv2%2Fmedia&parent=73390"}],"wp:term":[{"taxonomy":"product_brand","embeddable":true,"href":"https:\/\/ifoffice.pt\/index.php?rest_route=%2Fwp%2Fv2%2Fproduct_brand&post=73390"},{"taxonomy":"product_cat","embeddable":true,"href":"https:\/\/ifoffice.pt\/index.php?rest_route=%2Fwp%2Fv2%2Fproduct_cat&post=73390"},{"taxonomy":"product_tag","embeddable":true,"href":"https:\/\/ifoffice.pt\/index.php?rest_route=%2Fwp%2Fv2%2Fproduct_tag&post=73390"}],"curies":[{"name":"wp","href":"https:\/\/api.w.org\/{rel}","templated":true}]}}