{"id":72682,"date":"2021-01-22T02:25:01","date_gmt":"2021-01-22T02:25:01","guid":{"rendered":"https:\/\/ifoffice.pt\/produto\/import-placeholder-for-900166\/"},"modified":"2026-02-23T14:48:40","modified_gmt":"2026-02-23T14:48:40","slug":"roller-pentel-bl77-07-mm-energel-retratil-rosa","status":"publish","type":"product","link":"https:\/\/ifoffice.pt\/?product=roller-pentel-bl77-07-mm-energel-retratil-rosa","title":{"rendered":"Roller pentel bl77 0,7 mm energel retratil rosa"},"content":{"rendered":"<p>A melhor qualidade de tinta l\u00edquida, proporcionando ultra suavidade e r\u00e1pida secagem do gel. O grip de borracha d\u00e1-lhe conforto durante horas de escrita. Design inovador com clip. 550 metros de dist\u00e2ncia de escrita. Ponta de 0,7 mm. Usa recargas LR7. Ver em recargas.<\/p>\n","protected":false},"excerpt":{"rendered":"<p>PACK DE 12 UNIDADES<\/p>\n","protected":false},"featured_media":112300,"comment_status":"closed","ping_status":"closed","template":"","meta":{"neve_meta_sidebar":"","neve_meta_container":"","neve_meta_enable_content_width":"off","neve_meta_content_width":0,"neve_meta_title_alignment":"","neve_meta_author_avatar":"","neve_post_elements_order":"","neve_meta_disable_header":"","neve_meta_disable_footer":"","neve_meta_disable_title":""},"product_brand":[],"product_cat":[1767],"product_tag":[815],"class_list":{"0":"post-72682","1":"product","2":"type-product","3":"status-publish","4":"has-post-thumbnail","6":"product_cat-marcadores-roller","7":"product_tag-retratil","9":"first","10":"instock","11":"taxable","12":"shipping-taxable","13":"purchasable","14":"product-type-simple"},"_links":{"self":[{"href":"https:\/\/ifoffice.pt\/index.php?rest_route=\/wp\/v2\/product\/72682","targetHints":{"allow":["GET"]}}],"collection":[{"href":"https:\/\/ifoffice.pt\/index.php?rest_route=\/wp\/v2\/product"}],"about":[{"href":"https:\/\/ifoffice.pt\/index.php?rest_route=\/wp\/v2\/types\/product"}],"replies":[{"embeddable":true,"href":"https:\/\/ifoffice.pt\/index.php?rest_route=%2Fwp%2Fv2%2Fcomments&post=72682"}],"wp:featuredmedia":[{"embeddable":true,"href":"https:\/\/ifoffice.pt\/index.php?rest_route=\/wp\/v2\/media\/112300"}],"wp:attachment":[{"href":"https:\/\/ifoffice.pt\/index.php?rest_route=%2Fwp%2Fv2%2Fmedia&parent=72682"}],"wp:term":[{"taxonomy":"product_brand","embeddable":true,"href":"https:\/\/ifoffice.pt\/index.php?rest_route=%2Fwp%2Fv2%2Fproduct_brand&post=72682"},{"taxonomy":"product_cat","embeddable":true,"href":"https:\/\/ifoffice.pt\/index.php?rest_route=%2Fwp%2Fv2%2Fproduct_cat&post=72682"},{"taxonomy":"product_tag","embeddable":true,"href":"https:\/\/ifoffice.pt\/index.php?rest_route=%2Fwp%2Fv2%2Fproduct_tag&post=72682"}],"curies":[{"name":"wp","href":"https:\/\/api.w.org\/{rel}","templated":true}]}}