{"id":72668,"date":"2021-01-22T02:24:55","date_gmt":"2021-01-22T02:24:55","guid":{"rendered":"https:\/\/ifoffice.pt\/produto\/import-placeholder-for-900769\/"},"modified":"2025-05-21T08:48:13","modified_gmt":"2025-05-21T08:48:13","slug":"esferografica-pentel-retratil-bx417-cor-preta","status":"publish","type":"product","link":"https:\/\/ifoffice.pt\/?product=esferografica-pentel-retratil-bx417-cor-preta","title":{"rendered":"Esferografica pentel retratil bx417 cor preta"},"content":{"rendered":"<p>A tinta inovadora de baixa viscosidade d\u00e1 uma sensa\u00e7\u00e3o de escrita suave. O seu corpo facilita a reten\u00e7\u00e3o, e a ader\u00eancia da borracha sem l\u00e1tex permite um conforto na escrita. Esferogr\u00e1fica retr\u00e1til com 8 cores dispon\u00edveis (preto, vermelho, azul, verde, laranja, rosa, azul c\u00e9u, violeta).<\/p>\n","protected":false},"excerpt":{"rendered":"<p>PACK DE 12 UNIDADES<\/p>\n","protected":false},"featured_media":112286,"comment_status":"closed","ping_status":"closed","template":"","meta":{"neve_meta_sidebar":"","neve_meta_container":"","neve_meta_enable_content_width":"off","neve_meta_content_width":100,"neve_meta_title_alignment":"","neve_meta_author_avatar":"","neve_post_elements_order":"","neve_meta_disable_header":"","neve_meta_disable_footer":"","neve_meta_disable_title":""},"product_brand":[],"product_cat":[1761],"product_tag":[815],"class_list":{"0":"post-72668","1":"product","2":"type-product","3":"status-publish","4":"has-post-thumbnail","6":"product_cat-esferograficas","7":"product_tag-retratil","9":"first","10":"instock","11":"taxable","12":"shipping-taxable","13":"purchasable","14":"product-type-variable"},"_links":{"self":[{"href":"https:\/\/ifoffice.pt\/index.php?rest_route=\/wp\/v2\/product\/72668","targetHints":{"allow":["GET"]}}],"collection":[{"href":"https:\/\/ifoffice.pt\/index.php?rest_route=\/wp\/v2\/product"}],"about":[{"href":"https:\/\/ifoffice.pt\/index.php?rest_route=\/wp\/v2\/types\/product"}],"replies":[{"embeddable":true,"href":"https:\/\/ifoffice.pt\/index.php?rest_route=%2Fwp%2Fv2%2Fcomments&post=72668"}],"wp:featuredmedia":[{"embeddable":true,"href":"https:\/\/ifoffice.pt\/index.php?rest_route=\/wp\/v2\/media\/112286"}],"wp:attachment":[{"href":"https:\/\/ifoffice.pt\/index.php?rest_route=%2Fwp%2Fv2%2Fmedia&parent=72668"}],"wp:term":[{"taxonomy":"product_brand","embeddable":true,"href":"https:\/\/ifoffice.pt\/index.php?rest_route=%2Fwp%2Fv2%2Fproduct_brand&post=72668"},{"taxonomy":"product_cat","embeddable":true,"href":"https:\/\/ifoffice.pt\/index.php?rest_route=%2Fwp%2Fv2%2Fproduct_cat&post=72668"},{"taxonomy":"product_tag","embeddable":true,"href":"https:\/\/ifoffice.pt\/index.php?rest_route=%2Fwp%2Fv2%2Fproduct_tag&post=72668"}],"curies":[{"name":"wp","href":"https:\/\/api.w.org\/{rel}","templated":true}]}}