{"id":72660,"date":"2021-01-22T02:24:54","date_gmt":"2021-01-22T02:24:54","guid":{"rendered":"https:\/\/ifoffice.pt\/produto\/import-placeholder-for-900847\/"},"modified":"2025-03-12T11:21:46","modified_gmt":"2025-03-12T11:21:46","slug":"cola-uhu-twistglue-sem-solventes-garrafas-de-810-ml","status":"publish","type":"product","link":"https:\/\/ifoffice.pt\/?product=cola-uhu-twistglue-sem-solventes-garrafas-de-810-ml","title":{"rendered":"Cola uhu twist&#038;glue sem solventes garrafa de 810 ml"},"content":{"rendered":"<p>Cola universal transparente. Embalagem \u00fanica e ergon\u00f3mica. Lav\u00e1vel. Disp\u00f5e de um sistema exclusivo para aplicar a cola em pontos, linhas ou superf\u00edcies amplas. O tubo.<\/p>\n","protected":false},"excerpt":{"rendered":"<p>Cola uhu twist&#038;glue sem solventes garrafa de 810 ml<\/p>\n","protected":false},"featured_media":112278,"comment_status":"closed","ping_status":"closed","template":"","meta":{"neve_meta_sidebar":"","neve_meta_container":"","neve_meta_enable_content_width":"","neve_meta_content_width":0,"neve_meta_title_alignment":"","neve_meta_author_avatar":"","neve_post_elements_order":"","neve_meta_disable_header":"","neve_meta_disable_footer":"","neve_meta_disable_title":""},"product_brand":[],"product_cat":[1758],"product_tag":[807],"class_list":{"0":"post-72660","1":"product","2":"type-product","3":"status-publish","4":"has-post-thumbnail","6":"product_cat-cola-em-tubo","7":"product_tag-contacto","9":"first","10":"outofstock","11":"taxable","12":"shipping-taxable","13":"purchasable","14":"product-type-simple"},"_links":{"self":[{"href":"https:\/\/ifoffice.pt\/index.php?rest_route=\/wp\/v2\/product\/72660","targetHints":{"allow":["GET"]}}],"collection":[{"href":"https:\/\/ifoffice.pt\/index.php?rest_route=\/wp\/v2\/product"}],"about":[{"href":"https:\/\/ifoffice.pt\/index.php?rest_route=\/wp\/v2\/types\/product"}],"replies":[{"embeddable":true,"href":"https:\/\/ifoffice.pt\/index.php?rest_route=%2Fwp%2Fv2%2Fcomments&post=72660"}],"wp:featuredmedia":[{"embeddable":true,"href":"https:\/\/ifoffice.pt\/index.php?rest_route=\/wp\/v2\/media\/112278"}],"wp:attachment":[{"href":"https:\/\/ifoffice.pt\/index.php?rest_route=%2Fwp%2Fv2%2Fmedia&parent=72660"}],"wp:term":[{"taxonomy":"product_brand","embeddable":true,"href":"https:\/\/ifoffice.pt\/index.php?rest_route=%2Fwp%2Fv2%2Fproduct_brand&post=72660"},{"taxonomy":"product_cat","embeddable":true,"href":"https:\/\/ifoffice.pt\/index.php?rest_route=%2Fwp%2Fv2%2Fproduct_cat&post=72660"},{"taxonomy":"product_tag","embeddable":true,"href":"https:\/\/ifoffice.pt\/index.php?rest_route=%2Fwp%2Fv2%2Fproduct_tag&post=72660"}],"curies":[{"name":"wp","href":"https:\/\/api.w.org\/{rel}","templated":true}]}}