{"id":72657,"date":"2021-01-22T02:24:54","date_gmt":"2021-01-22T02:24:54","guid":{"rendered":"https:\/\/ifoffice.pt\/produto\/import-placeholder-for-901157\/"},"modified":"2026-02-23T12:35:32","modified_gmt":"2026-02-23T12:35:32","slug":"cola-loctite-3-gr-super-cola-3-power-flex","status":"publish","type":"product","link":"https:\/\/ifoffice.pt\/?product=cola-loctite-3-gr-super-cola-3-power-flex","title":{"rendered":"Cola loctite 3 gr super cola 3 power flex"},"content":{"rendered":"<p>Nova f\u00f3rmula, com part\u00edculas de borracha, que se adapta a materiais flex\u00edveis. N\u00e3o pinga, gra\u00e7as \u00e0 sua f\u00f3rmula gel. Para todo o tipo de superf\u00edcies: couro, borracha, pl\u00e1stico, metal, madeira, porcelana, etc. Blister de 3g.<\/p>\n","protected":false},"excerpt":{"rendered":"<p>Cola loctite 3 gr super cola 3 power flex<\/p>\n","protected":false},"featured_media":112275,"comment_status":"closed","ping_status":"closed","template":"","meta":{"neve_meta_sidebar":"","neve_meta_container":"","neve_meta_enable_content_width":"off","neve_meta_content_width":70,"neve_meta_title_alignment":"","neve_meta_author_avatar":"","neve_post_elements_order":"","neve_meta_disable_header":"","neve_meta_disable_footer":"","neve_meta_disable_title":""},"product_brand":[],"product_cat":[1758],"product_tag":[805],"class_list":{"0":"post-72657","1":"product","2":"type-product","3":"status-publish","4":"has-post-thumbnail","6":"product_cat-cola-em-tubo","7":"product_tag-instantaneo","9":"first","10":"instock","11":"taxable","12":"shipping-taxable","13":"purchasable","14":"product-type-simple"},"_links":{"self":[{"href":"https:\/\/ifoffice.pt\/index.php?rest_route=\/wp\/v2\/product\/72657","targetHints":{"allow":["GET"]}}],"collection":[{"href":"https:\/\/ifoffice.pt\/index.php?rest_route=\/wp\/v2\/product"}],"about":[{"href":"https:\/\/ifoffice.pt\/index.php?rest_route=\/wp\/v2\/types\/product"}],"replies":[{"embeddable":true,"href":"https:\/\/ifoffice.pt\/index.php?rest_route=%2Fwp%2Fv2%2Fcomments&post=72657"}],"wp:featuredmedia":[{"embeddable":true,"href":"https:\/\/ifoffice.pt\/index.php?rest_route=\/wp\/v2\/media\/112275"}],"wp:attachment":[{"href":"https:\/\/ifoffice.pt\/index.php?rest_route=%2Fwp%2Fv2%2Fmedia&parent=72657"}],"wp:term":[{"taxonomy":"product_brand","embeddable":true,"href":"https:\/\/ifoffice.pt\/index.php?rest_route=%2Fwp%2Fv2%2Fproduct_brand&post=72657"},{"taxonomy":"product_cat","embeddable":true,"href":"https:\/\/ifoffice.pt\/index.php?rest_route=%2Fwp%2Fv2%2Fproduct_cat&post=72657"},{"taxonomy":"product_tag","embeddable":true,"href":"https:\/\/ifoffice.pt\/index.php?rest_route=%2Fwp%2Fv2%2Fproduct_tag&post=72657"}],"curies":[{"name":"wp","href":"https:\/\/api.w.org\/{rel}","templated":true}]}}