{"id":72656,"date":"2021-01-22T02:24:54","date_gmt":"2021-01-22T02:24:54","guid":{"rendered":"https:\/\/ifoffice.pt\/produto\/import-placeholder-for-901159\/"},"modified":"2026-02-23T14:52:34","modified_gmt":"2026-02-23T14:52:34","slug":"cola-em-stick-pritt-de-11-gr","status":"publish","type":"product","link":"https:\/\/ifoffice.pt\/?product=cola-em-stick-pritt-de-11-gr","title":{"rendered":"Cola em stick pritt de 11 gr"},"content":{"rendered":"<p>Cola indicada para papel, cart\u00e3o, fotografias, telas, etc. Alta ader\u00eancia. N\u00e3o humedece o papel. Sem solventes. A cola stick.<\/p>\n","protected":false},"excerpt":{"rendered":"<p>PACK DE 15 UNIDADES<\/p>\n","protected":false},"featured_media":112274,"comment_status":"closed","ping_status":"closed","template":"","meta":{"neve_meta_sidebar":"","neve_meta_container":"","neve_meta_enable_content_width":"off","neve_meta_content_width":0,"neve_meta_title_alignment":"","neve_meta_author_avatar":"","neve_post_elements_order":"","neve_meta_disable_header":"","neve_meta_disable_footer":"","neve_meta_disable_title":""},"product_brand":[],"product_cat":[1760],"product_tag":[810,813],"class_list":{"0":"post-72656","1":"product","2":"type-product","3":"status-publish","4":"has-post-thumbnail","6":"product_cat-cola-baton","7":"product_tag-cola","8":"product_tag-solido","10":"first","11":"instock","12":"taxable","13":"shipping-taxable","14":"purchasable","15":"product-type-simple"},"_links":{"self":[{"href":"https:\/\/ifoffice.pt\/index.php?rest_route=\/wp\/v2\/product\/72656","targetHints":{"allow":["GET"]}}],"collection":[{"href":"https:\/\/ifoffice.pt\/index.php?rest_route=\/wp\/v2\/product"}],"about":[{"href":"https:\/\/ifoffice.pt\/index.php?rest_route=\/wp\/v2\/types\/product"}],"replies":[{"embeddable":true,"href":"https:\/\/ifoffice.pt\/index.php?rest_route=%2Fwp%2Fv2%2Fcomments&post=72656"}],"wp:featuredmedia":[{"embeddable":true,"href":"https:\/\/ifoffice.pt\/index.php?rest_route=\/wp\/v2\/media\/112274"}],"wp:attachment":[{"href":"https:\/\/ifoffice.pt\/index.php?rest_route=%2Fwp%2Fv2%2Fmedia&parent=72656"}],"wp:term":[{"taxonomy":"product_brand","embeddable":true,"href":"https:\/\/ifoffice.pt\/index.php?rest_route=%2Fwp%2Fv2%2Fproduct_brand&post=72656"},{"taxonomy":"product_cat","embeddable":true,"href":"https:\/\/ifoffice.pt\/index.php?rest_route=%2Fwp%2Fv2%2Fproduct_cat&post=72656"},{"taxonomy":"product_tag","embeddable":true,"href":"https:\/\/ifoffice.pt\/index.php?rest_route=%2Fwp%2Fv2%2Fproduct_tag&post=72656"}],"curies":[{"name":"wp","href":"https:\/\/api.w.org\/{rel}","templated":true}]}}