{"id":72650,"date":"2021-01-22T02:24:54","date_gmt":"2021-01-22T02:24:54","guid":{"rendered":"https:\/\/ifoffice.pt\/produto\/import-placeholder-for-901170\/"},"modified":"2026-02-23T12:35:30","modified_gmt":"2026-02-23T12:35:30","slug":"massa-adesiva-pritt-multi-tac","status":"publish","type":"product","link":"https:\/\/ifoffice.pt\/?product=massa-adesiva-pritt-multi-tac","title":{"rendered":"Massa adesiva pritt multi-tac"},"content":{"rendered":"<p>Massa adesiva multiusos para colar posters, calend\u00e1rios, fotografias, etc. Remov\u00edvel. Cor branca n\u00e3o deixa manchas nas paredes. O blister.<\/p>\n","protected":false},"excerpt":{"rendered":"<p>Massa adesiva pritt multi-tac<\/p>\n","protected":false},"featured_media":112268,"comment_status":"closed","ping_status":"closed","template":"","meta":{"neve_meta_sidebar":"","neve_meta_container":"","neve_meta_enable_content_width":"","neve_meta_content_width":0,"neve_meta_title_alignment":"","neve_meta_author_avatar":"","neve_post_elements_order":"","neve_meta_disable_header":"","neve_meta_disable_footer":"","neve_meta_disable_title":""},"product_brand":[],"product_cat":[1759],"product_tag":[811],"class_list":{"0":"post-72650","1":"product","2":"type-product","3":"status-publish","4":"has-post-thumbnail","6":"product_cat-outros-adesivos","7":"product_tag-massa-adesiva","9":"first","10":"instock","11":"taxable","12":"shipping-taxable","13":"purchasable","14":"product-type-simple"},"_links":{"self":[{"href":"https:\/\/ifoffice.pt\/index.php?rest_route=\/wp\/v2\/product\/72650","targetHints":{"allow":["GET"]}}],"collection":[{"href":"https:\/\/ifoffice.pt\/index.php?rest_route=\/wp\/v2\/product"}],"about":[{"href":"https:\/\/ifoffice.pt\/index.php?rest_route=\/wp\/v2\/types\/product"}],"replies":[{"embeddable":true,"href":"https:\/\/ifoffice.pt\/index.php?rest_route=%2Fwp%2Fv2%2Fcomments&post=72650"}],"wp:featuredmedia":[{"embeddable":true,"href":"https:\/\/ifoffice.pt\/index.php?rest_route=\/wp\/v2\/media\/112268"}],"wp:attachment":[{"href":"https:\/\/ifoffice.pt\/index.php?rest_route=%2Fwp%2Fv2%2Fmedia&parent=72650"}],"wp:term":[{"taxonomy":"product_brand","embeddable":true,"href":"https:\/\/ifoffice.pt\/index.php?rest_route=%2Fwp%2Fv2%2Fproduct_brand&post=72650"},{"taxonomy":"product_cat","embeddable":true,"href":"https:\/\/ifoffice.pt\/index.php?rest_route=%2Fwp%2Fv2%2Fproduct_cat&post=72650"},{"taxonomy":"product_tag","embeddable":true,"href":"https:\/\/ifoffice.pt\/index.php?rest_route=%2Fwp%2Fv2%2Fproduct_tag&post=72650"}],"curies":[{"name":"wp","href":"https:\/\/api.w.org\/{rel}","templated":true}]}}