{"id":72647,"date":"2021-01-22T02:24:54","date_gmt":"2021-01-22T02:24:54","guid":{"rendered":"https:\/\/ifoffice.pt\/produto\/import-placeholder-for-901173\/"},"modified":"2026-02-23T12:35:30","modified_gmt":"2026-02-23T12:35:30","slug":"cola-pritt-roller-permanente-84-mm-x-85-mt","status":"publish","type":"product","link":"https:\/\/ifoffice.pt\/?product=cola-pritt-roller-permanente-84-mm-x-85-mt","title":{"rendered":"Cola pritt roller permanente 8,4 mm x 8,5 mt"},"content":{"rendered":"<p>Cola roller, limpa, r\u00e1pida e precisa. Oferece uma ades\u00e3o permanente. Ideal para colar papel, cart\u00e3o, fotografias, pl\u00e1stico e cristal. 50% de pl\u00e1stico reciclado, pl\u00e1stico post-consumo.100% recicl\u00e1vel. Com tampa protetora. Medidas: 8,4 mm (largura) x 10 m (comprimento). O roller.<\/p>\n","protected":false},"excerpt":{"rendered":"<p>Cola pritt roller permanente 8,4 mm x 8,5 mt<\/p>\n","protected":false},"featured_media":112265,"comment_status":"closed","ping_status":"closed","template":"","meta":{"neve_meta_sidebar":"","neve_meta_container":"","neve_meta_enable_content_width":"","neve_meta_content_width":0,"neve_meta_title_alignment":"","neve_meta_author_avatar":"","neve_post_elements_order":"","neve_meta_disable_header":"","neve_meta_disable_footer":"","neve_meta_disable_title":""},"product_brand":[],"product_cat":[1759],"product_tag":[809],"class_list":{"0":"post-72647","1":"product","2":"type-product","3":"status-publish","4":"has-post-thumbnail","6":"product_cat-outros-adesivos","7":"product_tag-permanente","9":"first","10":"instock","11":"taxable","12":"shipping-taxable","13":"purchasable","14":"product-type-simple"},"_links":{"self":[{"href":"https:\/\/ifoffice.pt\/index.php?rest_route=\/wp\/v2\/product\/72647","targetHints":{"allow":["GET"]}}],"collection":[{"href":"https:\/\/ifoffice.pt\/index.php?rest_route=\/wp\/v2\/product"}],"about":[{"href":"https:\/\/ifoffice.pt\/index.php?rest_route=\/wp\/v2\/types\/product"}],"replies":[{"embeddable":true,"href":"https:\/\/ifoffice.pt\/index.php?rest_route=%2Fwp%2Fv2%2Fcomments&post=72647"}],"wp:featuredmedia":[{"embeddable":true,"href":"https:\/\/ifoffice.pt\/index.php?rest_route=\/wp\/v2\/media\/112265"}],"wp:attachment":[{"href":"https:\/\/ifoffice.pt\/index.php?rest_route=%2Fwp%2Fv2%2Fmedia&parent=72647"}],"wp:term":[{"taxonomy":"product_brand","embeddable":true,"href":"https:\/\/ifoffice.pt\/index.php?rest_route=%2Fwp%2Fv2%2Fproduct_brand&post=72647"},{"taxonomy":"product_cat","embeddable":true,"href":"https:\/\/ifoffice.pt\/index.php?rest_route=%2Fwp%2Fv2%2Fproduct_cat&post=72647"},{"taxonomy":"product_tag","embeddable":true,"href":"https:\/\/ifoffice.pt\/index.php?rest_route=%2Fwp%2Fv2%2Fproduct_tag&post=72647"}],"curies":[{"name":"wp","href":"https:\/\/api.w.org\/{rel}","templated":true}]}}