{"id":72646,"date":"2021-01-22T02:24:49","date_gmt":"2021-01-22T02:24:49","guid":{"rendered":"https:\/\/ifoffice.pt\/produto\/import-placeholder-for-901174\/"},"modified":"2025-03-12T14:03:14","modified_gmt":"2025-03-12T14:03:14","slug":"cola-pattex-contact-transparente-50-gr","status":"publish","type":"product","link":"https:\/\/ifoffice.pt\/?product=cola-pattex-contact-transparente-50-gr","title":{"rendered":"Cola pattex contact transparente 50 gr"},"content":{"rendered":"<p>Cola de contacto transparente para uni\u00f5es resistentes, flex\u00edveis e duradouras. Indicada para trabalhos de bricolage e repara\u00e7\u00e3o. Cola madeira, borracha, etc. O tubo.<\/p>\n","protected":false},"excerpt":{"rendered":"<p>Cola pattex contact transparente 50 gr<\/p>\n","protected":false},"featured_media":112264,"comment_status":"closed","ping_status":"closed","template":"","meta":{"neve_meta_sidebar":"","neve_meta_container":"","neve_meta_enable_content_width":"off","neve_meta_content_width":70,"neve_meta_title_alignment":"","neve_meta_author_avatar":"","neve_post_elements_order":"","neve_meta_disable_header":"","neve_meta_disable_footer":"","neve_meta_disable_title":""},"product_brand":[],"product_cat":[1758],"product_tag":[807],"class_list":{"0":"post-72646","1":"product","2":"type-product","3":"status-publish","4":"has-post-thumbnail","6":"product_cat-cola-em-tubo","7":"product_tag-contacto","9":"first","10":"instock","11":"taxable","12":"shipping-taxable","13":"purchasable","14":"product-type-simple"},"_links":{"self":[{"href":"https:\/\/ifoffice.pt\/index.php?rest_route=\/wp\/v2\/product\/72646","targetHints":{"allow":["GET"]}}],"collection":[{"href":"https:\/\/ifoffice.pt\/index.php?rest_route=\/wp\/v2\/product"}],"about":[{"href":"https:\/\/ifoffice.pt\/index.php?rest_route=\/wp\/v2\/types\/product"}],"replies":[{"embeddable":true,"href":"https:\/\/ifoffice.pt\/index.php?rest_route=%2Fwp%2Fv2%2Fcomments&post=72646"}],"wp:featuredmedia":[{"embeddable":true,"href":"https:\/\/ifoffice.pt\/index.php?rest_route=\/wp\/v2\/media\/112264"}],"wp:attachment":[{"href":"https:\/\/ifoffice.pt\/index.php?rest_route=%2Fwp%2Fv2%2Fmedia&parent=72646"}],"wp:term":[{"taxonomy":"product_brand","embeddable":true,"href":"https:\/\/ifoffice.pt\/index.php?rest_route=%2Fwp%2Fv2%2Fproduct_brand&post=72646"},{"taxonomy":"product_cat","embeddable":true,"href":"https:\/\/ifoffice.pt\/index.php?rest_route=%2Fwp%2Fv2%2Fproduct_cat&post=72646"},{"taxonomy":"product_tag","embeddable":true,"href":"https:\/\/ifoffice.pt\/index.php?rest_route=%2Fwp%2Fv2%2Fproduct_tag&post=72646"}],"curies":[{"name":"wp","href":"https:\/\/api.w.org\/{rel}","templated":true}]}}