{"id":72642,"date":"2021-01-22T02:24:49","date_gmt":"2021-01-22T02:24:49","guid":{"rendered":"https:\/\/ifoffice.pt\/produto\/import-placeholder-for-901189\/"},"modified":"2026-02-23T12:35:27","modified_gmt":"2026-02-23T12:35:27","slug":"cola-loctite-10-gr-super-cola-3-precisao-max","status":"publish","type":"product","link":"https:\/\/ifoffice.pt\/?product=cola-loctite-10-gr-super-cola-3-precisao-max","title":{"rendered":"Cola loctite 10 gr super cola 3 precis\u00e3o max"},"content":{"rendered":"<p>Cola universal instant\u00e2nea. M\u00e1xima for\u00e7a de uni\u00e3o em poucos segundos. Nova f\u00f3rmula agora com tripla resist\u00eancia: \u00e1gua e m\u00e1quina de lavar loi\u00e7a, temperatura e choque. Ponta extra longa, de f\u00e1cil dosifica\u00e7\u00e3o. que permite obter uma precis\u00e3o absoluta. Blister de 10g.<\/p>\n","protected":false},"excerpt":{"rendered":"<p>Cola loctite 10 gr super cola 3 precis\u00e3o max<\/p>\n","protected":false},"featured_media":112262,"comment_status":"closed","ping_status":"closed","template":"","meta":{"neve_meta_sidebar":"","neve_meta_container":"","neve_meta_enable_content_width":"","neve_meta_content_width":0,"neve_meta_title_alignment":"","neve_meta_author_avatar":"","neve_post_elements_order":"","neve_meta_disable_header":"","neve_meta_disable_footer":"","neve_meta_disable_title":""},"product_brand":[],"product_cat":[1758],"product_tag":[806],"class_list":{"0":"post-72642","1":"product","2":"type-product","3":"status-publish","4":"has-post-thumbnail","6":"product_cat-cola-em-tubo","7":"product_tag-loctite","9":"first","10":"instock","11":"taxable","12":"shipping-taxable","13":"purchasable","14":"product-type-simple"},"_links":{"self":[{"href":"https:\/\/ifoffice.pt\/index.php?rest_route=\/wp\/v2\/product\/72642","targetHints":{"allow":["GET"]}}],"collection":[{"href":"https:\/\/ifoffice.pt\/index.php?rest_route=\/wp\/v2\/product"}],"about":[{"href":"https:\/\/ifoffice.pt\/index.php?rest_route=\/wp\/v2\/types\/product"}],"replies":[{"embeddable":true,"href":"https:\/\/ifoffice.pt\/index.php?rest_route=%2Fwp%2Fv2%2Fcomments&post=72642"}],"wp:featuredmedia":[{"embeddable":true,"href":"https:\/\/ifoffice.pt\/index.php?rest_route=\/wp\/v2\/media\/112262"}],"wp:attachment":[{"href":"https:\/\/ifoffice.pt\/index.php?rest_route=%2Fwp%2Fv2%2Fmedia&parent=72642"}],"wp:term":[{"taxonomy":"product_brand","embeddable":true,"href":"https:\/\/ifoffice.pt\/index.php?rest_route=%2Fwp%2Fv2%2Fproduct_brand&post=72642"},{"taxonomy":"product_cat","embeddable":true,"href":"https:\/\/ifoffice.pt\/index.php?rest_route=%2Fwp%2Fv2%2Fproduct_cat&post=72642"},{"taxonomy":"product_tag","embeddable":true,"href":"https:\/\/ifoffice.pt\/index.php?rest_route=%2Fwp%2Fv2%2Fproduct_tag&post=72642"}],"curies":[{"name":"wp","href":"https:\/\/api.w.org\/{rel}","templated":true}]}}