{"id":72638,"date":"2021-01-22T02:24:49","date_gmt":"2021-01-22T02:24:49","guid":{"rendered":"https:\/\/ifoffice.pt\/produto\/import-placeholder-for-901228\/"},"modified":"2026-02-23T12:35:26","modified_gmt":"2026-02-23T12:35:26","slug":"pasteis-de-oleo-pentel-arts-16-cores","status":"publish","type":"product","link":"https:\/\/ifoffice.pt\/?product=pasteis-de-oleo-pentel-arts-16-cores","title":{"rendered":"Pastel de oleo pentel arts 16 cores"},"content":{"rendered":"<p>L\u00e1pis pastel de \u00f3leo arredondados. Cores vivas e mais resistentes aos efeitos da humidade para desenhos de maior dura\u00e7\u00e3o e longevidade.<\/p>\n","protected":false},"excerpt":{"rendered":"<p>Pastel de oleo pentel arts 16 cores<\/p>\n","protected":false},"featured_media":112260,"comment_status":"closed","ping_status":"closed","template":"","meta":{"neve_meta_sidebar":"","neve_meta_container":"","neve_meta_enable_content_width":"off","neve_meta_content_width":0,"neve_meta_title_alignment":"","neve_meta_author_avatar":"","neve_post_elements_order":"","neve_meta_disable_header":"","neve_meta_disable_footer":"","neve_meta_disable_title":""},"product_brand":[],"product_cat":[1755],"product_tag":[799],"class_list":{"0":"post-72638","1":"product","2":"type-product","3":"status-publish","4":"has-post-thumbnail","6":"product_cat-outros","7":"product_tag-lapiz-pastel","9":"first","10":"instock","11":"taxable","12":"shipping-taxable","13":"purchasable","14":"product-type-simple"},"_links":{"self":[{"href":"https:\/\/ifoffice.pt\/index.php?rest_route=\/wp\/v2\/product\/72638","targetHints":{"allow":["GET"]}}],"collection":[{"href":"https:\/\/ifoffice.pt\/index.php?rest_route=\/wp\/v2\/product"}],"about":[{"href":"https:\/\/ifoffice.pt\/index.php?rest_route=\/wp\/v2\/types\/product"}],"replies":[{"embeddable":true,"href":"https:\/\/ifoffice.pt\/index.php?rest_route=%2Fwp%2Fv2%2Fcomments&post=72638"}],"wp:featuredmedia":[{"embeddable":true,"href":"https:\/\/ifoffice.pt\/index.php?rest_route=\/wp\/v2\/media\/112260"}],"wp:attachment":[{"href":"https:\/\/ifoffice.pt\/index.php?rest_route=%2Fwp%2Fv2%2Fmedia&parent=72638"}],"wp:term":[{"taxonomy":"product_brand","embeddable":true,"href":"https:\/\/ifoffice.pt\/index.php?rest_route=%2Fwp%2Fv2%2Fproduct_brand&post=72638"},{"taxonomy":"product_cat","embeddable":true,"href":"https:\/\/ifoffice.pt\/index.php?rest_route=%2Fwp%2Fv2%2Fproduct_cat&post=72638"},{"taxonomy":"product_tag","embeddable":true,"href":"https:\/\/ifoffice.pt\/index.php?rest_route=%2Fwp%2Fv2%2Fproduct_tag&post=72638"}],"curies":[{"name":"wp","href":"https:\/\/api.w.org\/{rel}","templated":true}]}}