{"id":135097,"date":"2025-04-02T08:30:14","date_gmt":"2025-04-02T08:30:14","guid":{"rendered":"https:\/\/ifoffice.pt\/?post_type=product&#038;p=135097"},"modified":"2025-04-02T09:45:07","modified_gmt":"2025-04-02T09:45:07","slug":"go-on-nutrition-premium-protein-bar-33-50g","status":"publish","type":"product","link":"https:\/\/ifoffice.pt\/?product=go-on-nutrition-premium-protein-bar-33-50g","title":{"rendered":"Go On Nutrition Premium Protein Bar 33% 50g"},"content":{"rendered":"<p>A barra GO ON Nutrition \u2013 extremamente fr\u00e1gil e de consist\u00eancia delicada \u2013 \u00e9 um lanche saboroso e nutritivo antes, durante ou ap\u00f3s o treino.\u00a0Para um atleta e qualquer pessoa ocupada.\u00a0Sempre quando a energia \u00e9 necess\u00e1ria!<\/p>\n<p><strong>Informa\u00e7\u00e3o Complementar Saltead Caramel<\/strong><\/p>\n<table>\n<tbody>\n<tr>\n<td>Valor nutricional<\/td>\n<td>em 100 g<\/td>\n<\/tr>\n<tr>\n<td>Valor energ\u00e9tico<\/td>\n<td>1628 kJ \/ 391 kcal<\/td>\n<\/tr>\n<tr>\n<td>Gorduras<\/td>\n<td>19 g<\/td>\n<\/tr>\n<tr>\n<td>Dos quais saturados<\/td>\n<td>9,3 g<\/td>\n<\/tr>\n<tr>\n<td>Carboidratos<\/td>\n<td>21 g<\/td>\n<\/tr>\n<tr>\n<td>Dos quais a\u00e7\u00facares<\/td>\n<td>2,8 g<\/td>\n<\/tr>\n<tr>\n<td>Ferro<\/td>\n<td>13 g<\/td>\n<\/tr>\n<tr>\n<td>Prote\u00edna<\/td>\n<td>33 g<\/td>\n<\/tr>\n<tr>\n<td>Sal<\/td>\n<td>0,88 g<\/td>\n<\/tr>\n<tr>\n<td>Vitamina E<\/td>\n<td>9,8 mg (81% **)<\/td>\n<\/tr>\n<tr>\n<td>Niacina<\/td>\n<td>13,5 mg (84% **)<\/td>\n<\/tr>\n<tr>\n<td>Vitamina C<\/td>\n<td>66 mg (83%) **<\/td>\n<\/tr>\n<tr>\n<td>Tiamina (vitamina B1)<\/td>\n<td>0,90 mg (32% **)<\/td>\n<\/tr>\n<tr>\n<td>Vitamina B6<\/td>\n<td>1,2 mg (34%) **<\/td>\n<\/tr>\n<tr>\n<td>Vitamina B12<\/td>\n<td>2,1 \u00b5g (33%) **<\/td>\n<\/tr>\n<tr>\n<td>\u00c1cido pantot\u00eanico<\/td>\n<td>5,0 mg (83%) **<\/td>\n<\/tr>\n<tr>\n<td>Magn\u00e9sio<\/td>\n<td>112 mg (30%) **<\/td>\n<\/tr>\n<tr>\n<td>* Valor de ingest\u00e3o de refer\u00eancia NRV para um adulto m\u00e9dio<\/td>\n<td>\u2013<\/td>\n<\/tr>\n<\/tbody>\n<\/table>\n<p><strong>Informa\u00e7\u00e3o Complementar Chocolate<\/strong><\/p>\n<p>&nbsp;<\/p>\n<table>\n<tbody>\n<tr>\n<td>Valor nutricional<\/td>\n<td>em 100 g<\/td>\n<\/tr>\n<tr>\n<td>Valor energ\u00e9tico<\/td>\n<td>1610 kJ \/ 386 kcal<\/td>\n<\/tr>\n<tr>\n<td>Gorduras<\/td>\n<td>18 g<\/td>\n<\/tr>\n<tr>\n<td>Dos quais saturados<\/td>\n<td>9.4 g<\/td>\n<\/tr>\n<tr>\n<td>Carboidratos<\/td>\n<td>23 g<\/td>\n<\/tr>\n<tr>\n<td>Dos quais a\u00e7\u00facares<\/td>\n<td>2.6 g<\/td>\n<\/tr>\n<tr>\n<td>Ferro<\/td>\n<td>913 g<\/td>\n<\/tr>\n<tr>\n<td>Prote\u00edna<\/td>\n<td>33 g<\/td>\n<\/tr>\n<tr>\n<td>Sal<\/td>\n<td>0,65 g<\/td>\n<\/tr>\n<tr>\n<td>Vitamina E<\/td>\n<td>9,8 mg (81% **)<\/td>\n<\/tr>\n<tr>\n<td>Niacina<\/td>\n<td>13,5 mg (84% **)<\/td>\n<\/tr>\n<tr>\n<td>Vitamina C<\/td>\n<td>66 mg (83%) **<\/td>\n<\/tr>\n<tr>\n<td>Tiamina (vitamina B1)<\/td>\n<td>0,90 mg (32% **)<\/td>\n<\/tr>\n<tr>\n<td>Vitamina B6<\/td>\n<td>1,2 mg (34%) **<\/td>\n<\/tr>\n<tr>\n<td>Vitamina B12<\/td>\n<td>2,1 \u00b5g (33%) **<\/td>\n<\/tr>\n<tr>\n<td>\u00c1cido pantot\u00eanico<\/td>\n<td>5,0 mg (83%) **<\/td>\n<\/tr>\n<tr>\n<td>Magn\u00e9sio<\/td>\n<td>113 mg (30%) **<\/td>\n<\/tr>\n<tr>\n<td>* Valor de ingest\u00e3o de refer\u00eancia NRV para um adulto m\u00e9dio<\/td>\n<td>\u2013<\/td>\n<\/tr>\n<\/tbody>\n<\/table>\n<p>Barra proteica PROTEIN 33% \u00e9 uma deliciosa barra de caramelo salgado aromatizado com cobertura de baunilha.\u00a0Fornece uma boa por\u00e7\u00e3o de prote\u00ednas e 7 vitaminas, importantes para pessoas fisicamente ativas.\u00a0O isolado de prote\u00edna do leite MPI e o concentrado de prote\u00edna de soro de leite WPC 80 formam uma composi\u00e7\u00e3o perfeitamente selecionada \u2013 at\u00e9 33% de prote\u00edna do leite, que contribui para o crescimento e manuten\u00e7\u00e3o da massa muscular e ossos saud\u00e1veis*.\u00a0O magn\u00e9sio contido nas barras ajuda na manuten\u00e7\u00e3o do equil\u00edbrio eletrol\u00edtico, no bom trabalho muscular e contribui para a redu\u00e7\u00e3o do cansa\u00e7o e da fadiga*.<\/p>\n<ul>\n<li>Isolados de prote\u00edna do leite MPI<\/li>\n<li>concentrado de prote\u00ednas de soro de leite WPC 80<\/li>\n<li>alto teor: vitamina C, niacina, vitamina E, \u00e1cido pantot\u00eanico, vitamina B6, tiamina e vitamina B12<\/li>\n<li>alto teor de magn\u00e9sio<\/li>\n<li>alto teor de fibra<\/li>\n<li>sem adi\u00e7\u00e3o de a\u00e7\u00facar (cont\u00e9m a\u00e7\u00facares naturais)<\/li>\n<\/ul>\n<p>Voc\u00ea sabia que duas barras de prote\u00edna PROTEIN 33% satisfazem mais de 80% do RWS (Valor de Ingest\u00e3o de Refer\u00eancia) das vitaminas que possuem em estoque?<\/p>\n<p>A barra GO ON Nutrition \u2013 extremamente fr\u00e1gil e de consist\u00eancia delicada \u2013 \u00e9 um lanche saboroso e nutritivo antes, durante ou ap\u00f3s o treino.\u00a0Para um atleta e qualquer pessoa ocupada.\u00a0Sempre quando a energia \u00e9 necess\u00e1ria!<\/p>\n<p>* Apenas uma barra de PROTE\u00cdNA 33% consumida regularmente como parte de uma dieta devidamente equilibrada e um estilo de vida saud\u00e1vel ajudar\u00e1 a alcan\u00e7ar este efeito na sa\u00fade.<\/p>\n<p><strong>Ingredientes:<\/strong><\/p>\n<p>31% de prote\u00ednas do leite: isolado de prote\u00edna de leite MPI, concentrado de prote\u00edna de soro de leite WPC 80 (de leite);\u00a0fibra sol\u00favel (milho), amendoim 17%, ado\u00e7ante: maltitol;\u00a0gorduras vegetais: palma, karit\u00e9;\u00a0umectante: glicerol;\u00a0isolado de soja, fibra sol\u00favel (ac\u00e1cia), amido de tapioca, sal, aromas, ado\u00e7antes: sucralose, glicos\u00eddeos de esteviol;\u00a0emulsionante: lecitina (de soja);\u00a0subst\u00e2ncias enriquecedoras: citrato de magn\u00e9sio, vitamina C, niacina, vitamina E, \u00e1cido pantot\u00eanico (B5), vitamina B6, tiamina (B1), vitamina B12.\u00a0O produto cont\u00e9m a\u00e7\u00facares naturais.<\/p>\n<p>Peso l\u00edquido: 50g<\/p>\n","protected":false},"excerpt":{"rendered":"<p>A barra GO ON Nutrition \u2013 extremamente fr\u00e1gil e de consist\u00eancia delicada \u2013 \u00e9 um lanche saboroso e nutritivo antes, durante ou ap\u00f3s o treino.\u00a0Para um atleta e qualquer pessoa ocupada.\u00a0Sempre quando a energia \u00e9 necess\u00e1ria! Informa\u00e7\u00e3o Complementar Saltead Caramel Valor nutricional em 100 g Valor energ\u00e9tico 1628 kJ \/ 391 kcal Gorduras 19 g Dos quais saturados 9,3 g Carboidratos 21 g Dos quais a\u00e7\u00facares 2,8 g Ferro 13 g Prote\u00edna 33 g Sal 0,88 g Vitamina E 9,8 mg (81% **) Niacina 13,5 mg (84% **) Vitamina C 66 mg (83%) ** Tiamina (vitamina B1) 0,90 mg (32% **) Vitamina B6 1,2 mg (34%) ** Vitamina B12 2,1 \u00b5g (33%) ** \u00c1cido pantot\u00eanico 5,0 mg (83%) ** Magn\u00e9sio 112 mg (30%) ** * Valor de ingest\u00e3o de refer\u00eancia NRV para um adulto m\u00e9dio \u2013 Informa\u00e7\u00e3o Complementar Chocolate &nbsp; Valor nutricional em 100 g Valor energ\u00e9tico 1610 kJ \/ 386 kcal Gorduras 18 g Dos quais saturados 9.4 g Carboidratos 23 g Dos quais a\u00e7\u00facares 2.6 g Ferro 913 g Prote\u00edna 33 g Sal 0,65 g Vitamina E 9,8 mg (81% **) Niacina 13,5 mg (84% **) Vitamina C 66 mg (83%) ** Tiamina (vitamina B1) 0,90 mg (32% **) Vitamina B6 1,2 mg (34%) ** Vitamina B12 2,1 \u00b5g (33%) ** \u00c1cido pantot\u00eanico 5,0 mg (83%) ** Magn\u00e9sio 113 mg (30%) ** * Valor de ingest\u00e3o de refer\u00eancia NRV para um adulto m\u00e9dio \u2013 Barra proteica PROTEIN 33% \u00e9 uma deliciosa barra de caramelo salgado aromatizado com cobertura de baunilha.\u00a0Fornece uma boa por\u00e7\u00e3o de prote\u00ednas e 7 vitaminas, importantes para pessoas fisicamente ativas.\u00a0O isolado de prote\u00edna do leite MPI e o concentrado de prote\u00edna de soro de leite WPC 80 formam uma composi\u00e7\u00e3o perfeitamente selecionada \u2013 at\u00e9 33% de prote\u00edna do leite, que contribui para o crescimento e manuten\u00e7\u00e3o da massa muscular e ossos saud\u00e1veis*.\u00a0O magn\u00e9sio contido nas barras ajuda na manuten\u00e7\u00e3o do equil\u00edbrio eletrol\u00edtico, no bom trabalho muscular e contribui para a redu\u00e7\u00e3o do cansa\u00e7o e da fadiga*. Isolados de prote\u00edna do leite MPI concentrado de prote\u00ednas de soro de leite WPC 80 alto teor: vitamina C, niacina, vitamina E, \u00e1cido pantot\u00eanico, vitamina B6, tiamina e vitamina B12 alto teor de magn\u00e9sio alto teor de fibra sem adi\u00e7\u00e3o de a\u00e7\u00facar (cont\u00e9m a\u00e7\u00facares naturais) Voc\u00ea sabia que duas barras de prote\u00edna PROTEIN 33% satisfazem mais de 80% do RWS (Valor de Ingest\u00e3o de Refer\u00eancia) das vitaminas que possuem em estoque? A barra GO ON Nutrition \u2013 extremamente fr\u00e1gil e de consist\u00eancia delicada \u2013 \u00e9 um lanche saboroso e nutritivo antes, durante ou ap\u00f3s o treino.\u00a0Para um atleta e qualquer pessoa ocupada.\u00a0Sempre quando a energia \u00e9 necess\u00e1ria! * Apenas uma barra de PROTE\u00cdNA 33% consumida regularmente como parte de uma dieta devidamente equilibrada e um estilo de vida saud\u00e1vel ajudar\u00e1 a alcan\u00e7ar este efeito na sa\u00fade. Ingredientes: 31% de prote\u00ednas do leite: isolado de prote\u00edna de leite MPI, concentrado de prote\u00edna de soro de leite WPC 80 (de leite);\u00a0fibra sol\u00favel (milho), amendoim 17%, ado\u00e7ante: maltitol;\u00a0gorduras vegetais: palma, karit\u00e9;\u00a0umectante: glicerol;\u00a0isolado de soja, fibra sol\u00favel (ac\u00e1cia), amido de tapioca, sal, aromas, ado\u00e7antes: sucralose, glicos\u00eddeos de esteviol;\u00a0emulsionante: lecitina (de soja);\u00a0subst\u00e2ncias enriquecedoras: citrato de magn\u00e9sio, vitamina C, niacina, vitamina E, \u00e1cido pantot\u00eanico (B5), vitamina B6, tiamina (B1), vitamina B12.\u00a0O produto cont\u00e9m a\u00e7\u00facares naturais. Peso l\u00edquido: 50g<\/p>\n","protected":false},"featured_media":135102,"comment_status":"closed","ping_status":"closed","template":"","meta":{"neve_meta_sidebar":"","neve_meta_container":"","neve_meta_enable_content_width":"off","neve_meta_content_width":100,"neve_meta_title_alignment":"","neve_meta_author_avatar":"","neve_post_elements_order":"","neve_meta_disable_header":"","neve_meta_disable_footer":"","neve_meta_disable_title":""},"product_brand":[],"product_cat":[2014],"product_tag":[2015,3104],"class_list":{"0":"post-135097","1":"product","2":"type-product","3":"status-publish","4":"has-post-thumbnail","6":"product_cat-higiene-manutencao-e-catering","7":"product_tag-snacks","8":"product_tag-snacks-saudaveis","10":"first","11":"instock","12":"taxable","13":"shipping-taxable","14":"purchasable","15":"product-type-variable","16":"has-default-attributes"},"_links":{"self":[{"href":"https:\/\/ifoffice.pt\/index.php?rest_route=\/wp\/v2\/product\/135097","targetHints":{"allow":["GET"]}}],"collection":[{"href":"https:\/\/ifoffice.pt\/index.php?rest_route=\/wp\/v2\/product"}],"about":[{"href":"https:\/\/ifoffice.pt\/index.php?rest_route=\/wp\/v2\/types\/product"}],"replies":[{"embeddable":true,"href":"https:\/\/ifoffice.pt\/index.php?rest_route=%2Fwp%2Fv2%2Fcomments&post=135097"}],"wp:featuredmedia":[{"embeddable":true,"href":"https:\/\/ifoffice.pt\/index.php?rest_route=\/wp\/v2\/media\/135102"}],"wp:attachment":[{"href":"https:\/\/ifoffice.pt\/index.php?rest_route=%2Fwp%2Fv2%2Fmedia&parent=135097"}],"wp:term":[{"taxonomy":"product_brand","embeddable":true,"href":"https:\/\/ifoffice.pt\/index.php?rest_route=%2Fwp%2Fv2%2Fproduct_brand&post=135097"},{"taxonomy":"product_cat","embeddable":true,"href":"https:\/\/ifoffice.pt\/index.php?rest_route=%2Fwp%2Fv2%2Fproduct_cat&post=135097"},{"taxonomy":"product_tag","embeddable":true,"href":"https:\/\/ifoffice.pt\/index.php?rest_route=%2Fwp%2Fv2%2Fproduct_tag&post=135097"}],"curies":[{"name":"wp","href":"https:\/\/api.w.org\/{rel}","templated":true}]}}