{"id":135041,"date":"2025-03-17T16:30:23","date_gmt":"2025-03-17T16:30:23","guid":{"rendered":"https:\/\/ifoffice.pt\/?post_type=product&#038;p=135041"},"modified":"2025-09-29T14:08:02","modified_gmt":"2025-09-29T14:08:02","slug":"barra-go-on-protein","status":"publish","type":"product","link":"https:\/\/ifoffice.pt\/?product=barra-go-on-protein","title":{"rendered":"Barra Go On Protein"},"content":{"rendered":"<p>A barra de prote\u00edna GO ON com cranberry e goji, coberta com chocolate de sobremesa, \u00e9 uma deliciosa barra feita para atletas que vence os doces padr\u00e3o. Rico em prote\u00edna de soro de leite nutritiva WPC 80 e enriquecido com vitaminas, fornece nutrientes essenciais para pessoas fisicamente ativas.<\/p>\n<p>Criado para todos aqueles que amam o desporto e um\u00a0momento de prazer do chocolate com nota de frutas. A barra de prote\u00edna GO ON \u00e9 um lanche r\u00e1pido para pessoas ativas. Ele se reporta \u00e0 linha de chegada com excelentes resultados:<\/p>\n<ul>\n<li>cont\u00e9m\u00a0<strong>prote\u00edna<\/strong>\u00a0\u2013\u00a0<strong>23,7%<\/strong>\u00a0de prote\u00edna completa WPC 80<\/li>\n<li><strong>fonte de 7 vitaminas: C, E, niacina, tiamina, \u00e1cido pantot\u00eanico, B6 e B12<\/strong><\/li>\n<li><strong>Inulina<\/strong>\u00a0adicionada (5,2%) \u2013 um pr\u00e9-bi\u00f3tico de fonte natural<\/li>\n<li><strong>fonte de fibra alimentar<\/strong><\/li>\n<li><strong>xarope de glicose\u00a0<\/strong>(em vez de frutose ou glicose-frutose)<\/li>\n<li><strong>\u00f3leo de palma n\u00e3o endurecido, obtido de planta\u00e7\u00f5es controladas de dendezeiros que n\u00e3o amea\u00e7am as florestas tropicais nem seus habitantes<\/strong><\/li>\n<\/ul>\n<p>Precisa de apoio durante o treino? A prote\u00edna contribui para o crescimento da massa muscular*. Niacina, tiamina, vitamina B5 (\u00e1cido pantot\u00eanico), vitamina B6 e vitamina B12 melhoram o metabolismo energ\u00e9tico. A vitamina C ajuda no bom funcionamento do sistema nervoso.<\/p>\n<p>A barra de prote\u00edna GO ON \u00e9 um snack proteico que pode desfrutar durante ou ap\u00f3s o exerc\u00edcio e em qualquer altura de um dia ativamente passado. VAI EM FRENTE &#8211; sempre para a frente!<\/p>\n<p>Uma barra de prote\u00edna GO ON consumida regularmente como parte de uma dieta devidamente equilibrada e um estilo de vida saud\u00e1vel ir\u00e1 ajud\u00e1-lo a obter esse efeito na sa\u00fade.<\/p>\n<p><strong>INGREDIENTES:<\/strong><\/p>\n<p>Chocolate 25% (massa de cacau, a\u00e7\u00facar, manteiga de cacau, emulsionantes: lecitinas (<strong>soja<\/strong>), E492; aroma natural de baunilha), concentrado de prote\u00edna de soro de leite WPC 80 (<strong>leite<\/strong>) 23,7%, xarope de glicose, inulina, gordura de palma n\u00e3o hidrogenada, agente reafirmante: maltit\u00f3is; cranberry seco ado\u00e7ado 3% (cranberry, a\u00e7\u00facar de cana, farinha de arroz, \u00f3leo de girassol); umectante: sorbit\u00f3is; bagas de goji secas 1,5%, subst\u00e2ncias enriquecedoras: citrato de magn\u00e9sio, vitamina C, niacina, vitamina E, \u00e1cido pantot\u00eanico (B5), vitamina B6, tiamina (B1), vitamina B12; emulsificante: lecitinas (<strong>soja);<\/strong>\u00a0aromatizante.<\/p>\n<p>Pode conter\u00a0<strong>gl\u00faten<\/strong>,\u00a0<strong>amendoim<\/strong>\u00a0e\u00a0<strong>outras nozes<\/strong>.<\/p>\n","protected":false},"excerpt":{"rendered":"<p>A barra de prote\u00edna GO ON com cranberry e goji, coberta com chocolate de sobremesa, \u00e9 uma deliciosa barra feita para atletas que vence os doces padr\u00e3o. Rico em prote\u00edna de soro de leite nutritiva WPC 80 e enriquecido com vitaminas, fornece nutrientes essenciais para pessoas fisicamente ativas. Criado para todos aqueles que amam o desporto e um\u00a0momento de prazer do chocolate com nota de frutas. A barra de prote\u00edna GO ON \u00e9 um lanche r\u00e1pido para pessoas ativas. Ele se reporta \u00e0 linha de chegada com excelentes resultados: cont\u00e9m\u00a0prote\u00edna\u00a0\u2013\u00a023,7%\u00a0de prote\u00edna completa WPC 80 fonte de 7 vitaminas: C, E, niacina, tiamina, \u00e1cido pantot\u00eanico, B6 e B12 Inulina\u00a0adicionada (5,2%) \u2013 um pr\u00e9-bi\u00f3tico de fonte natural fonte de fibra alimentar xarope de glicose\u00a0(em vez de frutose ou glicose-frutose) \u00f3leo de palma n\u00e3o endurecido, obtido de planta\u00e7\u00f5es controladas de dendezeiros que n\u00e3o amea\u00e7am as florestas tropicais nem seus habitantes Precisa de apoio durante o treino? A prote\u00edna contribui para o crescimento da massa muscular*. Niacina, tiamina, vitamina B5 (\u00e1cido pantot\u00eanico), vitamina B6 e vitamina B12 melhoram o metabolismo energ\u00e9tico. A vitamina C ajuda no bom funcionamento do sistema nervoso. A barra de prote\u00edna GO ON \u00e9 um snack proteico que pode desfrutar durante ou ap\u00f3s o exerc\u00edcio e em qualquer altura de um dia ativamente passado. VAI EM FRENTE &#8211; sempre para a frente! Uma barra de prote\u00edna GO ON consumida regularmente como parte de uma dieta devidamente equilibrada e um estilo de vida saud\u00e1vel ir\u00e1 ajud\u00e1-lo a obter esse efeito na sa\u00fade. INGREDIENTES: Chocolate 25% (massa de cacau, a\u00e7\u00facar, manteiga de cacau, emulsionantes: lecitinas (soja), E492; aroma natural de baunilha), concentrado de prote\u00edna de soro de leite WPC 80 (leite) 23,7%, xarope de glicose, inulina, gordura de palma n\u00e3o hidrogenada, agente reafirmante: maltit\u00f3is; cranberry seco ado\u00e7ado 3% (cranberry, a\u00e7\u00facar de cana, farinha de arroz, \u00f3leo de girassol); umectante: sorbit\u00f3is; bagas de goji secas 1,5%, subst\u00e2ncias enriquecedoras: citrato de magn\u00e9sio, vitamina C, niacina, vitamina E, \u00e1cido pantot\u00eanico (B5), vitamina B6, tiamina (B1), vitamina B12; emulsificante: lecitinas (soja);\u00a0aromatizante. Pode conter\u00a0gl\u00faten,\u00a0amendoim\u00a0e\u00a0outras nozes.<\/p>\n","protected":false},"featured_media":135044,"comment_status":"closed","ping_status":"closed","template":"","meta":{"neve_meta_sidebar":"","neve_meta_container":"","neve_meta_enable_content_width":"off","neve_meta_content_width":100,"neve_meta_title_alignment":"","neve_meta_author_avatar":"","neve_post_elements_order":"","neve_meta_disable_header":"","neve_meta_disable_footer":"","neve_meta_disable_title":""},"product_brand":[],"product_cat":[2014],"product_tag":[2015,3104],"class_list":{"0":"post-135041","1":"product","2":"type-product","3":"status-publish","4":"has-post-thumbnail","6":"product_cat-higiene-manutencao-e-catering","7":"product_tag-snacks","8":"product_tag-snacks-saudaveis","10":"first","11":"instock","12":"taxable","13":"shipping-taxable","14":"purchasable","15":"product-type-variable","16":"has-default-attributes"},"_links":{"self":[{"href":"https:\/\/ifoffice.pt\/index.php?rest_route=\/wp\/v2\/product\/135041","targetHints":{"allow":["GET"]}}],"collection":[{"href":"https:\/\/ifoffice.pt\/index.php?rest_route=\/wp\/v2\/product"}],"about":[{"href":"https:\/\/ifoffice.pt\/index.php?rest_route=\/wp\/v2\/types\/product"}],"replies":[{"embeddable":true,"href":"https:\/\/ifoffice.pt\/index.php?rest_route=%2Fwp%2Fv2%2Fcomments&post=135041"}],"wp:featuredmedia":[{"embeddable":true,"href":"https:\/\/ifoffice.pt\/index.php?rest_route=\/wp\/v2\/media\/135044"}],"wp:attachment":[{"href":"https:\/\/ifoffice.pt\/index.php?rest_route=%2Fwp%2Fv2%2Fmedia&parent=135041"}],"wp:term":[{"taxonomy":"product_brand","embeddable":true,"href":"https:\/\/ifoffice.pt\/index.php?rest_route=%2Fwp%2Fv2%2Fproduct_brand&post=135041"},{"taxonomy":"product_cat","embeddable":true,"href":"https:\/\/ifoffice.pt\/index.php?rest_route=%2Fwp%2Fv2%2Fproduct_cat&post=135041"},{"taxonomy":"product_tag","embeddable":true,"href":"https:\/\/ifoffice.pt\/index.php?rest_route=%2Fwp%2Fv2%2Fproduct_tag&post=135041"}],"curies":[{"name":"wp","href":"https:\/\/api.w.org\/{rel}","templated":true}]}}