{"id":134029,"date":"2024-10-14T14:44:44","date_gmt":"2024-10-14T14:44:44","guid":{"rendered":"https:\/\/ifoffice.pt\/?post_type=product&#038;p=134029"},"modified":"2026-01-12T17:38:24","modified_gmt":"2026-01-12T17:38:24","slug":"destruidora-de-papeis-leitz-optimax-office-p5","status":"publish","type":"product","link":"https:\/\/ifoffice.pt\/?product=destruidora-de-papeis-leitz-optimax-office-p5","title":{"rendered":"Destruidora de pap\u00e9is Leitz Optimax Office P5"},"content":{"rendered":"<p>APRESENTAMOS A NOVA DESTRUIDORA <strong>LEITZ OPTIMAX OFFICE P5<\/strong>\u00a0COM CESTO ROTATIVO<\/p>\n<ul>\n<li>Alta seguran\u00e7a \u2013 P5 2x15mm<\/li>\n<li>12-10\u00a0folhas70-80 GSM<\/li>\n<li>Cesto de\u00a035L, 540 folhas (A4 80grs)<\/li>\n<li>Capacidade +33%\u00a0Vs destruidora convencional<\/li>\n<li>Design redondo que permite a rota\u00e7\u00e3o do contentor<\/li>\n<li>Tecnologia anti encravamento<\/li>\n<li>120 min de trabalho ininterrupto<\/li>\n<li>Modo de suspens\u00e3o ECO ap\u00f3s 60 min<\/li>\n<li>Muito silenciosa 58 dBA<\/li>\n<li>Interface de simples utiliza\u00e7\u00e3o e leitura<\/li>\n<li>Controlo t\u00e1ctil<\/li>\n<li>Rod\u00edzios para desloca\u00e7\u00e3o sem dificuldades<\/li>\n<\/ul>\n<p>&nbsp;<\/p>\n","protected":false},"excerpt":{"rendered":"<p>APRESENTAMOS A NOVA DESTRUIDORA LEITZ OPTIMAX OFFICE P5\u00a0COM CESTO ROTATIVO Alta seguran\u00e7a \u2013 P5 2x15mm 12-10\u00a0folhas70-80 GSM Cesto de\u00a035L, 540 folhas (A4 80grs) Capacidade +33%\u00a0Vs destruidora convencional Design redondo que permite a rota\u00e7\u00e3o do contentor Tecnologia anti encravamento 120 min de trabalho ininterrupto Modo de suspens\u00e3o ECO ap\u00f3s 60 min Muito silenciosa 58 dBA Interface de simples utiliza\u00e7\u00e3o e leitura Controlo t\u00e1ctil Rod\u00edzios para desloca\u00e7\u00e3o sem dificuldades &nbsp;<\/p>\n","protected":false},"featured_media":134030,"comment_status":"closed","ping_status":"closed","template":"","meta":{"neve_meta_sidebar":"","neve_meta_container":"","neve_meta_enable_content_width":"off","neve_meta_content_width":100,"neve_meta_title_alignment":"","neve_meta_author_avatar":"","neve_post_elements_order":"","neve_meta_disable_header":"","neve_meta_disable_footer":"","neve_meta_disable_title":""},"product_brand":[],"product_cat":[1801],"product_tag":[2750,2956],"class_list":{"0":"post-134029","1":"product","2":"type-product","3":"status-publish","4":"has-post-thumbnail","6":"product_cat-equipamentos-de-escritorio","7":"product_tag-destruidoras","8":"product_tag-destruidoras-em-campanha","10":"first","11":"instock","12":"taxable","13":"shipping-taxable","14":"purchasable","15":"product-type-simple"},"_links":{"self":[{"href":"https:\/\/ifoffice.pt\/index.php?rest_route=\/wp\/v2\/product\/134029","targetHints":{"allow":["GET"]}}],"collection":[{"href":"https:\/\/ifoffice.pt\/index.php?rest_route=\/wp\/v2\/product"}],"about":[{"href":"https:\/\/ifoffice.pt\/index.php?rest_route=\/wp\/v2\/types\/product"}],"replies":[{"embeddable":true,"href":"https:\/\/ifoffice.pt\/index.php?rest_route=%2Fwp%2Fv2%2Fcomments&post=134029"}],"wp:featuredmedia":[{"embeddable":true,"href":"https:\/\/ifoffice.pt\/index.php?rest_route=\/wp\/v2\/media\/134030"}],"wp:attachment":[{"href":"https:\/\/ifoffice.pt\/index.php?rest_route=%2Fwp%2Fv2%2Fmedia&parent=134029"}],"wp:term":[{"taxonomy":"product_brand","embeddable":true,"href":"https:\/\/ifoffice.pt\/index.php?rest_route=%2Fwp%2Fv2%2Fproduct_brand&post=134029"},{"taxonomy":"product_cat","embeddable":true,"href":"https:\/\/ifoffice.pt\/index.php?rest_route=%2Fwp%2Fv2%2Fproduct_cat&post=134029"},{"taxonomy":"product_tag","embeddable":true,"href":"https:\/\/ifoffice.pt\/index.php?rest_route=%2Fwp%2Fv2%2Fproduct_tag&post=134029"}],"curies":[{"name":"wp","href":"https:\/\/api.w.org\/{rel}","templated":true}]}}