{"id":133990,"date":"2024-10-08T10:15:00","date_gmt":"2024-10-08T10:15:00","guid":{"rendered":"https:\/\/ifoffice.pt\/?post_type=product&#038;p=133990"},"modified":"2025-03-12T12:55:14","modified_gmt":"2025-03-12T12:55:14","slug":"lapis-facial-giotto-princesa-3-cores","status":"publish","type":"product","link":"https:\/\/ifoffice.pt\/?product=lapis-facial-giotto-princesa-3-cores","title":{"rendered":"L\u00e1pis Facial Giotto Princesa 3 Cores"},"content":{"rendered":"<p>Aprende a realizar esta maquilhagem de princesa com os produtos Giotto Make Up.<br \/>\nOs l\u00e1pis macios, as cores de maquilhagem coloridas e os bast\u00f5es de glitter cintilantes soltam a imagina\u00e7\u00e3o e inspiram os pequenos.<\/p>\n<p>Os produtos de maquilhagem Giotto Make Up s\u00e3o seguros, feitos de ingredientes inofensivos e pigmentos de alta qualidade.<br \/>\nDermatologicamente testados, f\u00e1ceis de usar e muito f\u00e1ceis de retirar da pele.<\/p>\n<p>N\u00e3o \u00e9 necess\u00e1rio uma camada protectora nem hidratante pr\u00e9vio.<\/p>\n<p>Os l\u00e1pis s\u00e3o feitas em madeira de cedro com certifica\u00e7\u00e3o PEFC, com uma mina gigante (di\u00e2metro 6,25).<br \/>\nEst\u00e3o equipados com uma tampa, para que a ponta esteja sempre protegida.<br \/>\nArmazene em local fresco e seco, n\u00e3o exceda 35 \u00b0C.<\/p>\n<p>Cores: Branco, Prata, Azul claro<\/p>\n<p>Adequado para crian\u00e7as com mais de 4 anos<br \/>\nCom supervis\u00e3o de adultos<\/p>\n","protected":false},"excerpt":{"rendered":"<p>Aprende a realizar esta maquilhagem de princesa com os produtos Giotto Make Up. Os l\u00e1pis macios, as cores de maquilhagem coloridas e os bast\u00f5es de glitter cintilantes soltam a imagina\u00e7\u00e3o e inspiram os pequenos. Os produtos de maquilhagem Giotto Make Up s\u00e3o seguros, feitos de ingredientes inofensivos e pigmentos de alta qualidade. Dermatologicamente testados, f\u00e1ceis de usar e muito f\u00e1ceis de retirar da pele. N\u00e3o \u00e9 necess\u00e1rio uma camada protectora nem hidratante pr\u00e9vio. Os l\u00e1pis s\u00e3o feitas em madeira de cedro com certifica\u00e7\u00e3o PEFC, com uma mina gigante (di\u00e2metro 6,25). Est\u00e3o equipados com uma tampa, para que a ponta esteja sempre protegida. Armazene em local fresco e seco, n\u00e3o exceda 35 \u00b0C. Cores: Branco, Prata, Azul claro Adequado para crian\u00e7as com mais de 4 anos Com supervis\u00e3o de adultos<\/p>\n","protected":false},"featured_media":133991,"comment_status":"open","ping_status":"closed","template":"","meta":{"neve_meta_sidebar":"","neve_meta_container":"","neve_meta_enable_content_width":"off","neve_meta_content_width":100,"neve_meta_title_alignment":"","neve_meta_author_avatar":"","neve_post_elements_order":"","neve_meta_disable_header":"","neve_meta_disable_footer":"","neve_meta_disable_title":""},"product_brand":[],"product_cat":[1938],"product_tag":[3014],"class_list":{"0":"post-133990","1":"product","2":"type-product","3":"status-publish","4":"has-post-thumbnail","6":"product_cat-pintura-a-dedos-e-maquilhagem","7":"product_tag-halloween","9":"first","10":"outofstock","11":"taxable","12":"shipping-taxable","13":"purchasable","14":"product-type-simple"},"_links":{"self":[{"href":"https:\/\/ifoffice.pt\/index.php?rest_route=\/wp\/v2\/product\/133990","targetHints":{"allow":["GET"]}}],"collection":[{"href":"https:\/\/ifoffice.pt\/index.php?rest_route=\/wp\/v2\/product"}],"about":[{"href":"https:\/\/ifoffice.pt\/index.php?rest_route=\/wp\/v2\/types\/product"}],"replies":[{"embeddable":true,"href":"https:\/\/ifoffice.pt\/index.php?rest_route=%2Fwp%2Fv2%2Fcomments&post=133990"}],"wp:featuredmedia":[{"embeddable":true,"href":"https:\/\/ifoffice.pt\/index.php?rest_route=\/wp\/v2\/media\/133991"}],"wp:attachment":[{"href":"https:\/\/ifoffice.pt\/index.php?rest_route=%2Fwp%2Fv2%2Fmedia&parent=133990"}],"wp:term":[{"taxonomy":"product_brand","embeddable":true,"href":"https:\/\/ifoffice.pt\/index.php?rest_route=%2Fwp%2Fv2%2Fproduct_brand&post=133990"},{"taxonomy":"product_cat","embeddable":true,"href":"https:\/\/ifoffice.pt\/index.php?rest_route=%2Fwp%2Fv2%2Fproduct_cat&post=133990"},{"taxonomy":"product_tag","embeddable":true,"href":"https:\/\/ifoffice.pt\/index.php?rest_route=%2Fwp%2Fv2%2Fproduct_tag&post=133990"}],"curies":[{"name":"wp","href":"https:\/\/api.w.org\/{rel}","templated":true}]}}