{"id":133988,"date":"2024-10-08T10:13:10","date_gmt":"2024-10-08T10:13:10","guid":{"rendered":"https:\/\/ifoffice.pt\/?post_type=product&#038;p=133988"},"modified":"2025-03-12T12:55:12","modified_gmt":"2025-03-12T12:55:12","slug":"lapis-facial-giotto-tigre-3-cores","status":"publish","type":"product","link":"https:\/\/ifoffice.pt\/?product=lapis-facial-giotto-tigre-3-cores","title":{"rendered":"L\u00e1pis Facial Giotto Tigre 3 Cores"},"content":{"rendered":"<p>Aprende a realizar esta maquilhagem de tigre com os produtos Giotto Make Up.<br \/>\nCom estes l\u00e1pis podes aplicar a maquilhagem mais felina no teu rosto e ficar radiante numa festa de m\u00e1scaras. Tens as melhores cores \u00e0 disposi\u00e7\u00e3o para te transformares num tigre.<\/p>\n<p>\u00c9 um l\u00e1pis de madeira realmente s\u00f3lido com uma mina macia.<br \/>\nPode ser afiado facilmente, fica bem na m\u00e3o e pode ser usado por muito tempo.<br \/>\nA maquilhagem infantil em forma de caneta \u00e9 \u00f3tima para ser usada pelas pr\u00f3prias crian\u00e7as. Claro sob supervis\u00e3o.<\/p>\n<p>Os produtos de maquilhagem Giotto Make Up s\u00e3o seguros, dermatologicamente testados, f\u00e1ceis de usar e muito f\u00e1ceis de retirar da pele.<br \/>\nN\u00e3o \u00e9 necess\u00e1rio uma camada protectora nem hidratante pr\u00e9vio.<\/p>\n<p>Evite contato com os olhos e l\u00e1bios. Em caso de contato com os olhos, lave com \u00e1gua em abund\u00e2ncia. Aplique apenas na pele ilesa e n\u00e3o irritada.<\/p>\n<p>Cores: Preto, Amarelo, Branco<br \/>\n3 l\u00e1pis com di\u00e2metro de 6,25mm<\/p>\n<p>Adequado para crian\u00e7as com mais de 4 anos<br \/>\nCom supervis\u00e3o de adultos<\/p>\n","protected":false},"excerpt":{"rendered":"<p>Aprende a realizar esta maquilhagem de tigre com os produtos Giotto Make Up. Com estes l\u00e1pis podes aplicar a maquilhagem mais felina no teu rosto e ficar radiante numa festa de m\u00e1scaras. Tens as melhores cores \u00e0 disposi\u00e7\u00e3o para te transformares num tigre. \u00c9 um l\u00e1pis de madeira realmente s\u00f3lido com uma mina macia. Pode ser afiado facilmente, fica bem na m\u00e3o e pode ser usado por muito tempo. A maquilhagem infantil em forma de caneta \u00e9 \u00f3tima para ser usada pelas pr\u00f3prias crian\u00e7as. Claro sob supervis\u00e3o. Os produtos de maquilhagem Giotto Make Up s\u00e3o seguros, dermatologicamente testados, f\u00e1ceis de usar e muito f\u00e1ceis de retirar da pele. N\u00e3o \u00e9 necess\u00e1rio uma camada protectora nem hidratante pr\u00e9vio. Evite contato com os olhos e l\u00e1bios. Em caso de contato com os olhos, lave com \u00e1gua em abund\u00e2ncia. Aplique apenas na pele ilesa e n\u00e3o irritada. Cores: Preto, Amarelo, Branco 3 l\u00e1pis com di\u00e2metro de 6,25mm Adequado para crian\u00e7as com mais de 4 anos Com supervis\u00e3o de adultos<\/p>\n","protected":false},"featured_media":133989,"comment_status":"open","ping_status":"closed","template":"","meta":{"neve_meta_sidebar":"","neve_meta_container":"","neve_meta_enable_content_width":"off","neve_meta_content_width":100,"neve_meta_title_alignment":"","neve_meta_author_avatar":"","neve_post_elements_order":"","neve_meta_disable_header":"","neve_meta_disable_footer":"","neve_meta_disable_title":""},"product_brand":[],"product_cat":[1938],"product_tag":[3014],"class_list":{"0":"post-133988","1":"product","2":"type-product","3":"status-publish","4":"has-post-thumbnail","6":"product_cat-pintura-a-dedos-e-maquilhagem","7":"product_tag-halloween","9":"first","10":"outofstock","11":"taxable","12":"shipping-taxable","13":"purchasable","14":"product-type-simple"},"_links":{"self":[{"href":"https:\/\/ifoffice.pt\/index.php?rest_route=\/wp\/v2\/product\/133988","targetHints":{"allow":["GET"]}}],"collection":[{"href":"https:\/\/ifoffice.pt\/index.php?rest_route=\/wp\/v2\/product"}],"about":[{"href":"https:\/\/ifoffice.pt\/index.php?rest_route=\/wp\/v2\/types\/product"}],"replies":[{"embeddable":true,"href":"https:\/\/ifoffice.pt\/index.php?rest_route=%2Fwp%2Fv2%2Fcomments&post=133988"}],"wp:featuredmedia":[{"embeddable":true,"href":"https:\/\/ifoffice.pt\/index.php?rest_route=\/wp\/v2\/media\/133989"}],"wp:attachment":[{"href":"https:\/\/ifoffice.pt\/index.php?rest_route=%2Fwp%2Fv2%2Fmedia&parent=133988"}],"wp:term":[{"taxonomy":"product_brand","embeddable":true,"href":"https:\/\/ifoffice.pt\/index.php?rest_route=%2Fwp%2Fv2%2Fproduct_brand&post=133988"},{"taxonomy":"product_cat","embeddable":true,"href":"https:\/\/ifoffice.pt\/index.php?rest_route=%2Fwp%2Fv2%2Fproduct_cat&post=133988"},{"taxonomy":"product_tag","embeddable":true,"href":"https:\/\/ifoffice.pt\/index.php?rest_route=%2Fwp%2Fv2%2Fproduct_tag&post=133988"}],"curies":[{"name":"wp","href":"https:\/\/api.w.org\/{rel}","templated":true}]}}