{"id":133980,"date":"2024-10-08T10:01:36","date_gmt":"2024-10-08T10:01:36","guid":{"rendered":"https:\/\/ifoffice.pt\/?post_type=product&#038;p=133980"},"modified":"2025-03-12T12:55:11","modified_gmt":"2025-03-12T12:55:11","slug":"pintura-facial-giotto-borboleta-3-cores","status":"publish","type":"product","link":"https:\/\/ifoffice.pt\/?product=pintura-facial-giotto-borboleta-3-cores","title":{"rendered":"Pintura Facial Giotto Borboleta 3 Cores"},"content":{"rendered":"<p>MAQUILHAGEM DE BORBOLETA. Aprende a realizar esta maquilhagem de borboleta com os produtos Giotto Make Up.<\/p>\n<p>Os produtos de maquilhagem Giotto Make Up s\u00e3o seguros, dermatologicamente testados, f\u00e1ceis de usar e muito f\u00e1ceis de retirar da pele. N\u00e3o \u00e9 necess\u00e1rio uma camada protectora nem hidratante pr\u00e9via.<\/p>\n<p>Conjunto de pintura facial certificado para uso na pele com f\u00e1cil aplica\u00e7\u00e3o. Ideal para festas a fantasia, carnaval ou Halloween.<\/p>\n<p>Feito com ingredientes seguros e pigmentos de alta qualidade.<br \/>\nProduto de qualidade cosm\u00e9tica.<br \/>\nTestado dermatologicamente.<\/p>\n<p>Secagem r\u00e1pida e n\u00e3o requer base, lav\u00e1vel com \u00e1gua e sab\u00e3o.<\/p>\n<p>Cores: Branco Metalizado, Violeta Metalizado, Prata<br \/>\nCont\u00e9m 3 frascos de 5ml<\/p>\n<p>Indicado para crian\u00e7as +4 anos<br \/>\nCom supervis\u00e3o de adultos<\/p>\n","protected":false},"excerpt":{"rendered":"<p>MAQUILHAGEM DE BORBOLETA. Aprende a realizar esta maquilhagem de borboleta com os produtos Giotto Make Up. Os produtos de maquilhagem Giotto Make Up s\u00e3o seguros, dermatologicamente testados, f\u00e1ceis de usar e muito f\u00e1ceis de retirar da pele. N\u00e3o \u00e9 necess\u00e1rio uma camada protectora nem hidratante pr\u00e9via. Conjunto de pintura facial certificado para uso na pele com f\u00e1cil aplica\u00e7\u00e3o. Ideal para festas a fantasia, carnaval ou Halloween. Feito com ingredientes seguros e pigmentos de alta qualidade. Produto de qualidade cosm\u00e9tica. Testado dermatologicamente. Secagem r\u00e1pida e n\u00e3o requer base, lav\u00e1vel com \u00e1gua e sab\u00e3o. Cores: Branco Metalizado, Violeta Metalizado, Prata Cont\u00e9m 3 frascos de 5ml Indicado para crian\u00e7as +4 anos Com supervis\u00e3o de adultos<\/p>\n","protected":false},"featured_media":133981,"comment_status":"open","ping_status":"closed","template":"","meta":{"neve_meta_sidebar":"","neve_meta_container":"","neve_meta_enable_content_width":"off","neve_meta_content_width":100,"neve_meta_title_alignment":"","neve_meta_author_avatar":"","neve_post_elements_order":"","neve_meta_disable_header":"","neve_meta_disable_footer":"","neve_meta_disable_title":""},"product_brand":[],"product_cat":[1938],"product_tag":[3014],"class_list":{"0":"post-133980","1":"product","2":"type-product","3":"status-publish","4":"has-post-thumbnail","6":"product_cat-pintura-a-dedos-e-maquilhagem","7":"product_tag-halloween","9":"first","10":"outofstock","11":"taxable","12":"shipping-taxable","13":"purchasable","14":"product-type-simple"},"_links":{"self":[{"href":"https:\/\/ifoffice.pt\/index.php?rest_route=\/wp\/v2\/product\/133980","targetHints":{"allow":["GET"]}}],"collection":[{"href":"https:\/\/ifoffice.pt\/index.php?rest_route=\/wp\/v2\/product"}],"about":[{"href":"https:\/\/ifoffice.pt\/index.php?rest_route=\/wp\/v2\/types\/product"}],"replies":[{"embeddable":true,"href":"https:\/\/ifoffice.pt\/index.php?rest_route=%2Fwp%2Fv2%2Fcomments&post=133980"}],"wp:featuredmedia":[{"embeddable":true,"href":"https:\/\/ifoffice.pt\/index.php?rest_route=\/wp\/v2\/media\/133981"}],"wp:attachment":[{"href":"https:\/\/ifoffice.pt\/index.php?rest_route=%2Fwp%2Fv2%2Fmedia&parent=133980"}],"wp:term":[{"taxonomy":"product_brand","embeddable":true,"href":"https:\/\/ifoffice.pt\/index.php?rest_route=%2Fwp%2Fv2%2Fproduct_brand&post=133980"},{"taxonomy":"product_cat","embeddable":true,"href":"https:\/\/ifoffice.pt\/index.php?rest_route=%2Fwp%2Fv2%2Fproduct_cat&post=133980"},{"taxonomy":"product_tag","embeddable":true,"href":"https:\/\/ifoffice.pt\/index.php?rest_route=%2Fwp%2Fv2%2Fproduct_tag&post=133980"}],"curies":[{"name":"wp","href":"https:\/\/api.w.org\/{rel}","templated":true}]}}