{"id":133978,"date":"2024-10-08T09:57:37","date_gmt":"2024-10-08T09:57:37","guid":{"rendered":"https:\/\/ifoffice.pt\/?post_type=product&#038;p=133978"},"modified":"2025-03-12T12:55:11","modified_gmt":"2025-03-12T12:55:11","slug":"pintura-facial-giotto-bruxa-3-cores","status":"publish","type":"product","link":"https:\/\/ifoffice.pt\/?product=pintura-facial-giotto-bruxa-3-cores","title":{"rendered":"Pintura Facial Giotto Bruxa 3 Cores"},"content":{"rendered":"<p>LANCE FEITI\u00c7OS DE CORES COM GIOTTO MAKE UP WITCH!<\/p>\n<p>A linha Giotto Make Up atualizou sua f\u00f3rmula e formatos, colorindo at\u00e9 a data mais monstruosa do ano com muita criatividade e o kit de pintura facial Giotto Make Up Witch, ideal para se transformar em uma bruxa aterrorizante. Uma f\u00f3rmula cremosa e f\u00e1cil de aplicar seca rapidamente e sai facilmente com \u00e1gua. Testado dermatologicamente.<\/p>\n<p>Descubra toda a gama de maquilhagem Giotto Make Up, com muitos mais trios de maquilhagem tem\u00e1ticos!<\/p>\n<p>F\u00e1cil de aplicar com uma esponja ou pincel.<br \/>\nAs cores s\u00e3o acondicionadas em um pr\u00e1tico frasco, ideal para guardar e transportar.<\/p>\n<p>Cores: Branco, Verde, Preto<br \/>\nCapacidade: 5ml<\/p>\n<p>Adequado para crian\u00e7as com mais de 4 anos<br \/>\nCom supervis\u00e3o de adultos<\/p>\n","protected":false},"excerpt":{"rendered":"<p>LANCE FEITI\u00c7OS DE CORES COM GIOTTO MAKE UP WITCH! A linha Giotto Make Up atualizou sua f\u00f3rmula e formatos, colorindo at\u00e9 a data mais monstruosa do ano com muita criatividade e o kit de pintura facial Giotto Make Up Witch, ideal para se transformar em uma bruxa aterrorizante. Uma f\u00f3rmula cremosa e f\u00e1cil de aplicar seca rapidamente e sai facilmente com \u00e1gua. Testado dermatologicamente. Descubra toda a gama de maquilhagem Giotto Make Up, com muitos mais trios de maquilhagem tem\u00e1ticos! F\u00e1cil de aplicar com uma esponja ou pincel. As cores s\u00e3o acondicionadas em um pr\u00e1tico frasco, ideal para guardar e transportar. Cores: Branco, Verde, Preto Capacidade: 5ml Adequado para crian\u00e7as com mais de 4 anos Com supervis\u00e3o de adultos<\/p>\n","protected":false},"featured_media":133979,"comment_status":"open","ping_status":"closed","template":"","meta":{"neve_meta_sidebar":"","neve_meta_container":"","neve_meta_enable_content_width":"off","neve_meta_content_width":100,"neve_meta_title_alignment":"","neve_meta_author_avatar":"","neve_post_elements_order":"","neve_meta_disable_header":"","neve_meta_disable_footer":"","neve_meta_disable_title":""},"product_brand":[],"product_cat":[1938],"product_tag":[3014],"class_list":{"0":"post-133978","1":"product","2":"type-product","3":"status-publish","4":"has-post-thumbnail","6":"product_cat-pintura-a-dedos-e-maquilhagem","7":"product_tag-halloween","9":"first","10":"outofstock","11":"taxable","12":"shipping-taxable","13":"purchasable","14":"product-type-simple"},"_links":{"self":[{"href":"https:\/\/ifoffice.pt\/index.php?rest_route=\/wp\/v2\/product\/133978","targetHints":{"allow":["GET"]}}],"collection":[{"href":"https:\/\/ifoffice.pt\/index.php?rest_route=\/wp\/v2\/product"}],"about":[{"href":"https:\/\/ifoffice.pt\/index.php?rest_route=\/wp\/v2\/types\/product"}],"replies":[{"embeddable":true,"href":"https:\/\/ifoffice.pt\/index.php?rest_route=%2Fwp%2Fv2%2Fcomments&post=133978"}],"wp:featuredmedia":[{"embeddable":true,"href":"https:\/\/ifoffice.pt\/index.php?rest_route=\/wp\/v2\/media\/133979"}],"wp:attachment":[{"href":"https:\/\/ifoffice.pt\/index.php?rest_route=%2Fwp%2Fv2%2Fmedia&parent=133978"}],"wp:term":[{"taxonomy":"product_brand","embeddable":true,"href":"https:\/\/ifoffice.pt\/index.php?rest_route=%2Fwp%2Fv2%2Fproduct_brand&post=133978"},{"taxonomy":"product_cat","embeddable":true,"href":"https:\/\/ifoffice.pt\/index.php?rest_route=%2Fwp%2Fv2%2Fproduct_cat&post=133978"},{"taxonomy":"product_tag","embeddable":true,"href":"https:\/\/ifoffice.pt\/index.php?rest_route=%2Fwp%2Fv2%2Fproduct_tag&post=133978"}],"curies":[{"name":"wp","href":"https:\/\/api.w.org\/{rel}","templated":true}]}}