{"id":133510,"date":"2024-06-18T15:52:10","date_gmt":"2024-06-18T15:52:10","guid":{"rendered":"https:\/\/ifoffice.pt\/?post_type=product&#038;p=133510"},"modified":"2026-02-23T12:49:48","modified_gmt":"2026-02-23T12:49:48","slug":"mochila-escolar-infantil-multibolso-flores","status":"publish","type":"product","link":"https:\/\/ifoffice.pt\/?product=mochila-escolar-infantil-multibolso-flores","title":{"rendered":"Mochila escolar liderpapel multibolso infantil desenho flores 350x110x270 mm"},"content":{"rendered":"<p>Esta mochila \u00e9 pr\u00e1tica, confort\u00e1vel, dur\u00e1vel e super organizada,<br \/>\nencorajando a independ\u00eancia das crian\u00e7as. O seu tamanho permite<br \/>\nguardar facilmente pastas ou livros. Al\u00e9m disso, possui fechos de correr<br \/>\nultra resistentes de 10 mm de espessura, acompanhados de grandes<br \/>\npuxadores de borracha, que permitem um acesso f\u00e1cil gra\u00e7as aos seus<br \/>\ncompartimentos de deslizamento suave. Fabricada em tecido resistente \u00e0<br \/>\n\u00e1gua e aos riscos, \u00e9 f\u00e1cil de limpar com simples toalhetes para a manter<br \/>\nimpec\u00e1vel e pronta para novas aventuras. O acolchoamento proporciona<br \/>\num conforto extra, com ventila\u00e7\u00e3o respir\u00e1vel nas costas e nos bra\u00e7os.<br \/>\nCom uma capacidade de 10 litros, oferece 5 compartimentos bem<br \/>\narrumados, incluindo 2 bolsos laterais el\u00e1sticos para transportar garrafas<br \/>\nde \u00e1gua ou guarda-chuvas, permitindo que as crian\u00e7as guardem tudo o<br \/>\nque precisam enquanto aprendem a ser organizadas. Segura no escuro<br \/>\ngra\u00e7as \u00e0s marcas refletoras que permitem que a mochila se destaque<br \/>\nno escuro ao refletir a luz. Tem tamb\u00e9m uma pega almofadada para<br \/>\nfacilitar o transporte e uma ader\u00eancia confort\u00e1vel. Inclui um cart\u00e3o de<br \/>\nidentifica\u00e7\u00e3o para registar as informa\u00e7\u00f5es desejadas em caso de perda e<br \/>\n\u00e9 compat\u00edvel com o carrinho ou a mochila.<\/p>\n<p><em> Medidas: 350 x 110 x 270 mm.<\/em><\/p>\n","protected":false},"excerpt":{"rendered":"<p>Mochila escolar liderpapel multibolso infantil desenho flores 350x110x270 mm<\/p>\n","protected":false},"featured_media":133511,"comment_status":"closed","ping_status":"closed","template":"","meta":{"neve_meta_sidebar":"","neve_meta_container":"","neve_meta_enable_content_width":"off","neve_meta_content_width":100,"neve_meta_title_alignment":"","neve_meta_author_avatar":"","neve_post_elements_order":"","neve_meta_disable_header":"","neve_meta_disable_footer":"","neve_meta_disable_title":""},"product_brand":[],"product_cat":[2186],"product_tag":[],"class_list":{"0":"post-133510","1":"product","2":"type-product","3":"status-publish","4":"has-post-thumbnail","6":"product_cat-mochilas-escolares","8":"first","9":"instock","10":"taxable","11":"shipping-taxable","12":"purchasable","13":"product-type-simple"},"_links":{"self":[{"href":"https:\/\/ifoffice.pt\/index.php?rest_route=\/wp\/v2\/product\/133510","targetHints":{"allow":["GET"]}}],"collection":[{"href":"https:\/\/ifoffice.pt\/index.php?rest_route=\/wp\/v2\/product"}],"about":[{"href":"https:\/\/ifoffice.pt\/index.php?rest_route=\/wp\/v2\/types\/product"}],"replies":[{"embeddable":true,"href":"https:\/\/ifoffice.pt\/index.php?rest_route=%2Fwp%2Fv2%2Fcomments&post=133510"}],"wp:featuredmedia":[{"embeddable":true,"href":"https:\/\/ifoffice.pt\/index.php?rest_route=\/wp\/v2\/media\/133511"}],"wp:attachment":[{"href":"https:\/\/ifoffice.pt\/index.php?rest_route=%2Fwp%2Fv2%2Fmedia&parent=133510"}],"wp:term":[{"taxonomy":"product_brand","embeddable":true,"href":"https:\/\/ifoffice.pt\/index.php?rest_route=%2Fwp%2Fv2%2Fproduct_brand&post=133510"},{"taxonomy":"product_cat","embeddable":true,"href":"https:\/\/ifoffice.pt\/index.php?rest_route=%2Fwp%2Fv2%2Fproduct_cat&post=133510"},{"taxonomy":"product_tag","embeddable":true,"href":"https:\/\/ifoffice.pt\/index.php?rest_route=%2Fwp%2Fv2%2Fproduct_tag&post=133510"}],"curies":[{"name":"wp","href":"https:\/\/api.w.org\/{rel}","templated":true}]}}