{"id":133451,"date":"2024-06-06T09:43:06","date_gmt":"2024-06-06T09:43:06","guid":{"rendered":"https:\/\/ifoffice.pt\/?post_type=product&#038;p=133451"},"modified":"2026-02-23T12:45:59","modified_gmt":"2026-02-23T12:45:59","slug":"comando-power-a-para-nintendo-switch-mario-kart-racer-red","status":"publish","type":"product","link":"https:\/\/ifoffice.pt\/?product=comando-power-a-para-nintendo-switch-mario-kart-racer-red","title":{"rendered":"Comando power a com cabo nano para nintendo switch mario kart racer red"},"content":{"rendered":"<div class=\"sc-kQwWFH fMgZto\">Sobre o produto<\/div>\n<div class=\"sc-dWTlHi jhiybM\">\n<p>O\u00a0<strong>comando com fios PowerA Nano<\/strong>, licenciado oficialmente para a Nintendo Switch, oferece controladores de tamanho normal que combinam controlos de tamanho normal com uma estrutura compacta. Independentemente do tipo de fisionomia, os jogadores podem agora desfrutar do conforto ergon\u00f3mico de um comando de alta qualidade. O design dos bot\u00f5es ABXY de tamanho normal \u00e9 maior do que o design dos bot\u00f5es Joy-Con para proporcionar uma sensa\u00e7\u00e3o familiar e confort\u00e1vel mesmo durante as sess\u00f5es de jogo mais intensas. Os man\u00edpulos anal\u00f3gicos precisos e os gatilhos ultra-sens\u00edveis proporcionam o m\u00e1ximo desempenho, independentemente do jogo. Al\u00e9m disso, os designs originais de artistas de renome mundial apresentam gr\u00e1ficos deslumbrantes e personagens ic\u00f3nicas que refletem o seu estilo e personalidade. Inclui um cabo micro USB de 2,4 m (8&#8242;) para que possa jogar com confian\u00e7a.<\/p>\n<h2>Caracter\u00edsticas:<\/h2>\n<ul>\n<li>Traga a emo\u00e7\u00e3o da pista de corridas para a sua sala de estar com este design inspirado nas boxes.<\/li>\n<li>Comando com fios vermelho metalizado com um design de bot\u00f5es intuitivo.<\/li>\n<li>Ergonomia confort\u00e1vel para todos os tamanhos de m\u00e3o.<\/li>\n<\/ul>\n<h2>Power A Mario Kart Racer Especifica\u00e7\u00f5es:<\/h2>\n<ul>\n<li><strong>Dispositivo de entrada<\/strong>\n<ul>\n<li>Tipo de unidade: Gamepad<\/li>\n<li>Tecnologia de controlo de jogo: Anal\u00f3gico<\/li>\n<li>Plataformas gaming suportadas: Nintendo Switch<\/li>\n<li>Thumbsticks anal\u00f3gicos: Sim<\/li>\n<li>Bot\u00f5es superiores: Sim<\/li>\n<\/ul>\n<\/li>\n<\/ul>\n<ul>\n<li><strong>Conectividade<\/strong>\n<ul>\n<li>Interface de dispositivo: USB<\/li>\n<li>Tipo de conetor USB: Micro-USB<\/li>\n<li>Tecnologia de conectividade: Com fios<\/li>\n<\/ul>\n<\/li>\n<\/ul>\n<ul>\n<li><strong>Ergonomia<\/strong>\n<ul>\n<li>Cor do produto: Vermelho<\/li>\n<li>Comprimento do cabo: 2,4 m<\/li>\n<li>Cabo amov\u00edvel: Sim<\/li>\n<li>Pega ergon\u00f3mica: Sim<\/li>\n<li>Plug and Play: Sim<\/li>\n<\/ul>\n<\/li>\n<\/ul>\n<ul>\n<li><strong>Gest\u00e3o de energia<\/strong>\n<ul>\n<li>Fonte de alimenta\u00e7\u00e3o: Cabo<\/li>\n<\/ul>\n<\/li>\n<\/ul>\n<ul>\n<li><strong>Conte\u00fado da embalagem<\/strong>\n<ul>\n<li>Cabos: USB<\/li>\n<\/ul>\n<\/li>\n<\/ul>\n<\/div>\n<p><span class=\"sc-kJbCpI hBkLNs\">Data de lan\u00e7amento: 24\/05\/2023<\/span><\/p>\n","protected":false},"excerpt":{"rendered":"<p>Comando power a com cabo nano para nintendo switch mario kart racer red<\/p>\n","protected":false},"featured_media":133452,"comment_status":"closed","ping_status":"closed","template":"","meta":{"neve_meta_sidebar":"","neve_meta_container":"","neve_meta_enable_content_width":"off","neve_meta_content_width":100,"neve_meta_title_alignment":"","neve_meta_author_avatar":"","neve_post_elements_order":"","neve_meta_disable_header":"","neve_meta_disable_footer":"","neve_meta_disable_title":""},"product_brand":[],"product_cat":[1769],"product_tag":[1180,2957],"class_list":{"0":"post-133451","1":"product","2":"type-product","3":"status-publish","4":"has-post-thumbnail","6":"product_cat-informatica","7":"product_tag-cabos","8":"product_tag-conetividade","10":"first","11":"instock","12":"taxable","13":"shipping-taxable","14":"purchasable","15":"product-type-simple"},"_links":{"self":[{"href":"https:\/\/ifoffice.pt\/index.php?rest_route=\/wp\/v2\/product\/133451","targetHints":{"allow":["GET"]}}],"collection":[{"href":"https:\/\/ifoffice.pt\/index.php?rest_route=\/wp\/v2\/product"}],"about":[{"href":"https:\/\/ifoffice.pt\/index.php?rest_route=\/wp\/v2\/types\/product"}],"replies":[{"embeddable":true,"href":"https:\/\/ifoffice.pt\/index.php?rest_route=%2Fwp%2Fv2%2Fcomments&post=133451"}],"wp:featuredmedia":[{"embeddable":true,"href":"https:\/\/ifoffice.pt\/index.php?rest_route=\/wp\/v2\/media\/133452"}],"wp:attachment":[{"href":"https:\/\/ifoffice.pt\/index.php?rest_route=%2Fwp%2Fv2%2Fmedia&parent=133451"}],"wp:term":[{"taxonomy":"product_brand","embeddable":true,"href":"https:\/\/ifoffice.pt\/index.php?rest_route=%2Fwp%2Fv2%2Fproduct_brand&post=133451"},{"taxonomy":"product_cat","embeddable":true,"href":"https:\/\/ifoffice.pt\/index.php?rest_route=%2Fwp%2Fv2%2Fproduct_cat&post=133451"},{"taxonomy":"product_tag","embeddable":true,"href":"https:\/\/ifoffice.pt\/index.php?rest_route=%2Fwp%2Fv2%2Fproduct_tag&post=133451"}],"curies":[{"name":"wp","href":"https:\/\/api.w.org\/{rel}","templated":true}]}}