{"id":133436,"date":"2024-06-06T08:25:08","date_gmt":"2024-06-06T08:25:08","guid":{"rendered":"https:\/\/ifoffice.pt\/?post_type=product&#038;p=133436"},"modified":"2026-02-23T12:45:58","modified_gmt":"2026-02-23T12:45:58","slug":"comando-power-a-sem-fios-enhanced-para-nintendo-switch-fortnite","status":"publish","type":"product","link":"https:\/\/ifoffice.pt\/?product=comando-power-a-sem-fios-enhanced-para-nintendo-switch-fortnite","title":{"rendered":"Comando power a sem fios enhanced para nintendo switch fortnite"},"content":{"rendered":"<p>Esta edi\u00e7\u00e3o especial do comando sem fios\u00a0<strong>PowerA Enhanced Wireless\u00a0<\/strong>para a\u00a0<strong>Nintendo Switch\u00a0<\/strong>apresenta uma arte inspirada no Peely do Fortnite. Inclui controlos de movimento intuitivos, um design ergon\u00f3mico confort\u00e1vel e um indicador LED de aviso de bateria fraca.<\/p>\n<h2>Caracter\u00edsticas:<\/h2>\n<ul>\n<li><strong>Obtenha uma vantagem nos jogos.<\/strong>\u00a0Com dois bot\u00f5es de jogo avan\u00e7ados atribu\u00edveis que pode programar rapidamente a meio do jogo. O comando sem fios PowerA melhorado para a Nintendo Switch ajuda-o a elevar o seu desempenho nos jogos a novos n\u00edveis. Literalmente.<\/li>\n<li><strong>Jogue uma e outra vez.\u00a0<\/strong>A nossa nova linha de comandos sem fios para a Nintendo Switch inclui uma bateria recarreg\u00e1vel que proporciona at\u00e9 30 horas de tempo de jogo. \u00c9 a verdadeira liberdade sem fios.<\/li>\n<li><strong>Controlo de movimentos<\/strong>. Desfrute de controlos de movimento intuitivos e super-divertidos para a Nintendo Switch. Estes controlos responsivos permitem-lhe inclinar para a esquerda ou para a direita para controlar as suas corridas, o seu destino e o seu jogo.<\/li>\n<li><strong>Design intuitivo do controlador<\/strong>. Entre em a\u00e7\u00e3o com um comando que lhe oferece uma disposi\u00e7\u00e3o de bot\u00f5es intuitiva e familiar e um conforto ergon\u00f3mico sem paralelo. Isso significa menos aprendizagem e mais jogo.<\/li>\n<li><strong>Design elegante<\/strong>. Os seus olhos v\u00e3o deliciar-se com designs n\u00edtidos e coloridos que d\u00e3o vida aos seus jogos e personagens favoritos. Concebidos por artistas de renome mundial, estes comandos s\u00e3o t\u00e3o bonitos que vai querer colecion\u00e1-los todos.<\/li>\n<\/ul>\n<h2>PowerA Enhanced Wireless Peely Fortnite Edition Especifica\u00e7\u00f5es:<\/h2>\n<ul>\n<li><strong>Dispositivo de entrada<\/strong>\n<ul>\n<li>Tipo de dispositivo: Gamepad<\/li>\n<li>Tecnologia de controlo de jogos: Anal\u00f3gico<\/li>\n<li>Plataformas de jogo suportadas: Nintendo Switch, Nintendo Switch Lite<\/li>\n<li>Bot\u00f5es program\u00e1veis: Sim<\/li>\n<\/ul>\n<\/li>\n<li><strong>Portas e interfaces<\/strong>\n<ul>\n<li>Interface do dispositivo: Bluetooth\/USB<\/li>\n<li>Conector USB: USB Tipo C<\/li>\n<li>Tecnologia de conetividade: Com e sem fios<\/li>\n<li>Porta combinada de sa\u00edda para auscultadores\/microfone: Sim<\/li>\n<\/ul>\n<\/li>\n<li><strong>Ergonomia<\/strong>\n<ul>\n<li>Cor do produto: Multicolorido<\/li>\n<li>Comprimento do cabo: 3 m<\/li>\n<li>Cabo amov\u00edvel: Sim<\/li>\n<li>Plug and Play: Sim<\/li>\n<\/ul>\n<\/li>\n<li><strong>Controlo da alimenta\u00e7\u00e3o<\/strong>\n<ul>\n<li>Fonte de alimenta\u00e7\u00e3o: Cabo\/Bateria<\/li>\n<li>Tipo de bateria: Integrada<\/li>\n<li>N\u00famero de pilhas suportadas: 1<\/li>\n<li>Dura\u00e7\u00e3o da bateria: 30 h<\/li>\n<li>Bateria recarreg\u00e1vel: Sim<\/li>\n<li>Bateria amov\u00edvel: Sim<\/li>\n<\/ul>\n<\/li>\n<li><strong>Conte\u00fado da embalagem<\/strong>\n<ul>\n<li>Pilhas inclu\u00eddas: Sim<\/li>\n<li>Cabos inclu\u00eddos: USB<\/li>\n<\/ul>\n<\/li>\n<\/ul>\n<p>&nbsp;<\/p>\n","protected":false},"excerpt":{"rendered":"<p>Comando power a sem fios enhanced para nintendo switch fortnite<\/p>\n","protected":false},"featured_media":133437,"comment_status":"closed","ping_status":"closed","template":"","meta":{"neve_meta_sidebar":"","neve_meta_container":"","neve_meta_enable_content_width":"off","neve_meta_content_width":100,"neve_meta_title_alignment":"","neve_meta_author_avatar":"","neve_post_elements_order":"","neve_meta_disable_header":"","neve_meta_disable_footer":"","neve_meta_disable_title":""},"product_brand":[],"product_cat":[2955,1769],"product_tag":[1180,2957],"class_list":{"0":"post-133436","1":"product","2":"type-product","3":"status-publish","4":"has-post-thumbnail","6":"product_cat-destaques","7":"product_cat-informatica","8":"product_tag-cabos","9":"product_tag-conetividade","11":"first","12":"instock","13":"sale","14":"taxable","15":"shipping-taxable","16":"purchasable","17":"product-type-simple"},"_links":{"self":[{"href":"https:\/\/ifoffice.pt\/index.php?rest_route=\/wp\/v2\/product\/133436","targetHints":{"allow":["GET"]}}],"collection":[{"href":"https:\/\/ifoffice.pt\/index.php?rest_route=\/wp\/v2\/product"}],"about":[{"href":"https:\/\/ifoffice.pt\/index.php?rest_route=\/wp\/v2\/types\/product"}],"replies":[{"embeddable":true,"href":"https:\/\/ifoffice.pt\/index.php?rest_route=%2Fwp%2Fv2%2Fcomments&post=133436"}],"wp:featuredmedia":[{"embeddable":true,"href":"https:\/\/ifoffice.pt\/index.php?rest_route=\/wp\/v2\/media\/133437"}],"wp:attachment":[{"href":"https:\/\/ifoffice.pt\/index.php?rest_route=%2Fwp%2Fv2%2Fmedia&parent=133436"}],"wp:term":[{"taxonomy":"product_brand","embeddable":true,"href":"https:\/\/ifoffice.pt\/index.php?rest_route=%2Fwp%2Fv2%2Fproduct_brand&post=133436"},{"taxonomy":"product_cat","embeddable":true,"href":"https:\/\/ifoffice.pt\/index.php?rest_route=%2Fwp%2Fv2%2Fproduct_cat&post=133436"},{"taxonomy":"product_tag","embeddable":true,"href":"https:\/\/ifoffice.pt\/index.php?rest_route=%2Fwp%2Fv2%2Fproduct_tag&post=133436"}],"curies":[{"name":"wp","href":"https:\/\/api.w.org\/{rel}","templated":true}]}}