{"id":133368,"date":"2024-05-21T15:55:40","date_gmt":"2024-05-21T15:55:40","guid":{"rendered":"https:\/\/ifoffice.pt\/?post_type=product&#038;p=133368"},"modified":"2025-03-12T12:54:48","modified_gmt":"2025-03-12T12:54:48","slug":"detergente-chao-pet-free-5l","status":"publish","type":"product","link":"https:\/\/ifoffice.pt\/?product=detergente-chao-pet-free-5l","title":{"rendered":"Detergente Ch\u00e3o PET FREE 5L"},"content":{"rendered":"<p>Descubra nossos concentrados perfumados sem PET em formatos de ambientador e limpador de piso. S\u00e3o especialmente concebidos para eliminar eficazmente os maus odores causados \u200b\u200bpelos nossos animais de estima\u00e7\u00e3o. Sua f\u00f3rmula exclusiva previne problemas como urina indesejada em \u00e1reas como terra\u00e7os, fachadas e recantos, ao mesmo tempo que refresca e perfuma os espa\u00e7os. Nossos produtos s\u00e3o seguros e sua fragr\u00e2ncia agrad\u00e1vel e fresca transforma o ambiente, transmitindo alegria e tranquilidade ao seu animal de estima\u00e7\u00e3o.<\/p>\n<p>Embalagem de 5 litros.<\/p>\n","protected":false},"excerpt":{"rendered":"<p>PRODUTO DE LIMPEZA DESINFETANTE DE SUPERF\u00cdCIES XERONA 5L<\/p>\n","protected":false},"featured_media":133369,"comment_status":"closed","ping_status":"closed","template":"","meta":{"neve_meta_sidebar":"","neve_meta_container":"","neve_meta_enable_content_width":"off","neve_meta_content_width":100,"neve_meta_title_alignment":"","neve_meta_author_avatar":"","neve_post_elements_order":"","neve_meta_disable_header":"","neve_meta_disable_footer":"","neve_meta_disable_title":""},"product_brand":[],"product_cat":[1791,1792],"product_tag":[889],"class_list":{"0":"post-133368","1":"product","2":"type-product","3":"status-publish","4":"has-post-thumbnail","6":"product_cat-prevencao","7":"product_cat-produtos-de-limpeza","8":"product_tag-desinfectantes","10":"first","11":"outofstock","12":"taxable","13":"shipping-taxable","14":"purchasable","15":"product-type-simple"},"_links":{"self":[{"href":"https:\/\/ifoffice.pt\/index.php?rest_route=\/wp\/v2\/product\/133368","targetHints":{"allow":["GET"]}}],"collection":[{"href":"https:\/\/ifoffice.pt\/index.php?rest_route=\/wp\/v2\/product"}],"about":[{"href":"https:\/\/ifoffice.pt\/index.php?rest_route=\/wp\/v2\/types\/product"}],"replies":[{"embeddable":true,"href":"https:\/\/ifoffice.pt\/index.php?rest_route=%2Fwp%2Fv2%2Fcomments&post=133368"}],"wp:featuredmedia":[{"embeddable":true,"href":"https:\/\/ifoffice.pt\/index.php?rest_route=\/wp\/v2\/media\/133369"}],"wp:attachment":[{"href":"https:\/\/ifoffice.pt\/index.php?rest_route=%2Fwp%2Fv2%2Fmedia&parent=133368"}],"wp:term":[{"taxonomy":"product_brand","embeddable":true,"href":"https:\/\/ifoffice.pt\/index.php?rest_route=%2Fwp%2Fv2%2Fproduct_brand&post=133368"},{"taxonomy":"product_cat","embeddable":true,"href":"https:\/\/ifoffice.pt\/index.php?rest_route=%2Fwp%2Fv2%2Fproduct_cat&post=133368"},{"taxonomy":"product_tag","embeddable":true,"href":"https:\/\/ifoffice.pt\/index.php?rest_route=%2Fwp%2Fv2%2Fproduct_tag&post=133368"}],"curies":[{"name":"wp","href":"https:\/\/api.w.org\/{rel}","templated":true}]}}