{"id":133299,"date":"2024-03-20T10:40:52","date_gmt":"2024-03-20T10:40:52","guid":{"rendered":"https:\/\/ifoffice.pt\/?post_type=product&#038;p=133299"},"modified":"2026-04-17T16:03:58","modified_gmt":"2026-04-17T16:03:58","slug":"sapatos-de-seguranca-deltaplus-com-biqueira-composite-numero-41","status":"publish","type":"product","link":"https:\/\/ifoffice.pt\/?product=sapatos-de-seguranca-deltaplus-com-biqueira-composite-numero-41","title":{"rendered":"Sapatos de seguranca deltaplus com biqueira composite &#8211; CINTO S1PS SR"},"content":{"rendered":"<p>Sapato de cano baixo leve e respir\u00e1vel para utiliza\u00e7\u00e3o industrial.<\/p>\n<p>&nbsp;<\/p>\n","protected":false},"excerpt":{"rendered":"<div>Ref. :\u00a0<span class=\"uppercase\">CINTSPS01<\/span><\/div>\n<div>[ Antiga refer\u00eancia: CINTOS1PS ]<\/div>\n","protected":false},"featured_media":133300,"comment_status":"closed","ping_status":"closed","template":"","meta":{"neve_meta_sidebar":"","neve_meta_container":"","neve_meta_enable_content_width":"off","neve_meta_content_width":100,"neve_meta_title_alignment":"","neve_meta_author_avatar":"","neve_post_elements_order":"","neve_meta_disable_header":"","neve_meta_disable_footer":"","neve_meta_disable_title":""},"product_brand":[],"product_cat":[1791],"product_tag":[1316,2949],"class_list":{"0":"post-133299","1":"product","2":"type-product","3":"status-publish","4":"has-post-thumbnail","6":"product_cat-prevencao","7":"product_tag-sapatos","8":"product_tag-seguranca-epis","10":"first","11":"instock","12":"taxable","13":"shipping-taxable","14":"purchasable","15":"product-type-variable","16":"has-default-attributes"},"_links":{"self":[{"href":"https:\/\/ifoffice.pt\/index.php?rest_route=\/wp\/v2\/product\/133299","targetHints":{"allow":["GET"]}}],"collection":[{"href":"https:\/\/ifoffice.pt\/index.php?rest_route=\/wp\/v2\/product"}],"about":[{"href":"https:\/\/ifoffice.pt\/index.php?rest_route=\/wp\/v2\/types\/product"}],"replies":[{"embeddable":true,"href":"https:\/\/ifoffice.pt\/index.php?rest_route=%2Fwp%2Fv2%2Fcomments&post=133299"}],"wp:featuredmedia":[{"embeddable":true,"href":"https:\/\/ifoffice.pt\/index.php?rest_route=\/wp\/v2\/media\/133300"}],"wp:attachment":[{"href":"https:\/\/ifoffice.pt\/index.php?rest_route=%2Fwp%2Fv2%2Fmedia&parent=133299"}],"wp:term":[{"taxonomy":"product_brand","embeddable":true,"href":"https:\/\/ifoffice.pt\/index.php?rest_route=%2Fwp%2Fv2%2Fproduct_brand&post=133299"},{"taxonomy":"product_cat","embeddable":true,"href":"https:\/\/ifoffice.pt\/index.php?rest_route=%2Fwp%2Fv2%2Fproduct_cat&post=133299"},{"taxonomy":"product_tag","embeddable":true,"href":"https:\/\/ifoffice.pt\/index.php?rest_route=%2Fwp%2Fv2%2Fproduct_tag&post=133299"}],"curies":[{"name":"wp","href":"https:\/\/api.w.org\/{rel}","templated":true}]}}