{"id":133292,"date":"2024-03-20T09:56:02","date_gmt":"2024-03-20T09:56:02","guid":{"rendered":"https:\/\/ifoffice.pt\/?post_type=product&#038;p=133292"},"modified":"2026-04-17T16:07:44","modified_gmt":"2026-04-17T16:07:44","slug":"tampao-para-ouvidodeltaplus-poliuretano-200-un","status":"publish","type":"product","link":"https:\/\/ifoffice.pt\/?product=tampao-para-ouvidodeltaplus-poliuretano-200-un","title":{"rendered":"TAMPAO PARA OUVIDODELTAPLUS POLIURETANO 200 UN. &#8211; CONIC2 200"},"content":{"rendered":"<p>Fabricado em espuma de poliuretano de uso \u00fanico. Cor amarelo. Oferece uma grande prote\u00e7\u00e3o em todas as frequ\u00eancias. N\u00e3o cont\u00e9m PVC. Antial\u00e9rgico. Forma ergon\u00f3mica que se adapta a todos os tipos de conduta auditiva. Liso, as impurezas n\u00e3o aderem. Apresentado em bl\u00edster com 10 pares de tamp\u00f5es. Nivel de ru\u00eddo: 32 dB.<\/p>\n","protected":false},"excerpt":{"rendered":"<p>Tampao para ouvido deltaplus poliuretano de uso unico<\/p>\n","protected":false},"featured_media":133293,"comment_status":"closed","ping_status":"closed","template":"","meta":{"neve_meta_sidebar":"","neve_meta_container":"","neve_meta_enable_content_width":"off","neve_meta_content_width":100,"neve_meta_title_alignment":"","neve_meta_author_avatar":"","neve_post_elements_order":"","neve_meta_disable_header":"","neve_meta_disable_footer":"","neve_meta_disable_title":""},"product_brand":[],"product_cat":[1791],"product_tag":[2949,985],"class_list":{"0":"post-133292","1":"product","2":"type-product","3":"status-publish","4":"has-post-thumbnail","6":"product_cat-prevencao","7":"product_tag-seguranca-epis","8":"product_tag-tampoes-para-ouvidos","10":"first","11":"instock","12":"taxable","13":"shipping-taxable","14":"purchasable","15":"product-type-simple"},"_links":{"self":[{"href":"https:\/\/ifoffice.pt\/index.php?rest_route=\/wp\/v2\/product\/133292","targetHints":{"allow":["GET"]}}],"collection":[{"href":"https:\/\/ifoffice.pt\/index.php?rest_route=\/wp\/v2\/product"}],"about":[{"href":"https:\/\/ifoffice.pt\/index.php?rest_route=\/wp\/v2\/types\/product"}],"replies":[{"embeddable":true,"href":"https:\/\/ifoffice.pt\/index.php?rest_route=%2Fwp%2Fv2%2Fcomments&post=133292"}],"wp:featuredmedia":[{"embeddable":true,"href":"https:\/\/ifoffice.pt\/index.php?rest_route=\/wp\/v2\/media\/133293"}],"wp:attachment":[{"href":"https:\/\/ifoffice.pt\/index.php?rest_route=%2Fwp%2Fv2%2Fmedia&parent=133292"}],"wp:term":[{"taxonomy":"product_brand","embeddable":true,"href":"https:\/\/ifoffice.pt\/index.php?rest_route=%2Fwp%2Fv2%2Fproduct_brand&post=133292"},{"taxonomy":"product_cat","embeddable":true,"href":"https:\/\/ifoffice.pt\/index.php?rest_route=%2Fwp%2Fv2%2Fproduct_cat&post=133292"},{"taxonomy":"product_tag","embeddable":true,"href":"https:\/\/ifoffice.pt\/index.php?rest_route=%2Fwp%2Fv2%2Fproduct_tag&post=133292"}],"curies":[{"name":"wp","href":"https:\/\/api.w.org\/{rel}","templated":true}]}}