{"id":133262,"date":"2024-03-05T09:40:07","date_gmt":"2024-03-05T09:40:07","guid":{"rendered":"https:\/\/ifoffice.pt\/?post_type=product&#038;p=133262"},"modified":"2025-03-12T16:58:28","modified_gmt":"2025-03-12T16:58:28","slug":"papel-higienico-jumbo-100mts-2fls-papernet-18un","status":"publish","type":"product","link":"https:\/\/ifoffice.pt\/?product=papel-higienico-jumbo-100mts-2fls-papernet-18un","title":{"rendered":"Papel Higi\u00e9nico (Jumbo) 100mts 2Fls PAPERNET 18un"},"content":{"rendered":"<p>Gra\u00e7as ao seu tamanho, o papel higi\u00e9nico Mini Jumbo \u00e9 perfeito para locais pequenos com um elevado n\u00famero de pessoas por dia.<br \/>\nEsta particularidade permite otimizar os custos e reduzir os tempos de recarga.<\/p>\n<p>Qualidade: Branco, Celulose Pura<br \/>\nN\u00ba Folhas: 2<br \/>\nFolhas por Rolo: 500<br \/>\nGramagem: 15,5 g\/m\u00b2<\/p>\n<p>Altura da Folha: 8,7 cm<br \/>\nComprimento da Folha: 20 cm<br \/>\nDi\u00e2metro do Rolo: 18 cm<br \/>\nComprimento do Rolo: 100 m<br \/>\nMandril: 6 cm<\/p>\n<p>Dimens\u00f5es da caixa: 26,1 x 36 x 54 cm<br \/>\nVolume: 0.051 m\u00b3<\/p>\n<p>Certifica\u00e7\u00f5es<br \/>\nEU ECOLABEL<br \/>\nO r\u00f3tulo ecol\u00f3gico da UE indica um produto que garante um impacto ambiental reduzido em todas as fases do seu ciclo de vida.<\/p>\n","protected":false},"excerpt":{"rendered":"<p>Gra\u00e7as ao seu tamanho, o papel higi\u00e9nico Mini Jumbo \u00e9 perfeito para locais pequenos com um elevado n\u00famero de pessoas por dia. Esta particularidade permite otimizar os custos e reduzir os tempos de recarga. Qualidade: Branco, Celulose Pura N\u00ba Folhas: 2 Folhas por Rolo: 500 Gramagem: 15,5 g\/m\u00b2 Altura da Folha: 8,7 cm Comprimento da Folha: 20 cm Di\u00e2metro do Rolo: 18 cm Comprimento do Rolo: 100 m Mandril: 6 cm Dimens\u00f5es da caixa: 26,1 x 36 x 54 cm Volume: 0.051 m\u00b3 Certifica\u00e7\u00f5es EU ECOLABEL O r\u00f3tulo ecol\u00f3gico da UE indica um produto que garante um impacto ambiental reduzido em todas as fases do seu ciclo de vida.<\/p>\n","protected":false},"featured_media":133263,"comment_status":"closed","ping_status":"closed","template":"","meta":{"neve_meta_sidebar":"","neve_meta_container":"","neve_meta_enable_content_width":"off","neve_meta_content_width":100,"neve_meta_title_alignment":"","neve_meta_author_avatar":"","neve_post_elements_order":"","neve_meta_disable_header":"","neve_meta_disable_footer":"","neve_meta_disable_title":""},"product_brand":[],"product_cat":[1816],"product_tag":[983],"class_list":{"0":"post-133262","1":"product","2":"type-product","3":"status-publish","4":"has-post-thumbnail","6":"product_cat-lencos-papel-papel-hig-toalhe","7":"product_tag-papel-higienico","9":"first","10":"instock","11":"taxable","12":"shipping-taxable","13":"purchasable","14":"product-type-simple"},"_links":{"self":[{"href":"https:\/\/ifoffice.pt\/index.php?rest_route=\/wp\/v2\/product\/133262","targetHints":{"allow":["GET"]}}],"collection":[{"href":"https:\/\/ifoffice.pt\/index.php?rest_route=\/wp\/v2\/product"}],"about":[{"href":"https:\/\/ifoffice.pt\/index.php?rest_route=\/wp\/v2\/types\/product"}],"replies":[{"embeddable":true,"href":"https:\/\/ifoffice.pt\/index.php?rest_route=%2Fwp%2Fv2%2Fcomments&post=133262"}],"wp:featuredmedia":[{"embeddable":true,"href":"https:\/\/ifoffice.pt\/index.php?rest_route=\/wp\/v2\/media\/133263"}],"wp:attachment":[{"href":"https:\/\/ifoffice.pt\/index.php?rest_route=%2Fwp%2Fv2%2Fmedia&parent=133262"}],"wp:term":[{"taxonomy":"product_brand","embeddable":true,"href":"https:\/\/ifoffice.pt\/index.php?rest_route=%2Fwp%2Fv2%2Fproduct_brand&post=133262"},{"taxonomy":"product_cat","embeddable":true,"href":"https:\/\/ifoffice.pt\/index.php?rest_route=%2Fwp%2Fv2%2Fproduct_cat&post=133262"},{"taxonomy":"product_tag","embeddable":true,"href":"https:\/\/ifoffice.pt\/index.php?rest_route=%2Fwp%2Fv2%2Fproduct_tag&post=133262"}],"curies":[{"name":"wp","href":"https:\/\/api.w.org\/{rel}","templated":true}]}}