{"id":133245,"date":"2024-02-22T12:35:22","date_gmt":"2024-02-22T12:35:22","guid":{"rendered":"https:\/\/ifoffice.pt\/?post_type=product&#038;p=133245"},"modified":"2025-03-12T16:00:00","modified_gmt":"2025-03-12T16:00:00","slug":"cola-universal-bisnaga-35ml-safel","status":"publish","type":"product","link":"https:\/\/ifoffice.pt\/?product=cola-universal-bisnaga-35ml-safel","title":{"rendered":"Cola Universal Bisnaga 35ml Safel"},"content":{"rendered":"<p>\u00c9 a cola perfeita para os trabalhos quotidianos em casa, no escrit\u00f3rio ou para trabalhos manuais. Transparente, cristalina, limpa, f\u00e1cil de usar em praticamente todo o tipo de materiais. O tubo.<\/p>\n","protected":false},"excerpt":{"rendered":"<p>\u00c9 a cola perfeita para os trabalhos quotidianos em casa, no escrit\u00f3rio ou para trabalhos manuais. Transparente, cristalina, limpa, f\u00e1cil de usar em praticamente todo o tipo de materiais. O tubo.<\/p>\n","protected":false},"featured_media":133246,"comment_status":"closed","ping_status":"closed","template":"","meta":{"neve_meta_sidebar":"","neve_meta_container":"","neve_meta_enable_content_width":"off","neve_meta_content_width":100,"neve_meta_title_alignment":"","neve_meta_author_avatar":"","neve_post_elements_order":"","neve_meta_disable_header":"","neve_meta_disable_footer":"","neve_meta_disable_title":""},"product_brand":[],"product_cat":[1758,2955],"product_tag":[1476],"class_list":{"0":"post-133245","1":"product","2":"type-product","3":"status-publish","4":"has-post-thumbnail","6":"product_cat-cola-em-tubo","7":"product_cat-destaques","8":"product_tag-universal","10":"first","11":"instock","12":"taxable","13":"shipping-taxable","14":"purchasable","15":"product-type-simple"},"_links":{"self":[{"href":"https:\/\/ifoffice.pt\/index.php?rest_route=\/wp\/v2\/product\/133245","targetHints":{"allow":["GET"]}}],"collection":[{"href":"https:\/\/ifoffice.pt\/index.php?rest_route=\/wp\/v2\/product"}],"about":[{"href":"https:\/\/ifoffice.pt\/index.php?rest_route=\/wp\/v2\/types\/product"}],"replies":[{"embeddable":true,"href":"https:\/\/ifoffice.pt\/index.php?rest_route=%2Fwp%2Fv2%2Fcomments&post=133245"}],"wp:featuredmedia":[{"embeddable":true,"href":"https:\/\/ifoffice.pt\/index.php?rest_route=\/wp\/v2\/media\/133246"}],"wp:attachment":[{"href":"https:\/\/ifoffice.pt\/index.php?rest_route=%2Fwp%2Fv2%2Fmedia&parent=133245"}],"wp:term":[{"taxonomy":"product_brand","embeddable":true,"href":"https:\/\/ifoffice.pt\/index.php?rest_route=%2Fwp%2Fv2%2Fproduct_brand&post=133245"},{"taxonomy":"product_cat","embeddable":true,"href":"https:\/\/ifoffice.pt\/index.php?rest_route=%2Fwp%2Fv2%2Fproduct_cat&post=133245"},{"taxonomy":"product_tag","embeddable":true,"href":"https:\/\/ifoffice.pt\/index.php?rest_route=%2Fwp%2Fv2%2Fproduct_tag&post=133245"}],"curies":[{"name":"wp","href":"https:\/\/api.w.org\/{rel}","templated":true}]}}