{"id":127276,"date":"2023-05-15T15:37:01","date_gmt":"2023-05-15T15:37:01","guid":{"rendered":"https:\/\/ifoffice.pt\/?post_type=product&#038;p=127276"},"modified":"2025-03-12T12:44:00","modified_gmt":"2025-03-12T12:44:00","slug":"fonte-de-agua-purificada-quente-fria-hf-7000b-branco","status":"publish","type":"product","link":"https:\/\/ifoffice.pt\/?product=fonte-de-agua-purificada-quente-fria-hf-7000b-branco","title":{"rendered":"Fonte de \u00e1gua purificada Quente\/ Fria HF-7000B Branco"},"content":{"rendered":"<p>A MELHOR FORMA DE BEBER \u00c1GUA + Amiga do Ambiente + Saud\u00e1vel + Simples<\/p>\n<p>O equipamento HF-7000 assume-se com um design exclusivo, permitindo dar mais valor, qualidade e est\u00e9tica aos locais de trabalho.<br \/>\n\u00danico na Europa, o HF-7000 veio revolucionar o mercado com a membrana de Ultra Filtragem.<\/p>\n<p>Processo de filtragem:<br \/>\n1x Filtro \u00e0 base de polipropileno, capacitado para uma alta reten\u00e7\u00e3o de s\u00f3lidos, como por exemplo areias, cistos e micro algas.<br \/>\n2x Filtros de GAC (Granulated Active Carbon) respons\u00e1veis por purificar a \u00e1gua eliminando 99,98% do cloro.<br \/>\n1x Membrana de Ultra Filtragem feita \u00e0 base de polisulfone, material utilizado para Hemodi\u00e1lise, permite que a \u00c1gua seja purificada de forma exclusiva, livre de todas as bact\u00e9rias e qualquer endotoxina prejudicial \u00e0 sa\u00fade p\u00fablica.<\/p>\n<p>Tubo para \u00e1gua +\/- 3m<\/p>\n<p>Manuten\u00e7\u00e3o aconselhada depende da tiragem de \u00e1gua:<br \/>\nRegular &#8211; Anual<br \/>\nElevada &#8211; Semestral<\/p>\n","protected":false},"excerpt":{"rendered":"<p>M\u00e1quina Filtragem \u00c1gua Quente\/ Fria HF-7000B Branco<\/p>\n","protected":false},"featured_media":127277,"comment_status":"closed","ping_status":"closed","template":"","meta":{"neve_meta_sidebar":"","neve_meta_container":"","neve_meta_enable_content_width":"off","neve_meta_content_width":100,"neve_meta_title_alignment":"","neve_meta_author_avatar":"","neve_post_elements_order":"","neve_meta_disable_header":"","neve_meta_disable_footer":"","neve_meta_disable_title":""},"product_brand":[],"product_cat":[1806],"product_tag":[2338],"class_list":{"0":"post-127276","1":"product","2":"type-product","3":"status-publish","4":"has-post-thumbnail","6":"product_cat-dispensadores","7":"product_tag-dispensador-de-agua","9":"first","10":"outofstock","11":"taxable","12":"shipping-taxable","13":"purchasable","14":"product-type-simple"},"_links":{"self":[{"href":"https:\/\/ifoffice.pt\/index.php?rest_route=\/wp\/v2\/product\/127276","targetHints":{"allow":["GET"]}}],"collection":[{"href":"https:\/\/ifoffice.pt\/index.php?rest_route=\/wp\/v2\/product"}],"about":[{"href":"https:\/\/ifoffice.pt\/index.php?rest_route=\/wp\/v2\/types\/product"}],"replies":[{"embeddable":true,"href":"https:\/\/ifoffice.pt\/index.php?rest_route=%2Fwp%2Fv2%2Fcomments&post=127276"}],"wp:featuredmedia":[{"embeddable":true,"href":"https:\/\/ifoffice.pt\/index.php?rest_route=\/wp\/v2\/media\/127277"}],"wp:attachment":[{"href":"https:\/\/ifoffice.pt\/index.php?rest_route=%2Fwp%2Fv2%2Fmedia&parent=127276"}],"wp:term":[{"taxonomy":"product_brand","embeddable":true,"href":"https:\/\/ifoffice.pt\/index.php?rest_route=%2Fwp%2Fv2%2Fproduct_brand&post=127276"},{"taxonomy":"product_cat","embeddable":true,"href":"https:\/\/ifoffice.pt\/index.php?rest_route=%2Fwp%2Fv2%2Fproduct_cat&post=127276"},{"taxonomy":"product_tag","embeddable":true,"href":"https:\/\/ifoffice.pt\/index.php?rest_route=%2Fwp%2Fv2%2Fproduct_tag&post=127276"}],"curies":[{"name":"wp","href":"https:\/\/api.w.org\/{rel}","templated":true}]}}