{"id":112047,"date":"2023-03-07T11:47:23","date_gmt":"2023-03-07T11:47:23","guid":{"rendered":"https:\/\/ifoffice.pt\/?post_type=product&#038;p=112047"},"modified":"2026-02-23T12:57:57","modified_gmt":"2026-02-23T12:57:57","slug":"roller-parker-im-essential-aco-ct","status":"publish","type":"product","link":"https:\/\/ifoffice.pt\/?product=roller-parker-im-essential-aco-ct","title":{"rendered":"Roller parker im essential aco ct"},"content":{"rendered":"<p>Altamente profissional e fi\u00e1vel, Parker IM \u00e9 a companheira ideal para escrita di\u00e1ria, com um potencial ilimitado e um estilo refinado. Os novos acabamentos IM Essential, dispon\u00edveis em caneta, roller e esferogr\u00e1fica, oferecem uma rela\u00e7\u00e3o qualidade &#8211; pre\u00e7o imbat\u00edvel e s\u00e3o fabricados de acordo com os padr\u00f5es de qualidade Parker para uma experi\u00eancia de escrita de confian\u00e7a.<\/p>\n","protected":false},"excerpt":{"rendered":"<p>Roller parker im essential aco ct<\/p>\n","protected":false},"featured_media":114074,"comment_status":"open","ping_status":"closed","template":"","meta":{"neve_meta_sidebar":"","neve_meta_container":"","neve_meta_enable_content_width":"","neve_meta_content_width":0,"neve_meta_title_alignment":"","neve_meta_author_avatar":"","neve_post_elements_order":"","neve_meta_disable_header":"","neve_meta_disable_footer":"","neve_meta_disable_title":""},"product_brand":[],"product_cat":[1762],"product_tag":[],"class_list":{"0":"post-112047","1":"product","2":"type-product","3":"status-publish","4":"has-post-thumbnail","6":"product_cat-estojo-parker","8":"first","9":"instock","10":"taxable","11":"shipping-taxable","12":"purchasable","13":"product-type-simple"},"_links":{"self":[{"href":"https:\/\/ifoffice.pt\/index.php?rest_route=\/wp\/v2\/product\/112047","targetHints":{"allow":["GET"]}}],"collection":[{"href":"https:\/\/ifoffice.pt\/index.php?rest_route=\/wp\/v2\/product"}],"about":[{"href":"https:\/\/ifoffice.pt\/index.php?rest_route=\/wp\/v2\/types\/product"}],"replies":[{"embeddable":true,"href":"https:\/\/ifoffice.pt\/index.php?rest_route=%2Fwp%2Fv2%2Fcomments&post=112047"}],"wp:featuredmedia":[{"embeddable":true,"href":"https:\/\/ifoffice.pt\/index.php?rest_route=\/wp\/v2\/media\/114074"}],"wp:attachment":[{"href":"https:\/\/ifoffice.pt\/index.php?rest_route=%2Fwp%2Fv2%2Fmedia&parent=112047"}],"wp:term":[{"taxonomy":"product_brand","embeddable":true,"href":"https:\/\/ifoffice.pt\/index.php?rest_route=%2Fwp%2Fv2%2Fproduct_brand&post=112047"},{"taxonomy":"product_cat","embeddable":true,"href":"https:\/\/ifoffice.pt\/index.php?rest_route=%2Fwp%2Fv2%2Fproduct_cat&post=112047"},{"taxonomy":"product_tag","embeddable":true,"href":"https:\/\/ifoffice.pt\/index.php?rest_route=%2Fwp%2Fv2%2Fproduct_tag&post=112047"}],"curies":[{"name":"wp","href":"https:\/\/api.w.org\/{rel}","templated":true}]}}