{"id":112046,"date":"2023-03-07T11:47:23","date_gmt":"2023-03-07T11:47:23","guid":{"rendered":"https:\/\/ifoffice.pt\/?post_type=product&#038;p=112046"},"modified":"2025-03-12T12:42:49","modified_gmt":"2025-03-12T12:42:49","slug":"roller-gel-pentel-kl257-hyperg-retractil-vermelho","status":"publish","type":"product","link":"https:\/\/ifoffice.pt\/?product=roller-gel-pentel-kl257-hyperg-retractil-vermelho","title":{"rendered":"Roller gel pentel kl257 hyperg retractil vermelho"},"content":{"rendered":"<p>UTILIZA A MELHOR QUALIDADE DE TINTA GEL, PROPORCIONANDO ULTRA SUAVIDADE E UTILIZA A MELHOR QUALIDADE DE TINTA GEL, PROPORCIONANDO ULTRA SUAVIDADE E R\u00c1PIDA SECAGEM SEM MANCHAR. PERMANENTE, \u00c0 PROVA DE \u00c1GUA E ESCREVE SEM PERDER INTENSIDADE, O QUE \u00c9 PERFEITO PARA CHEQUES, CONTRATOS E OUTROS DOCUMENTOS IMPORTANTES. SOFISTICADO DESIGN. 600 METROS DE DIST\u00c2NCIA DE ESCRITA. TRA\u00c7O DE 0,7 MM.<\/p>\n","protected":false},"excerpt":{"rendered":"<p>PACK DE 12 UNIDADES<\/p>\n","protected":false},"featured_media":123330,"comment_status":"open","ping_status":"closed","template":"","meta":{"neve_meta_sidebar":"","neve_meta_container":"","neve_meta_enable_content_width":"","neve_meta_content_width":0,"neve_meta_title_alignment":"","neve_meta_author_avatar":"","neve_post_elements_order":"","neve_meta_disable_header":"","neve_meta_disable_footer":"","neve_meta_disable_title":""},"product_brand":[],"product_cat":[1767],"product_tag":[],"class_list":{"0":"post-112046","1":"product","2":"type-product","3":"status-publish","4":"has-post-thumbnail","6":"product_cat-marcadores-roller","8":"first","9":"outofstock","10":"taxable","11":"shipping-taxable","12":"purchasable","13":"product-type-simple"},"_links":{"self":[{"href":"https:\/\/ifoffice.pt\/index.php?rest_route=\/wp\/v2\/product\/112046","targetHints":{"allow":["GET"]}}],"collection":[{"href":"https:\/\/ifoffice.pt\/index.php?rest_route=\/wp\/v2\/product"}],"about":[{"href":"https:\/\/ifoffice.pt\/index.php?rest_route=\/wp\/v2\/types\/product"}],"replies":[{"embeddable":true,"href":"https:\/\/ifoffice.pt\/index.php?rest_route=%2Fwp%2Fv2%2Fcomments&post=112046"}],"wp:featuredmedia":[{"embeddable":true,"href":"https:\/\/ifoffice.pt\/index.php?rest_route=\/wp\/v2\/media\/123330"}],"wp:attachment":[{"href":"https:\/\/ifoffice.pt\/index.php?rest_route=%2Fwp%2Fv2%2Fmedia&parent=112046"}],"wp:term":[{"taxonomy":"product_brand","embeddable":true,"href":"https:\/\/ifoffice.pt\/index.php?rest_route=%2Fwp%2Fv2%2Fproduct_brand&post=112046"},{"taxonomy":"product_cat","embeddable":true,"href":"https:\/\/ifoffice.pt\/index.php?rest_route=%2Fwp%2Fv2%2Fproduct_cat&post=112046"},{"taxonomy":"product_tag","embeddable":true,"href":"https:\/\/ifoffice.pt\/index.php?rest_route=%2Fwp%2Fv2%2Fproduct_tag&post=112046"}],"curies":[{"name":"wp","href":"https:\/\/api.w.org\/{rel}","templated":true}]}}