{"id":111962,"date":"2023-03-07T11:46:23","date_gmt":"2023-03-07T11:46:23","guid":{"rendered":"https:\/\/ifoffice.pt\/?post_type=product&#038;p=111962"},"modified":"2025-03-12T12:42:29","modified_gmt":"2025-03-12T12:42:29","slug":"quadro-branco-nobo-impression-pro-cristal-57-magnetica-1260x711-mm","status":"publish","type":"product","link":"https:\/\/ifoffice.pt\/?product=quadro-branco-nobo-impression-pro-cristal-57-magnetica-1260x711-mm","title":{"rendered":"Quadro branco nobo impression pro cristal 57&#8243; magnetica 1260&#215;711 mm"},"content":{"rendered":"<p>Superf\u00edcie do quadro branco magn\u00e9tico de vidro temperado com boa capacidade de apagamento para uso frequente. O formato panor\u00e2mico oferece um formato mais acess\u00edvel e uma superf\u00edcie de escrita expansiva. Desenho contempor\u00e2neo sem moldura e elegante que maximiza o espa\u00e7o de escrita. Desenho alternativo com bandeja de caneta oculta \u00fanica e cantos redondos. Caneta de quadro branco e \u00edmanes inclu\u00eddos.<\/p>\n","protected":false},"excerpt":{"rendered":"<p>Superf\u00edcie do quadro branco magn\u00e9tico de vidro temperado com boa capacidade de apagamento para uso frequente. O formato panor\u00e2mico oferece um formato mais acess\u00edvel e uma superf\u00edcie de escrita expansiva. Desenho contempor\u00e2neo sem moldura e elegante que maximiza o espa\u00e7o de escrita. Desenho alternativo com bandeja de caneta oculta \u00fanica e cantos redondos. Caneta de quadro branco e \u00edmanes inclu\u00eddos.<\/p>\n","protected":false},"featured_media":113930,"comment_status":"open","ping_status":"closed","template":"","meta":{"neve_meta_sidebar":"","neve_meta_container":"","neve_meta_enable_content_width":"","neve_meta_content_width":0,"neve_meta_title_alignment":"","neve_meta_author_avatar":"","neve_post_elements_order":"","neve_meta_disable_header":"","neve_meta_disable_footer":"","neve_meta_disable_title":""},"product_brand":[],"product_cat":[1863],"product_tag":[],"class_list":{"0":"post-111962","1":"product","2":"type-product","3":"status-publish","4":"has-post-thumbnail","6":"product_cat-quadros-brancos","8":"first","9":"outofstock","10":"taxable","11":"shipping-taxable","12":"purchasable","13":"product-type-simple"},"_links":{"self":[{"href":"https:\/\/ifoffice.pt\/index.php?rest_route=\/wp\/v2\/product\/111962","targetHints":{"allow":["GET"]}}],"collection":[{"href":"https:\/\/ifoffice.pt\/index.php?rest_route=\/wp\/v2\/product"}],"about":[{"href":"https:\/\/ifoffice.pt\/index.php?rest_route=\/wp\/v2\/types\/product"}],"replies":[{"embeddable":true,"href":"https:\/\/ifoffice.pt\/index.php?rest_route=%2Fwp%2Fv2%2Fcomments&post=111962"}],"wp:featuredmedia":[{"embeddable":true,"href":"https:\/\/ifoffice.pt\/index.php?rest_route=\/wp\/v2\/media\/113930"}],"wp:attachment":[{"href":"https:\/\/ifoffice.pt\/index.php?rest_route=%2Fwp%2Fv2%2Fmedia&parent=111962"}],"wp:term":[{"taxonomy":"product_brand","embeddable":true,"href":"https:\/\/ifoffice.pt\/index.php?rest_route=%2Fwp%2Fv2%2Fproduct_brand&post=111962"},{"taxonomy":"product_cat","embeddable":true,"href":"https:\/\/ifoffice.pt\/index.php?rest_route=%2Fwp%2Fv2%2Fproduct_cat&post=111962"},{"taxonomy":"product_tag","embeddable":true,"href":"https:\/\/ifoffice.pt\/index.php?rest_route=%2Fwp%2Fv2%2Fproduct_tag&post=111962"}],"curies":[{"name":"wp","href":"https:\/\/api.w.org\/{rel}","templated":true}]}}