{"id":111956,"date":"2023-03-07T11:46:19","date_gmt":"2023-03-07T11:46:19","guid":{"rendered":"https:\/\/ifoffice.pt\/?post_type=product&#038;p=111956"},"modified":"2026-02-23T13:16:29","modified_gmt":"2026-02-23T13:16:29","slug":"puzzle-goula-infantil-duo-1-10","status":"publish","type":"product","link":"https:\/\/ifoffice.pt\/?product=puzzle-goula-infantil-duo-1-10","title":{"rendered":"Puzzle goula infantil duo 1-10"},"content":{"rendered":"<p>APRENDE A CONTAR DE 1 A 10 COM ESTE PUZZLE DE METADES. ASSOCIA AS PE\u00c7AS PELA  FORMA OU QUANTIDADES OU CORES OU ANIMAIS. PUZZLE AUTO CORRETIVO. NENHUMA  PE\u00c7A ENCAIXA COM OUTRA PELA SUA FORMA. N\u00c3O PODES ENGANAR-TE! DESENVOLVE  A CAPACIDADE DE RELACIONAR CORES, ANIMAIS, N\u00daMEROS, FORMAS. DESENVOLVE A  DESTREZA MANUAL E A COORDENA\u00c7\u00c3O OLHO\/M\u00c3O. MEDIDAS: 21 X 7,5 X 17 CM.<\/p>\n","protected":false},"excerpt":{"rendered":"<p>Puzzle goula infantil duo 1-10<\/p>\n","protected":false},"featured_media":119957,"comment_status":"open","ping_status":"closed","template":"","meta":{"neve_meta_sidebar":"","neve_meta_container":"","neve_meta_enable_content_width":"","neve_meta_content_width":0,"neve_meta_title_alignment":"","neve_meta_author_avatar":"","neve_post_elements_order":"","neve_meta_disable_header":"","neve_meta_disable_footer":"","neve_meta_disable_title":""},"product_brand":[],"product_cat":[1916],"product_tag":[2880],"class_list":{"0":"post-111956","1":"product","2":"type-product","3":"status-publish","4":"has-post-thumbnail","6":"product_cat-puzzles-e-quebra-cabecas","7":"product_tag-escolar2023","9":"first","10":"instock","11":"sale","12":"taxable","13":"shipping-taxable","14":"purchasable","15":"product-type-simple"},"_links":{"self":[{"href":"https:\/\/ifoffice.pt\/index.php?rest_route=\/wp\/v2\/product\/111956","targetHints":{"allow":["GET"]}}],"collection":[{"href":"https:\/\/ifoffice.pt\/index.php?rest_route=\/wp\/v2\/product"}],"about":[{"href":"https:\/\/ifoffice.pt\/index.php?rest_route=\/wp\/v2\/types\/product"}],"replies":[{"embeddable":true,"href":"https:\/\/ifoffice.pt\/index.php?rest_route=%2Fwp%2Fv2%2Fcomments&post=111956"}],"wp:featuredmedia":[{"embeddable":true,"href":"https:\/\/ifoffice.pt\/index.php?rest_route=\/wp\/v2\/media\/119957"}],"wp:attachment":[{"href":"https:\/\/ifoffice.pt\/index.php?rest_route=%2Fwp%2Fv2%2Fmedia&parent=111956"}],"wp:term":[{"taxonomy":"product_brand","embeddable":true,"href":"https:\/\/ifoffice.pt\/index.php?rest_route=%2Fwp%2Fv2%2Fproduct_brand&post=111956"},{"taxonomy":"product_cat","embeddable":true,"href":"https:\/\/ifoffice.pt\/index.php?rest_route=%2Fwp%2Fv2%2Fproduct_cat&post=111956"},{"taxonomy":"product_tag","embeddable":true,"href":"https:\/\/ifoffice.pt\/index.php?rest_route=%2Fwp%2Fv2%2Fproduct_tag&post=111956"}],"curies":[{"name":"wp","href":"https:\/\/api.w.org\/{rel}","templated":true}]}}