{"id":111755,"date":"2023-03-07T11:43:07","date_gmt":"2023-03-07T11:43:07","guid":{"rendered":"https:\/\/ifoffice.pt\/?post_type=product&#038;p=111755"},"modified":"2025-03-12T12:41:27","modified_gmt":"2025-03-12T12:41:27","slug":"jogo-diset-didatico-topecolor","status":"publish","type":"product","link":"https:\/\/ifoffice.pt\/?product=jogo-diset-didatico-topecolor","title":{"rendered":"Jogo diset didatico topecolor"},"content":{"rendered":"<p>DOMIN\u00d3 DE MADEIRA DE FAIA E SERIGRAFADO, PE\u00c7AS DE 7 X 3,5 CM. INICIA\u00c7\u00c3O AOS  N\u00daMEROS DE 1 A 6. CONT\u00c9M SACO DE TELA PARA GUARDAR O PRODUTO. A PARTIR DE 1  ANO. 1 OU MAIS JOGADORES. MEDIDAS: 21 X 17 X 7,5 CM.<\/p>\n","protected":false},"excerpt":{"rendered":"<p>DOMIN\u00d3 DE MADEIRA DE FAIA E SERIGRAFADO, PE\u00c7AS DE 7 X 3,5 CM. INICIA\u00c7\u00c3O AOS N\u00daMEROS DE 1 A 6. CONT\u00c9M SACO DE TELA PARA GUARDAR O PRODUTO. A PARTIR DE 1 ANO. 1 OU MAIS JOGADORES. MEDIDAS: 21 X 17 X 7,5 CM.<\/p>\n","protected":false},"featured_media":122218,"comment_status":"open","ping_status":"closed","template":"","meta":{"neve_meta_sidebar":"","neve_meta_container":"","neve_meta_enable_content_width":"","neve_meta_content_width":0,"neve_meta_title_alignment":"","neve_meta_author_avatar":"","neve_post_elements_order":"","neve_meta_disable_header":"","neve_meta_disable_footer":"","neve_meta_disable_title":""},"product_brand":[],"product_cat":[1850],"product_tag":[2880],"class_list":{"0":"post-111755","1":"product","2":"type-product","3":"status-publish","4":"has-post-thumbnail","6":"product_cat-jogos-didacticos","7":"product_tag-escolar2023","9":"first","10":"outofstock","11":"sale","12":"taxable","13":"shipping-taxable","14":"purchasable","15":"product-type-simple"},"_links":{"self":[{"href":"https:\/\/ifoffice.pt\/index.php?rest_route=\/wp\/v2\/product\/111755","targetHints":{"allow":["GET"]}}],"collection":[{"href":"https:\/\/ifoffice.pt\/index.php?rest_route=\/wp\/v2\/product"}],"about":[{"href":"https:\/\/ifoffice.pt\/index.php?rest_route=\/wp\/v2\/types\/product"}],"replies":[{"embeddable":true,"href":"https:\/\/ifoffice.pt\/index.php?rest_route=%2Fwp%2Fv2%2Fcomments&post=111755"}],"wp:featuredmedia":[{"embeddable":true,"href":"https:\/\/ifoffice.pt\/index.php?rest_route=\/wp\/v2\/media\/122218"}],"wp:attachment":[{"href":"https:\/\/ifoffice.pt\/index.php?rest_route=%2Fwp%2Fv2%2Fmedia&parent=111755"}],"wp:term":[{"taxonomy":"product_brand","embeddable":true,"href":"https:\/\/ifoffice.pt\/index.php?rest_route=%2Fwp%2Fv2%2Fproduct_brand&post=111755"},{"taxonomy":"product_cat","embeddable":true,"href":"https:\/\/ifoffice.pt\/index.php?rest_route=%2Fwp%2Fv2%2Fproduct_cat&post=111755"},{"taxonomy":"product_tag","embeddable":true,"href":"https:\/\/ifoffice.pt\/index.php?rest_route=%2Fwp%2Fv2%2Fproduct_tag&post=111755"}],"curies":[{"name":"wp","href":"https:\/\/api.w.org\/{rel}","templated":true}]}}