{"id":111754,"date":"2023-03-07T11:43:07","date_gmt":"2023-03-07T11:43:07","guid":{"rendered":"https:\/\/ifoffice.pt\/?post_type=product&#038;p=111754"},"modified":"2026-02-23T13:15:29","modified_gmt":"2026-02-23T13:15:29","slug":"jogo-diset-didatico-magnetics-vestir-menino-menina","status":"publish","type":"product","link":"https:\/\/ifoffice.pt\/?product=jogo-diset-didatico-magnetics-vestir-menino-menina","title":{"rendered":"Jogo diset didatico magnetics vestir menino &#8211; menina"},"content":{"rendered":"<p>JOGO MAGN\u00c9TICO PARA MENINOS E MENINAS. O JOGO CONSISTE EM COMBINAR  AS DIFERENTES PE\u00c7AS MAGN\u00c9TICAS PARA VESTIR O MENINO E A MENINA COM  DIFERENTES CONJUNTOS. VALOR EDUCATIVO: OS MENINOS APRENDEM A RECONHECER  AS DIFERENTES PE\u00c7AS DE ROUPA E A COLOC\u00c1-LAS NA PARTE DO CORPO ADEQUADO E  A DIFERENCIAR ROUPAS DE VER\u00c3O\/INVERNO. POSSIBILIDADE DE INTERCAMBIAR PE\u00c7AS  PARA CRIAR INFINITAS COMBINA\u00c7\u00d5ES, INCENTIVANDO A IMAGINA\u00c7\u00c3O. MEDIDAS: 26,20  X 5,20 X 33,2 CM.<\/p>\n","protected":false},"excerpt":{"rendered":"<p>Jogo diset didatico magnetics vestir menino &#8211; menina<\/p>\n","protected":false},"featured_media":119621,"comment_status":"open","ping_status":"closed","template":"","meta":{"neve_meta_sidebar":"","neve_meta_container":"","neve_meta_enable_content_width":"","neve_meta_content_width":0,"neve_meta_title_alignment":"","neve_meta_author_avatar":"","neve_post_elements_order":"","neve_meta_disable_header":"","neve_meta_disable_footer":"","neve_meta_disable_title":""},"product_brand":[],"product_cat":[1850],"product_tag":[2880],"class_list":{"0":"post-111754","1":"product","2":"type-product","3":"status-publish","4":"has-post-thumbnail","6":"product_cat-jogos-didacticos","7":"product_tag-escolar2023","9":"first","10":"instock","11":"sale","12":"taxable","13":"shipping-taxable","14":"purchasable","15":"product-type-simple"},"_links":{"self":[{"href":"https:\/\/ifoffice.pt\/index.php?rest_route=\/wp\/v2\/product\/111754","targetHints":{"allow":["GET"]}}],"collection":[{"href":"https:\/\/ifoffice.pt\/index.php?rest_route=\/wp\/v2\/product"}],"about":[{"href":"https:\/\/ifoffice.pt\/index.php?rest_route=\/wp\/v2\/types\/product"}],"replies":[{"embeddable":true,"href":"https:\/\/ifoffice.pt\/index.php?rest_route=%2Fwp%2Fv2%2Fcomments&post=111754"}],"wp:featuredmedia":[{"embeddable":true,"href":"https:\/\/ifoffice.pt\/index.php?rest_route=\/wp\/v2\/media\/119621"}],"wp:attachment":[{"href":"https:\/\/ifoffice.pt\/index.php?rest_route=%2Fwp%2Fv2%2Fmedia&parent=111754"}],"wp:term":[{"taxonomy":"product_brand","embeddable":true,"href":"https:\/\/ifoffice.pt\/index.php?rest_route=%2Fwp%2Fv2%2Fproduct_brand&post=111754"},{"taxonomy":"product_cat","embeddable":true,"href":"https:\/\/ifoffice.pt\/index.php?rest_route=%2Fwp%2Fv2%2Fproduct_cat&post=111754"},{"taxonomy":"product_tag","embeddable":true,"href":"https:\/\/ifoffice.pt\/index.php?rest_route=%2Fwp%2Fv2%2Fproduct_tag&post=111754"}],"curies":[{"name":"wp","href":"https:\/\/api.w.org\/{rel}","templated":true}]}}