{"id":111709,"date":"2023-03-07T11:42:23","date_gmt":"2023-03-07T11:42:23","guid":{"rendered":"https:\/\/ifoffice.pt\/?post_type=product&#038;p=111709"},"modified":"2026-02-23T13:12:17","modified_gmt":"2026-02-23T13:12:17","slug":"filamento-3d-colido-gold-pla-175-mm-1-kg-castanho","status":"publish","type":"product","link":"https:\/\/ifoffice.pt\/?product=filamento-3d-colido-gold-pla-175-mm-1-kg-castanho","title":{"rendered":"Filamento 3d colido gold pla 1,75 mm 1 kg castanho"},"content":{"rendered":"<p>Filamento PLA (\u00c1cido Poli\u00e1ctico) exclusivo cuja a qualidade o coloca \u00e0 frente da concorr\u00eancia. Indicado para projetos finais que queiram conseguir um toque de distin\u00e7\u00e3o. Termopl\u00e1stico ideal para a impress\u00e3o 3D gra\u00e7as \u00e0s propriedades mec\u00e2nicas e \u00e0 sua temperatura de fus\u00e3o, por volta dos 1500C. Submetido a um restrito controlo de produ\u00e7\u00e3o que assegura a mais alta qualidade, com um di\u00e2metro est\u00e1vel em toda a bobina certificado mil\u00edmetro a mil\u00edmetro por um exaustivo e exclusivo test laser. Filamento &#8216;bubble free&#8217;, pelo que os acabamentos das impress\u00f5es n\u00e3o apresentar\u00e3o irregularidades na sua superf\u00edcie. Ader\u00eancia \u00e0 plataforma de produ\u00e7\u00e3o sem adicionar qu\u00edmicos, gra\u00e7as \u00e0 base de vidro patenteada. Biodegrad\u00e1vel. Espessura do filamento: 1,75 mm. Bobina de 1 kg. Cor castanho.<\/p>\n","protected":false},"excerpt":{"rendered":"<p>Filamento 3d colido gold pla 1,75 mm 1 kg castanho<\/p>\n","protected":false},"featured_media":132522,"comment_status":"open","ping_status":"closed","template":"","meta":{"neve_meta_sidebar":"","neve_meta_container":"","neve_meta_enable_content_width":"","neve_meta_content_width":0,"neve_meta_title_alignment":"","neve_meta_author_avatar":"","neve_post_elements_order":"","neve_meta_disable_header":"","neve_meta_disable_footer":"","neve_meta_disable_title":""},"product_brand":[],"product_cat":[1944],"product_tag":[],"class_list":{"0":"post-111709","1":"product","2":"type-product","3":"status-publish","4":"has-post-thumbnail","6":"product_cat-consumiveis-impressoras-3d","8":"first","9":"instock","10":"taxable","11":"shipping-taxable","12":"purchasable","13":"product-type-simple"},"_links":{"self":[{"href":"https:\/\/ifoffice.pt\/index.php?rest_route=\/wp\/v2\/product\/111709","targetHints":{"allow":["GET"]}}],"collection":[{"href":"https:\/\/ifoffice.pt\/index.php?rest_route=\/wp\/v2\/product"}],"about":[{"href":"https:\/\/ifoffice.pt\/index.php?rest_route=\/wp\/v2\/types\/product"}],"replies":[{"embeddable":true,"href":"https:\/\/ifoffice.pt\/index.php?rest_route=%2Fwp%2Fv2%2Fcomments&post=111709"}],"wp:featuredmedia":[{"embeddable":true,"href":"https:\/\/ifoffice.pt\/index.php?rest_route=\/wp\/v2\/media\/132522"}],"wp:attachment":[{"href":"https:\/\/ifoffice.pt\/index.php?rest_route=%2Fwp%2Fv2%2Fmedia&parent=111709"}],"wp:term":[{"taxonomy":"product_brand","embeddable":true,"href":"https:\/\/ifoffice.pt\/index.php?rest_route=%2Fwp%2Fv2%2Fproduct_brand&post=111709"},{"taxonomy":"product_cat","embeddable":true,"href":"https:\/\/ifoffice.pt\/index.php?rest_route=%2Fwp%2Fv2%2Fproduct_cat&post=111709"},{"taxonomy":"product_tag","embeddable":true,"href":"https:\/\/ifoffice.pt\/index.php?rest_route=%2Fwp%2Fv2%2Fproduct_tag&post=111709"}],"curies":[{"name":"wp","href":"https:\/\/api.w.org\/{rel}","templated":true}]}}