{"id":111539,"date":"2023-03-07T11:39:44","date_gmt":"2023-03-07T11:39:44","guid":{"rendered":"https:\/\/ifoffice.pt\/?post_type=product&#038;p=111539"},"modified":"2026-02-23T12:59:15","modified_gmt":"2026-02-23T12:59:15","slug":"auriculares-kensington-hi-fi-com-microfone-cabo-usb-182-cm","status":"publish","type":"product","link":"https:\/\/ifoffice.pt\/?product=auriculares-kensington-hi-fi-com-microfone-cabo-usb-182-cm","title":{"rendered":"Auriculares kensington hi-fi com microfone cabo usb 182 cm"},"content":{"rendered":"<p>Diadema ajust\u00e1vel e acolchoado, o microfone flex\u00edvel que pode girar 270 graus e as almofadas de espuma para os ouvidos est\u00e3o cobertas por uma suave cobertura de couro sint\u00e9tico para oferecer conforto. Microfone com cancelamento de ru\u00eddo ambiental que oferece uma voz clara. O cabo USB de 182 cm apresenta o comprimento ideal para ambientes de aprendizagem e \u00e9 resistente para suportar um uso intensivo. A compatibilidade permite que funcionem com dispositivos Windows, Mac e Chromebook. O limite de seguran\u00e7a de som estabelece a sa\u00edda m\u00e1xima em 94 db para proteger os ouvidos da perda auditiva associada \u00e0 exposi\u00e7\u00e3o de ru\u00eddos excessivamente altos.<\/p>\n","protected":false},"excerpt":{"rendered":"<p>Auriculares kensington hi-fi com microfone cabo usb 182 cm<\/p>\n","protected":false},"featured_media":114484,"comment_status":"open","ping_status":"closed","template":"","meta":{"neve_meta_sidebar":"","neve_meta_container":"","neve_meta_enable_content_width":"","neve_meta_content_width":0,"neve_meta_title_alignment":"","neve_meta_author_avatar":"","neve_post_elements_order":"","neve_meta_disable_header":"","neve_meta_disable_footer":"","neve_meta_disable_title":""},"product_brand":[],"product_cat":[1805],"product_tag":[],"class_list":{"0":"post-111539","1":"product","2":"type-product","3":"status-publish","4":"has-post-thumbnail","6":"product_cat-colunas-microfones-webcam","8":"first","9":"instock","10":"taxable","11":"shipping-taxable","12":"purchasable","13":"product-type-simple"},"_links":{"self":[{"href":"https:\/\/ifoffice.pt\/index.php?rest_route=\/wp\/v2\/product\/111539","targetHints":{"allow":["GET"]}}],"collection":[{"href":"https:\/\/ifoffice.pt\/index.php?rest_route=\/wp\/v2\/product"}],"about":[{"href":"https:\/\/ifoffice.pt\/index.php?rest_route=\/wp\/v2\/types\/product"}],"replies":[{"embeddable":true,"href":"https:\/\/ifoffice.pt\/index.php?rest_route=%2Fwp%2Fv2%2Fcomments&post=111539"}],"wp:featuredmedia":[{"embeddable":true,"href":"https:\/\/ifoffice.pt\/index.php?rest_route=\/wp\/v2\/media\/114484"}],"wp:attachment":[{"href":"https:\/\/ifoffice.pt\/index.php?rest_route=%2Fwp%2Fv2%2Fmedia&parent=111539"}],"wp:term":[{"taxonomy":"product_brand","embeddable":true,"href":"https:\/\/ifoffice.pt\/index.php?rest_route=%2Fwp%2Fv2%2Fproduct_brand&post=111539"},{"taxonomy":"product_cat","embeddable":true,"href":"https:\/\/ifoffice.pt\/index.php?rest_route=%2Fwp%2Fv2%2Fproduct_cat&post=111539"},{"taxonomy":"product_tag","embeddable":true,"href":"https:\/\/ifoffice.pt\/index.php?rest_route=%2Fwp%2Fv2%2Fproduct_tag&post=111539"}],"curies":[{"name":"wp","href":"https:\/\/api.w.org\/{rel}","templated":true}]}}